{"id":751941,"date":"2025-08-28T05:02:34","date_gmt":"2025-08-28T02:02:34","guid":{"rendered":"https:\/\/roveyayinevi.com.tr\/index.php\/urun\/hayatin-icinden-fikralar\/"},"modified":"2026-04-16T03:05:29","modified_gmt":"2026-04-16T00:05:29","slug":"hayatin-icinden-fikralar","status":"publish","type":"product","link":"https:\/\/roveyayinevi.com.tr\/index.php\/urun\/hayatin-icinden-fikralar\/","title":{"rendered":"Hayat\u0131n \u0130\u00e7inden F\u0131kralar"},"content":{"rendered":"<p>F\u0131kralar sohbetin ne\u015fesi, tad\u0131 tuzudur. Zor bir konuyu anlat\u0131rken, f\u0131kralar bize keyifli bir \u015fekilde yard\u0131m eder. G\u00fcnl\u00fck hayat\u0131n i\u00e7inde f\u0131kraya konu olacak olaylarla kar\u015f\u0131la\u015f\u0131r\u0131z. E\u011fer mizah k\u00fclt\u00fcr\u00fcm\u00fcz varsa bu f\u0131kralar\u0131n fark\u0131na var\u0131r\u0131z. F\u0131kralar\u0131 okurken kafan\u0131zda bir dima\u011f lezzeti, y\u00fcz\u00fcn\u00fczde tatl\u0131 bir tebess\u00fcm hissedersiniz. Ben yazarken keyif ald\u0131m. \u00d6yle inan\u0131yorum ki siz de okurken keyif alacaks\u0131n\u0131z.   <\/p>\n","protected":false},"excerpt":{"rendered":"<p>F\u0131kralar sohbetin ne\u015fesi, tad\u0131 tuzudur. Zor bir konuyu anlat\u0131rken, f\u0131kralar bize keyifli bir \u015fekilde yard\u0131m eder. G\u00fcnl\u00fck hayat\u0131n i\u00e7inde f\u0131kraya konu olacak olaylarla kar\u015f\u0131la\u015f\u0131r\u0131z. E\u011fer mizah<span class=\"excerpt-hellip\"> [\u2026]<\/span><\/p>\n","protected":false},"featured_media":0,"template":"","meta":{"_monsterinsights_skip_tracking":false,"_monsterinsights_sitenote_active":false,"_monsterinsights_sitenote_note":"","_monsterinsights_sitenote_category":0},"product_brand":[],"product_cat":[12291,103133],"product_tag":[],"class_list":{"0":"post-751941","1":"product","2":"type-product","3":"status-publish","5":"product_cat-edebiyat","6":"product_cat-fikra","7":"pa_cilt-ciltsiz","8":"pa_tur-kitap","9":"pa_yayinevi-gulnar-yayinlari","10":"pa_yazar-durdu-gunes","12":"first","13":"instock","14":"sale","15":"shipping-taxable","16":"purchasable","17":"product-type-simple"},"_links":{"self":[{"href":"https:\/\/roveyayinevi.com.tr\/index.php\/wp-json\/wp\/v2\/product\/751941","targetHints":{"allow":["GET"]}}],"collection":[{"href":"https:\/\/roveyayinevi.com.tr\/index.php\/wp-json\/wp\/v2\/product"}],"about":[{"href":"https:\/\/roveyayinevi.com.tr\/index.php\/wp-json\/wp\/v2\/types\/product"}],"wp:attachment":[{"href":"https:\/\/roveyayinevi.com.tr\/index.php\/wp-json\/wp\/v2\/media?parent=751941"}],"wp:term":[{"taxonomy":"product_brand","embeddable":true,"href":"https:\/\/roveyayinevi.com.tr\/index.php\/wp-json\/wp\/v2\/product_brand?post=751941"},{"taxonomy":"product_cat","embeddable":true,"href":"https:\/\/roveyayinevi.com.tr\/index.php\/wp-json\/wp\/v2\/product_cat?post=751941"},{"taxonomy":"product_tag","embeddable":true,"href":"https:\/\/roveyayinevi.com.tr\/index.php\/wp-json\/wp\/v2\/product_tag?post=751941"}],"curies":[{"name":"wp","href":"https:\/\/api.w.org\/{rel}","templated":true}]}}