{"id":751940,"date":"2025-08-28T05:02:32","date_gmt":"2025-08-28T02:02:32","guid":{"rendered":"https:\/\/roveyayinevi.com.tr\/index.php\/urun\/iyi-kiz-olume-cok-yakin\/"},"modified":"2026-04-16T03:05:29","modified_gmt":"2026-04-16T00:05:29","slug":"iyi-kiz-olume-cok-yakin","status":"publish","type":"product","link":"https:\/\/roveyayinevi.com.tr\/index.php\/urun\/iyi-kiz-olume-cok-yakin\/","title":{"rendered":"\u0130yi K\u0131z \u00d6l\u00fcme \u00c7ok Yak\u0131n"},"content":{"rendered":"<p>\u201c\u0130yi k\u0131zlar her zaman d\u00fc\u015f\u00fcnd\u00fc\u011f\u00fcn\u00fcz gibi de\u011fildir&#8230;\u201d  Pip Fitz-Amobi son soru\u015fturmas\u0131n\u0131n etkisinden h\u00e2l\u00e2 kurtulamam\u0131\u015fken yeniden bir vakayla kar\u015f\u0131 kar\u015f\u0131ya kal\u0131r. Bu sefer birisi onun pe\u015findedir. Birisi s\u00fcrekli ona \u00fcst\u00fc kapal\u0131 tehdit i\u00e7eren mesajlar g\u00f6ndermektedir: Kaybolan sen oldu\u011funda seni kim arayacak? Tehditler artar ve Pip ger\u00e7ekten de kendisini takip eden biri oldu\u011funu fark eder. Sonra da pe\u015findeki ki\u015fi ile alt\u0131 y\u0131l \u00f6nce ayn\u0131 b\u00f6lgede yakalanan bir seri katil aras\u0131nda benzerlikler bulmaya ba\u015flar. Pip kendini kurtarmak i\u00e7in daha \u00f6nce hi\u00e7 olmad\u0131\u011f\u0131 kadar m\u00fccadele etmek zorunda kalacak, hi\u00e7 d\u00fc\u015f\u00fcnmedi\u011fi bir yola girmeyi se\u00e7ecektir. Bu, hayat\u0131n\u0131n en \u00f6nemli ve ayn\u0131 zamanda son soru\u015fturmas\u0131d\u0131r. Her ne olursa olsun, Pip\u2019in iyi k\u0131z g\u00fcnleri sona ermek \u00fczeredir. Holly Jackson, \u0130yi Bir K\u0131z\u0131n Cinayet Rehberi serisinin meraklabeklenen bu son kitab\u0131nda yine s\u00fcr\u00fckleyici, korkutucu ve unutulmaz bir olay \u00f6rg\u00fcs\u00fc sunuyor.<\/p>\n","protected":false},"excerpt":{"rendered":"<p>\u201c\u0130yi k\u0131zlar her zaman d\u00fc\u015f\u00fcnd\u00fc\u011f\u00fcn\u00fcz gibi de\u011fildir&#8230;\u201d Pip Fitz-Amobi son soru\u015fturmas\u0131n\u0131n etkisinden h\u00e2l\u00e2 kurtulamam\u0131\u015fken yeniden bir vakayla kar\u015f\u0131 kar\u015f\u0131ya kal\u0131r. Bu sefer birisi onun pe\u015findedir. Birisi<span class=\"excerpt-hellip\"> [\u2026]<\/span><\/p>\n","protected":false},"featured_media":0,"template":"","meta":{"_monsterinsights_skip_tracking":false,"_monsterinsights_sitenote_active":false,"_monsterinsights_sitenote_note":"","_monsterinsights_sitenote_category":0},"product_brand":[],"product_cat":[12291,12711],"product_tag":[],"class_list":{"0":"post-751940","1":"product","2":"type-product","3":"status-publish","5":"product_cat-edebiyat","6":"product_cat-roman-oyku","7":"pa_cilt-ciltsiz","8":"pa_tur-kitap","9":"pa_yayinevi-epsilon-yayinlari","10":"pa_yazar-holly-jackson","12":"first","13":"instock","14":"sale","15":"shipping-taxable","16":"purchasable","17":"product-type-simple"},"_links":{"self":[{"href":"https:\/\/roveyayinevi.com.tr\/index.php\/wp-json\/wp\/v2\/product\/751940","targetHints":{"allow":["GET"]}}],"collection":[{"href":"https:\/\/roveyayinevi.com.tr\/index.php\/wp-json\/wp\/v2\/product"}],"about":[{"href":"https:\/\/roveyayinevi.com.tr\/index.php\/wp-json\/wp\/v2\/types\/product"}],"wp:attachment":[{"href":"https:\/\/roveyayinevi.com.tr\/index.php\/wp-json\/wp\/v2\/media?parent=751940"}],"wp:term":[{"taxonomy":"product_brand","embeddable":true,"href":"https:\/\/roveyayinevi.com.tr\/index.php\/wp-json\/wp\/v2\/product_brand?post=751940"},{"taxonomy":"product_cat","embeddable":true,"href":"https:\/\/roveyayinevi.com.tr\/index.php\/wp-json\/wp\/v2\/product_cat?post=751940"},{"taxonomy":"product_tag","embeddable":true,"href":"https:\/\/roveyayinevi.com.tr\/index.php\/wp-json\/wp\/v2\/product_tag?post=751940"}],"curies":[{"name":"wp","href":"https:\/\/api.w.org\/{rel}","templated":true}]}}