{"id":751938,"date":"2025-08-28T05:02:29","date_gmt":"2025-08-28T02:02:29","guid":{"rendered":"https:\/\/roveyayinevi.com.tr\/index.php\/urun\/nayino\/"},"modified":"2026-04-16T03:05:29","modified_gmt":"2026-04-16T00:05:29","slug":"nayino","status":"publish","type":"product","link":"https:\/\/roveyayinevi.com.tr\/index.php\/urun\/nayino\/","title":{"rendered":"Nayino"},"content":{"rendered":"<p>\u201cLiman\u0131n yan\u0131nda k\u00fc\u00e7\u00fck koya yana\u015fm\u0131\u015f minik beyaz bir taka. \u00dczerinde mor renkle yaz\u0131lm\u0131\u015f bir kelime. Tam se\u00e7emiyorum. Biraz daha yakla\u015f\u0131nca okuyabiliyorum. \u2018Nayino\u2019. Yani \u2018sevdalum\u2019&#8230;   Yar goynunda elsem, Kefen da istemezdum. U\u00e7 gun sarilu yatsak, Sa\u011fdan sola d\u00f6nmazdum.\u02ee   Bir sevda roman\u0131 Nayino. Y\u0131llar \u00f6nce ya\u015fanan, sebepsiz yere sona eren \u2013sona erdi\u011fi san\u0131lan\u2013 bir sevda. Kurulan yepyeni hayatlar ve bu hayat\u0131n seyrine etki eden \u201cmemleket meseleleri\u02ee. Aradan ge\u00e7en zamanda memlekette bir\u00e7ok olay ya\u015fanm\u0131\u015f, herkes ba\u015fka yerlere savrulmu\u015fken&#8230; Eski sevdan\u0131n k\u00fclleri yeniden alevlenir mi?   Kaya Boztepe, Nayino adl\u0131 roman\u0131nda, kaderini \u00fclkede ya\u015fanan toplumsal olaylar\u0131n ve baz\u0131 k\u00fc\u00e7\u00fck tesad\u00fcflerin belirledi\u011fi bir a\u015fk\u0131n roman\u0131n\u0131 yaz\u0131yor. <\/p>\n","protected":false},"excerpt":{"rendered":"<p>\u201cLiman\u0131n yan\u0131nda k\u00fc\u00e7\u00fck koya yana\u015fm\u0131\u015f minik beyaz bir taka. \u00dczerinde mor renkle yaz\u0131lm\u0131\u015f bir kelime. Tam se\u00e7emiyorum. Biraz daha yakla\u015f\u0131nca okuyabiliyorum. \u2018Nayino\u2019. Yani \u2018sevdalum\u2019&#8230; Yar goynunda<span class=\"excerpt-hellip\"> [\u2026]<\/span><\/p>\n","protected":false},"featured_media":0,"template":"","meta":{"_monsterinsights_skip_tracking":false,"_monsterinsights_sitenote_active":false,"_monsterinsights_sitenote_note":"","_monsterinsights_sitenote_category":0},"product_brand":[],"product_cat":[12291,12711],"product_tag":[],"class_list":{"0":"post-751938","1":"product","2":"type-product","3":"status-publish","5":"product_cat-edebiyat","6":"product_cat-roman-oyku","7":"pa_cilt-ciltsiz","8":"pa_tur-kitap","9":"pa_yayinevi-kirmizi-kedi-yayinevi","10":"pa_yazar-kaya-boztepe","12":"first","13":"instock","14":"sale","15":"shipping-taxable","16":"purchasable","17":"product-type-simple"},"_links":{"self":[{"href":"https:\/\/roveyayinevi.com.tr\/index.php\/wp-json\/wp\/v2\/product\/751938","targetHints":{"allow":["GET"]}}],"collection":[{"href":"https:\/\/roveyayinevi.com.tr\/index.php\/wp-json\/wp\/v2\/product"}],"about":[{"href":"https:\/\/roveyayinevi.com.tr\/index.php\/wp-json\/wp\/v2\/types\/product"}],"wp:attachment":[{"href":"https:\/\/roveyayinevi.com.tr\/index.php\/wp-json\/wp\/v2\/media?parent=751938"}],"wp:term":[{"taxonomy":"product_brand","embeddable":true,"href":"https:\/\/roveyayinevi.com.tr\/index.php\/wp-json\/wp\/v2\/product_brand?post=751938"},{"taxonomy":"product_cat","embeddable":true,"href":"https:\/\/roveyayinevi.com.tr\/index.php\/wp-json\/wp\/v2\/product_cat?post=751938"},{"taxonomy":"product_tag","embeddable":true,"href":"https:\/\/roveyayinevi.com.tr\/index.php\/wp-json\/wp\/v2\/product_tag?post=751938"}],"curies":[{"name":"wp","href":"https:\/\/api.w.org\/{rel}","templated":true}]}}