{"id":751936,"date":"2025-08-28T05:02:25","date_gmt":"2025-08-28T02:02:25","guid":{"rendered":"https:\/\/roveyayinevi.com.tr\/index.php\/urun\/zarif-aci\/"},"modified":"2026-04-16T03:05:29","modified_gmt":"2026-04-16T00:05:29","slug":"zarif-aci","status":"publish","type":"product","link":"https:\/\/roveyayinevi.com.tr\/index.php\/urun\/zarif-aci\/","title":{"rendered":"Zarif Ac\u0131"},"content":{"rendered":"<p>Selvi Uygar, hasretin lirik \u015fairlerinden biridir. \u015eiirlerini tek tek ele ald\u0131\u011f\u0131m\u0131zda kar\u015f\u0131m\u0131za \u00e7\u0131kan en temel unsurlar\u0131n hasret, ayr\u0131l\u0131k, \u00f6zlem oldu\u011funu g\u00f6r\u00fcr\u00fcz. Zaman zaman toplumcu yan\u0131 a\u011f\u0131r basan \u015fiirlere imza atan \u015fairimiz yal\u0131n, net bir dil ile yazmaktad\u0131r \u015fiirlerini. \u015eiirin olmazsa olmaz\u0131 imgeleri yerinde ve zaman\u0131nda kullan\u0131r. Okuyucuyu imge y\u0131\u011f\u0131n\u0131 i\u00e7inde bo\u011fmaz. Duygu ve d\u00fc\u015f\u00fcnce f\u0131rt\u0131nas\u0131n\u0131 ayn\u0131 anda ya\u015fat\u0131r. Okurken d\u00fc\u015f\u00fcn\u00fcr, d\u00fc\u015f\u00fcn\u00fcrken okursunuz. Selvi Uygar i\u00e7in hangi ak\u0131m i\u00e7inde yer al\u0131yor diye d\u00fc\u015f\u00fcnmek anlams\u0131z olur. O kendine \u00f6z var etti\u011fi kendi ak\u0131m\u0131n\u0131n \u00f6nc\u00fcs\u00fcd\u00fcr. Kesinlikle ruhunun sesini, i\u00e7selli\u011fini, musiki tad\u0131nda \u015fiirlerine yans\u0131t\u0131r. Daha ilk m\u0131srada \u015fiirin b\u00fcy\u00fcs\u00fcne kap\u0131lmaktan kendinizi alamazs\u0131n\u0131z.   Erdin\u00e7 Ozan <\/p>\n","protected":false},"excerpt":{"rendered":"<p>Selvi Uygar, hasretin lirik \u015fairlerinden biridir. \u015eiirlerini tek tek ele ald\u0131\u011f\u0131m\u0131zda kar\u015f\u0131m\u0131za \u00e7\u0131kan en temel unsurlar\u0131n hasret, ayr\u0131l\u0131k, \u00f6zlem oldu\u011funu g\u00f6r\u00fcr\u00fcz. Zaman zaman toplumcu yan\u0131 a\u011f\u0131r<span class=\"excerpt-hellip\"> [\u2026]<\/span><\/p>\n","protected":false},"featured_media":0,"template":"","meta":{"_monsterinsights_skip_tracking":false,"_monsterinsights_sitenote_active":false,"_monsterinsights_sitenote_note":"","_monsterinsights_sitenote_category":0},"product_brand":[],"product_cat":[12291,12509],"product_tag":[],"class_list":{"0":"post-751936","1":"product","2":"type-product","3":"status-publish","5":"product_cat-edebiyat","6":"product_cat-siir","7":"pa_cilt-ciltsiz","8":"pa_tur-kitap","9":"pa_yayinevi-us-yayinlari","10":"pa_yazar-selvi-uygar","12":"first","13":"instock","14":"sale","15":"shipping-taxable","16":"purchasable","17":"product-type-simple"},"_links":{"self":[{"href":"https:\/\/roveyayinevi.com.tr\/index.php\/wp-json\/wp\/v2\/product\/751936","targetHints":{"allow":["GET"]}}],"collection":[{"href":"https:\/\/roveyayinevi.com.tr\/index.php\/wp-json\/wp\/v2\/product"}],"about":[{"href":"https:\/\/roveyayinevi.com.tr\/index.php\/wp-json\/wp\/v2\/types\/product"}],"wp:attachment":[{"href":"https:\/\/roveyayinevi.com.tr\/index.php\/wp-json\/wp\/v2\/media?parent=751936"}],"wp:term":[{"taxonomy":"product_brand","embeddable":true,"href":"https:\/\/roveyayinevi.com.tr\/index.php\/wp-json\/wp\/v2\/product_brand?post=751936"},{"taxonomy":"product_cat","embeddable":true,"href":"https:\/\/roveyayinevi.com.tr\/index.php\/wp-json\/wp\/v2\/product_cat?post=751936"},{"taxonomy":"product_tag","embeddable":true,"href":"https:\/\/roveyayinevi.com.tr\/index.php\/wp-json\/wp\/v2\/product_tag?post=751936"}],"curies":[{"name":"wp","href":"https:\/\/api.w.org\/{rel}","templated":true}]}}