{"id":751933,"date":"2025-08-28T05:02:21","date_gmt":"2025-08-28T02:02:21","guid":{"rendered":"https:\/\/roveyayinevi.com.tr\/index.php\/urun\/spor-ve-sosyal-medya-turk-futbolunun-donusumu\/"},"modified":"2026-04-16T03:05:29","modified_gmt":"2026-04-16T00:05:29","slug":"spor-ve-sosyal-medya-turk-futbolunun-donusumu","status":"publish","type":"product","link":"https:\/\/roveyayinevi.com.tr\/index.php\/urun\/spor-ve-sosyal-medya-turk-futbolunun-donusumu\/","title":{"rendered":"Spor ve Sosyal Medya: T\u00fcrk Futbolunun D\u00f6n\u00fc\u015f\u00fcm\u00fc"},"content":{"rendered":"<p>B\u0130R\u0130NC\u0130 B\u00d6L\u00dcM SOSYAL MEDYA KAVRAMI   \u0130K\u0130NC\u0130 B\u00d6L\u00dcM SPOR VE SOSYAL MEDYA \u0130L\u0130\u015eK\u0130S\u0130   \u00dc\u00c7\u00dcNC\u00dc B\u00d6L\u00dcM GERE\u00c7 VE Y\u00d6NTEM   4. BULGULAR   SONU\u00c7 ve \u00d6NER\u0130LER KAYNAK\u00c7A EKLER <\/p>\n","protected":false},"excerpt":{"rendered":"<p>B\u0130R\u0130NC\u0130 B\u00d6L\u00dcM SOSYAL MEDYA KAVRAMI \u0130K\u0130NC\u0130 B\u00d6L\u00dcM SPOR VE SOSYAL MEDYA \u0130L\u0130\u015eK\u0130S\u0130 \u00dc\u00c7\u00dcNC\u00dc B\u00d6L\u00dcM GERE\u00c7 VE Y\u00d6NTEM 4. BULGULAR SONU\u00c7 ve \u00d6NER\u0130LER KAYNAK\u00c7A EKLER<\/p>\n","protected":false},"featured_media":0,"template":"","meta":{"_monsterinsights_skip_tracking":false,"_monsterinsights_sitenote_active":false,"_monsterinsights_sitenote_note":"","_monsterinsights_sitenote_category":0},"product_brand":[],"product_cat":[15563,15564],"product_tag":[],"class_list":{"0":"post-751933","1":"product","2":"type-product","3":"status-publish","5":"product_cat-hobi","6":"product_cat-spor","7":"pa_cilt-ciltsiz","8":"pa_tur-kitap","9":"pa_yayinevi-gazi-kitabevi","10":"pa_yazar-sinan-avci","12":"first","13":"instock","14":"sale","15":"shipping-taxable","16":"purchasable","17":"product-type-simple"},"_links":{"self":[{"href":"https:\/\/roveyayinevi.com.tr\/index.php\/wp-json\/wp\/v2\/product\/751933","targetHints":{"allow":["GET"]}}],"collection":[{"href":"https:\/\/roveyayinevi.com.tr\/index.php\/wp-json\/wp\/v2\/product"}],"about":[{"href":"https:\/\/roveyayinevi.com.tr\/index.php\/wp-json\/wp\/v2\/types\/product"}],"wp:attachment":[{"href":"https:\/\/roveyayinevi.com.tr\/index.php\/wp-json\/wp\/v2\/media?parent=751933"}],"wp:term":[{"taxonomy":"product_brand","embeddable":true,"href":"https:\/\/roveyayinevi.com.tr\/index.php\/wp-json\/wp\/v2\/product_brand?post=751933"},{"taxonomy":"product_cat","embeddable":true,"href":"https:\/\/roveyayinevi.com.tr\/index.php\/wp-json\/wp\/v2\/product_cat?post=751933"},{"taxonomy":"product_tag","embeddable":true,"href":"https:\/\/roveyayinevi.com.tr\/index.php\/wp-json\/wp\/v2\/product_tag?post=751933"}],"curies":[{"name":"wp","href":"https:\/\/api.w.org\/{rel}","templated":true}]}}