{"id":751930,"date":"2025-08-28T05:02:18","date_gmt":"2025-08-28T02:02:18","guid":{"rendered":"https:\/\/roveyayinevi.com.tr\/index.php\/urun\/isletmeler-icin-avrupa-yesil-mutabakati\/"},"modified":"2025-10-01T21:03:46","modified_gmt":"2025-10-01T18:03:46","slug":"isletmeler-icin-avrupa-yesil-mutabakati","status":"publish","type":"product","link":"https:\/\/roveyayinevi.com.tr\/index.php\/urun\/isletmeler-icin-avrupa-yesil-mutabakati\/","title":{"rendered":"\u0130\u015fletmeler \u0130\u00e7in Avrupa Ye\u015fil Mutabakat\u0131"},"content":{"rendered":"<p>\u0130\u00e7indekiler     1. B\u00d6L\u00dcM AVRUPA YE\u015e\u0130L MUTABAKATI S\u00dcREC\u0130 VE \u0130\u015eLETMELER\u0130N ROL\u00dc 2. B\u00d6L\u00dcM \u00c7EVRE, TOPLUM VE KURUMSAL S\u00dcRD\u00dcR\u00dcLEB\u0130L\u0130RL\u0130K 3. B\u00d6L\u00dcM AVRUPA YE\u015e\u0130L MUTABAKATI HUKUK\u020a \u00c7ER\u00c7EVES\u0130 4. B\u00d6L\u00dcM YE\u015e\u0130L Y\u00d6NET\u0130M YAKLA\u015eIMI VE S\u00dcREC\u0130 5. B\u00d6L\u00dcM YE\u015e\u0130L \u00dcRET\u0130M 6. B\u00d6L\u00dcM YE\u015e\u0130L T\u00dcKET\u0130M ANLAYI\u015eI VE PAZARLAMA 7. B\u00d6L\u00dcM YE\u015e\u0130L F\u0130NANS VE AVRUPA YE\u015e\u0130L MUTABAKATI \u0130L\u0130\u015eK\u0130S\u0130 8. B\u00d6L\u00dcM YE\u015e\u0130L MUHASEBE <\/p>\n","protected":false},"excerpt":{"rendered":"<p>\u0130\u00e7indekiler 1. B\u00d6L\u00dcM AVRUPA YE\u015e\u0130L MUTABAKATI S\u00dcREC\u0130 VE \u0130\u015eLETMELER\u0130N ROL\u00dc 2. B\u00d6L\u00dcM \u00c7EVRE, TOPLUM VE KURUMSAL S\u00dcRD\u00dcR\u00dcLEB\u0130L\u0130RL\u0130K 3. B\u00d6L\u00dcM AVRUPA YE\u015e\u0130L MUTABAKATI HUKUK\u020a \u00c7ER\u00c7EVES\u0130 4. B\u00d6L\u00dcM<span class=\"excerpt-hellip\"> [\u2026]<\/span><\/p>\n","protected":false},"featured_media":0,"template":"","meta":{"_monsterinsights_skip_tracking":false,"_monsterinsights_sitenote_active":false,"_monsterinsights_sitenote_note":"","_monsterinsights_sitenote_category":0},"product_brand":[],"product_cat":[12573,12566],"product_tag":[],"class_list":{"0":"post-751930","1":"product","2":"type-product","3":"status-publish","5":"product_cat-akademik-kitaplar","6":"product_cat-egitim","7":"pa_cilt-ciltsiz","8":"pa_tur-kitap","9":"pa_yayinevi-gazi-kitabevi","10":"pa_yazar-kolektif","12":"first","13":"instock","14":"sale","15":"shipping-taxable","16":"purchasable","17":"product-type-simple"},"_links":{"self":[{"href":"https:\/\/roveyayinevi.com.tr\/index.php\/wp-json\/wp\/v2\/product\/751930","targetHints":{"allow":["GET"]}}],"collection":[{"href":"https:\/\/roveyayinevi.com.tr\/index.php\/wp-json\/wp\/v2\/product"}],"about":[{"href":"https:\/\/roveyayinevi.com.tr\/index.php\/wp-json\/wp\/v2\/types\/product"}],"wp:attachment":[{"href":"https:\/\/roveyayinevi.com.tr\/index.php\/wp-json\/wp\/v2\/media?parent=751930"}],"wp:term":[{"taxonomy":"product_brand","embeddable":true,"href":"https:\/\/roveyayinevi.com.tr\/index.php\/wp-json\/wp\/v2\/product_brand?post=751930"},{"taxonomy":"product_cat","embeddable":true,"href":"https:\/\/roveyayinevi.com.tr\/index.php\/wp-json\/wp\/v2\/product_cat?post=751930"},{"taxonomy":"product_tag","embeddable":true,"href":"https:\/\/roveyayinevi.com.tr\/index.php\/wp-json\/wp\/v2\/product_tag?post=751930"}],"curies":[{"name":"wp","href":"https:\/\/api.w.org\/{rel}","templated":true}]}}