{"id":751924,"date":"2025-08-28T05:02:09","date_gmt":"2025-08-28T02:02:09","guid":{"rendered":"https:\/\/roveyayinevi.com.tr\/index.php\/urun\/lal-ozgurlukler-ciltli\/"},"modified":"2026-04-16T03:05:29","modified_gmt":"2026-04-16T00:05:29","slug":"lal-ozgurlukler-ciltli","status":"publish","type":"product","link":"https:\/\/roveyayinevi.com.tr\/index.php\/urun\/lal-ozgurlukler-ciltli\/","title":{"rendered":"Lal \u00d6zg\u00fcrl\u00fckler (Ciltli)"},"content":{"rendered":"<p>\u00d6zg\u00fcrl\u00fc\u011fe u\u00e7acaksan e\u011fer, kanatlar\u0131n\u0131 feda edeceksin \u00f6nce&#8230;   Cemre Erdem\u2019in en b\u00fcy\u00fck hayali, kendi ayaklar\u0131n\u0131n \u00fczerinde dimdik duran g\u00fc\u00e7l\u00fc bir kad\u0131n olmakken hayat\u0131na ans\u0131z\u0131n giren Kuvars Demirhan, bir anda onun t\u00fcm dengelerini sarsar, onun yapayaln\u0131z hayat\u0131nda kolu kanad\u0131 olur.  Cemre giderek Kuvars\u2019a ba\u011flan\u0131rken onsuz yapamaz h\u00e2le gelir. Bu his onu g\u00fcn ge\u00e7tik\u00e7e mutsuz eder, d\u00fc\u015ft\u00fck\u00e7e d\u00fc\u015fer, dibin dibini g\u00f6r\u00fcr ve kendine duydu\u011fu inanc\u0131 yitirir. Bu s\u0131rada, bir zamanlar ya\u015fam\u0131n\u0131 \u00fczerine kurdu\u011fu umutlar\u0131n\u0131n pe\u015finden gitmeyi b\u0131rak\u0131r.  \u015eimdiyse Cemre\u2019nin d\u00fc\u015ft\u00fc\u011f\u00fc yerden daha g\u00fc\u00e7l\u00fc bir \u015fekilde aya\u011fa kalkabilmek i\u00e7in bir se\u00e7im yapmas\u0131 gerekir: Ya ona kol kanat geren adamla mutsuz bir \u015fekilde hayat\u0131na devam edecektir ya da kanatlar\u0131n\u0131 feda edip \u00f6zg\u00fcrle\u015fecektir.   \u201cBir kere a\u011flad\u0131ysan \u00fc\u00e7 kere g\u00fclecek, on yedi katl\u0131 binan y\u0131k\u0131ld\u0131ysa on sekiz katl\u0131s\u0131n\u0131 yapacak, elli be\u015f kez d\u00fc\u015ft\u00fcysen elli alt\u0131nc\u0131 kez kalkacaks\u0131n. Baz\u0131 sava\u015flar b\u00f6yle kazan\u0131l\u0131r&#8230;\u201d <\/p>\n","protected":false},"excerpt":{"rendered":"<p>\u00d6zg\u00fcrl\u00fc\u011fe u\u00e7acaksan e\u011fer, kanatlar\u0131n\u0131 feda edeceksin \u00f6nce&#8230; Cemre Erdem\u2019in en b\u00fcy\u00fck hayali, kendi ayaklar\u0131n\u0131n \u00fczerinde dimdik duran g\u00fc\u00e7l\u00fc bir kad\u0131n olmakken hayat\u0131na ans\u0131z\u0131n giren Kuvars Demirhan,<span class=\"excerpt-hellip\"> [\u2026]<\/span><\/p>\n","protected":false},"featured_media":0,"template":"","meta":{"_monsterinsights_skip_tracking":false,"_monsterinsights_sitenote_active":false,"_monsterinsights_sitenote_note":"","_monsterinsights_sitenote_category":0},"product_brand":[],"product_cat":[12291,12711],"product_tag":[],"class_list":{"0":"post-751924","1":"product","2":"type-product","3":"status-publish","5":"product_cat-edebiyat","6":"product_cat-roman-oyku","7":"pa_cilt-ciltli","8":"pa_tur-kitap","9":"pa_yayinevi-ephesus-yayinlari","10":"pa_yazar-dilek-tarinci","12":"first","13":"instock","14":"sale","15":"shipping-taxable","16":"purchasable","17":"product-type-simple"},"_links":{"self":[{"href":"https:\/\/roveyayinevi.com.tr\/index.php\/wp-json\/wp\/v2\/product\/751924","targetHints":{"allow":["GET"]}}],"collection":[{"href":"https:\/\/roveyayinevi.com.tr\/index.php\/wp-json\/wp\/v2\/product"}],"about":[{"href":"https:\/\/roveyayinevi.com.tr\/index.php\/wp-json\/wp\/v2\/types\/product"}],"wp:attachment":[{"href":"https:\/\/roveyayinevi.com.tr\/index.php\/wp-json\/wp\/v2\/media?parent=751924"}],"wp:term":[{"taxonomy":"product_brand","embeddable":true,"href":"https:\/\/roveyayinevi.com.tr\/index.php\/wp-json\/wp\/v2\/product_brand?post=751924"},{"taxonomy":"product_cat","embeddable":true,"href":"https:\/\/roveyayinevi.com.tr\/index.php\/wp-json\/wp\/v2\/product_cat?post=751924"},{"taxonomy":"product_tag","embeddable":true,"href":"https:\/\/roveyayinevi.com.tr\/index.php\/wp-json\/wp\/v2\/product_tag?post=751924"}],"curies":[{"name":"wp","href":"https:\/\/api.w.org\/{rel}","templated":true}]}}