{"id":751923,"date":"2025-08-28T05:02:08","date_gmt":"2025-08-28T02:02:08","guid":{"rendered":"https:\/\/roveyayinevi.com.tr\/index.php\/urun\/safi-hayat\/"},"modified":"2026-04-16T03:05:29","modified_gmt":"2026-04-16T00:05:29","slug":"safi-hayat","status":"publish","type":"product","link":"https:\/\/roveyayinevi.com.tr\/index.php\/urun\/safi-hayat\/","title":{"rendered":"Safi Hayat"},"content":{"rendered":"<p>KULAK VER HAYATIN FISILTISINA Hayat, sa\u011flam bir dost gibidir. Aran\u0131za mesafe girse bile b\u0131rakt\u0131\u011f\u0131n\u0131z yerden ba\u015flayabildi\u011finiz o en yak\u0131n dostun. Bir yandan da cilveli bir sevgilidir o. \u0130hmal edilmeye g\u00f6rs\u00fcn hemen g\u00f6n\u00fcl koyan, sonra da ilk ad\u0131m\u0131 senden bekleyen. Safi Hayat\u2019la yolum, hayatla bu ince ayar\u0131 tutturmaya \u00e7al\u0131\u015ft\u0131\u011f\u0131m bir zamanda kesi\u015fti. Sonra da bu yolda yaln\u0131z ilerlememeye karar verdim ve seninle kar\u015f\u0131la\u015ft\u0131k. Varl\u0131\u011f\u0131nla anlam kazanan bu yolculu\u011fa ho\u015f geldin&#8230;.   <\/p>\n","protected":false},"excerpt":{"rendered":"<p>KULAK VER HAYATIN FISILTISINA Hayat, sa\u011flam bir dost gibidir. Aran\u0131za mesafe girse bile b\u0131rakt\u0131\u011f\u0131n\u0131z yerden ba\u015flayabildi\u011finiz o en yak\u0131n dostun. Bir yandan da cilveli bir sevgilidir<span class=\"excerpt-hellip\"> [\u2026]<\/span><\/p>\n","protected":false},"featured_media":0,"template":"","meta":{"_monsterinsights_skip_tracking":false,"_monsterinsights_sitenote_active":false,"_monsterinsights_sitenote_note":"","_monsterinsights_sitenote_category":0},"product_brand":[],"product_cat":[12364,12376],"product_tag":[],"class_list":{"0":"post-751923","1":"product","2":"type-product","3":"status-publish","5":"product_cat-genel-konular","6":"product_cat-kisisel-gelisim","7":"pa_cilt-ciltsiz","8":"pa_tur-kitap","9":"pa_yayinevi-siyah-kitap","10":"pa_yazar-ayse-celikten","12":"first","13":"instock","14":"sale","15":"shipping-taxable","16":"purchasable","17":"product-type-simple"},"_links":{"self":[{"href":"https:\/\/roveyayinevi.com.tr\/index.php\/wp-json\/wp\/v2\/product\/751923","targetHints":{"allow":["GET"]}}],"collection":[{"href":"https:\/\/roveyayinevi.com.tr\/index.php\/wp-json\/wp\/v2\/product"}],"about":[{"href":"https:\/\/roveyayinevi.com.tr\/index.php\/wp-json\/wp\/v2\/types\/product"}],"wp:attachment":[{"href":"https:\/\/roveyayinevi.com.tr\/index.php\/wp-json\/wp\/v2\/media?parent=751923"}],"wp:term":[{"taxonomy":"product_brand","embeddable":true,"href":"https:\/\/roveyayinevi.com.tr\/index.php\/wp-json\/wp\/v2\/product_brand?post=751923"},{"taxonomy":"product_cat","embeddable":true,"href":"https:\/\/roveyayinevi.com.tr\/index.php\/wp-json\/wp\/v2\/product_cat?post=751923"},{"taxonomy":"product_tag","embeddable":true,"href":"https:\/\/roveyayinevi.com.tr\/index.php\/wp-json\/wp\/v2\/product_tag?post=751923"}],"curies":[{"name":"wp","href":"https:\/\/api.w.org\/{rel}","templated":true}]}}