{"id":751922,"date":"2025-08-28T05:02:07","date_gmt":"2025-08-28T02:02:07","guid":{"rendered":"https:\/\/roveyayinevi.com.tr\/index.php\/urun\/turk-dizileri-turkiyenin-yumusak-gucu\/"},"modified":"2026-04-16T03:05:29","modified_gmt":"2026-04-16T00:05:29","slug":"turk-dizileri-turkiyenin-yumusak-gucu","status":"publish","type":"product","link":"https:\/\/roveyayinevi.com.tr\/index.php\/urun\/turk-dizileri-turkiyenin-yumusak-gucu\/","title":{"rendered":"T\u00fcrk Dizileri: T\u00fcrkiye&#8217;nin Yumu\u015fak G\u00fcc\u00fc"},"content":{"rendered":"<p>T\u00fcrk dizi sekt\u00f6r\u00fc b\u00fcy\u00fck bir y\u00fckseli\u015fe ge\u00e7mi\u015f, \u00f6nce kendi k\u00fclt\u00fcrel hinterland\u0131 diyebilece\u011fimiz T\u00fcrk D\u00fcnyas\u0131, Ortado\u011fu, Balkanlar ve Kafkaslarda b\u00fcy\u00fck ra\u011fbet g\u00f6ren dizilere imza atm\u0131\u015f sonra da b\u00fct\u00fcn d\u00fcnyaya dizi ihra\u00e7 eder hale gelmi\u015ftir. O kadar ki, T\u00fcrkiye, ABD\u2019den sonra d\u00fcnyan\u0131n en \u00e7ok dizi ihra\u00e7 eden ikinci \u00fclkesi konumuna y\u00fckselmi\u015ftir. Bu, yak\u0131n zamana kadar kendi \u00fclkesi d\u0131\u015f\u0131nda bir dizisini veya sinema filmini bile pek duyuramam\u0131\u015f bir \u00fclke olan T\u00fcrkiye i\u00e7in tarihi bir k\u00fclt\u00fcrel at\u0131l\u0131md\u0131r. T\u00fcrkiye ve d\u00fcnyada \u00f6nemli bir olgu h\u00e2line gelmi\u015f T\u00fcrk dizilerinin uluslararas\u0131 ili\u015fkilerden sosyolojiye, ileti\u015fimden siyaset bilimine ve ekonomiye kadar pek \u00e7ok disiplinin odak noktas\u0131nda bulunan bir vak\u0131a olarak ele al\u0131nmas\u0131n\u0131n zaman\u0131 gelmi\u015fti. Bug\u00fcne kadar T\u00fcrk dizilerine dair bu iddiaya sahip eserlere pek fazla rastlanmamakta ve literat\u00fcrde b\u00fcy\u00fck bir bo\u015fluk bulunmaktayd\u0131. Bu kitap b\u00f6yle bir bo\u015flu\u011fu doldurma ve \u00f6nemli bir olguyu pek \u00e7ok boyutuyla ele alma iddias\u0131yla yola \u00e7\u0131km\u0131\u015f bir akademik \u00e7al\u0131\u015fman\u0131n ve b\u00fcy\u00fck bir eme\u011fin \u00fcr\u00fcn\u00fc olarak ortaya \u00e7\u0131km\u0131\u015ft\u0131r. Pek \u00e7ok disiplinden akademisyen ve uzman\u0131n bulu\u015ftu\u011fu bu \u00e7al\u0131\u015fma hem literat\u00fcrde \u00f6nemli bir referans eser ortaya koymay\u0131 hedeflemekte hem de ulusal ve k\u00fcresel \u00f6l\u00e7ekteki b\u00f6ylesine \u00f6nemli bir konunun tart\u0131\u015f\u0131lmas\u0131 i\u00e7in akademik zemin in\u015f\u00e2 etmektedir.<\/p>\n","protected":false},"excerpt":{"rendered":"<p>T\u00fcrk dizi sekt\u00f6r\u00fc b\u00fcy\u00fck bir y\u00fckseli\u015fe ge\u00e7mi\u015f, \u00f6nce kendi k\u00fclt\u00fcrel hinterland\u0131 diyebilece\u011fimiz T\u00fcrk D\u00fcnyas\u0131, Ortado\u011fu, Balkanlar ve Kafkaslarda b\u00fcy\u00fck ra\u011fbet g\u00f6ren dizilere imza atm\u0131\u015f sonra da<span class=\"excerpt-hellip\"> [\u2026]<\/span><\/p>\n","protected":false},"featured_media":0,"template":"","meta":{"_monsterinsights_skip_tracking":false,"_monsterinsights_sitenote_active":false,"_monsterinsights_sitenote_note":"","_monsterinsights_sitenote_category":0},"product_brand":[],"product_cat":[12337],"product_tag":[],"class_list":{"0":"post-751922","1":"product","2":"type-product","3":"status-publish","5":"product_cat-politika-siyaset","6":"pa_cilt-ciltsiz","7":"pa_tur-kitap","8":"pa_yayinevi-diplomasi-vakfi-yayinlari","9":"pa_yazar-kolektif","11":"first","12":"instock","13":"sale","14":"shipping-taxable","15":"purchasable","16":"product-type-simple"},"_links":{"self":[{"href":"https:\/\/roveyayinevi.com.tr\/index.php\/wp-json\/wp\/v2\/product\/751922","targetHints":{"allow":["GET"]}}],"collection":[{"href":"https:\/\/roveyayinevi.com.tr\/index.php\/wp-json\/wp\/v2\/product"}],"about":[{"href":"https:\/\/roveyayinevi.com.tr\/index.php\/wp-json\/wp\/v2\/types\/product"}],"wp:attachment":[{"href":"https:\/\/roveyayinevi.com.tr\/index.php\/wp-json\/wp\/v2\/media?parent=751922"}],"wp:term":[{"taxonomy":"product_brand","embeddable":true,"href":"https:\/\/roveyayinevi.com.tr\/index.php\/wp-json\/wp\/v2\/product_brand?post=751922"},{"taxonomy":"product_cat","embeddable":true,"href":"https:\/\/roveyayinevi.com.tr\/index.php\/wp-json\/wp\/v2\/product_cat?post=751922"},{"taxonomy":"product_tag","embeddable":true,"href":"https:\/\/roveyayinevi.com.tr\/index.php\/wp-json\/wp\/v2\/product_tag?post=751922"}],"curies":[{"name":"wp","href":"https:\/\/api.w.org\/{rel}","templated":true}]}}