{"id":751918,"date":"2025-08-28T05:02:02","date_gmt":"2025-08-28T02:02:02","guid":{"rendered":"https:\/\/roveyayinevi.com.tr\/index.php\/urun\/dakikalar-icinde-tarih-kitapligi-5-kitap\/"},"modified":"2026-04-16T03:05:28","modified_gmt":"2026-04-16T00:05:28","slug":"dakikalar-icinde-tarih-kitapligi-5-kitap","status":"publish","type":"product","link":"https:\/\/roveyayinevi.com.tr\/index.php\/urun\/dakikalar-icinde-tarih-kitapligi-5-kitap\/","title":{"rendered":"Dakikalar \u0130\u00e7inde Tarih Kitapl\u0131\u011f\u0131 (5 Kitap)"},"content":{"rendered":"<p>SET \u0130\u00c7\u0130NDEK\u0130 K\u0130TAPLAR: 1. Dakikalar \u0130\u00e7inde Atat\u00fcrk ve D\u00fcnyas\u0131 \u2013 \u0130lber Ortayl\u0131 2. Dakikalar \u0130\u00e7inde Avrupa Tarihi \u2013 \u00d6nder Kaya 3. Dakikalar \u0130\u00e7inde D\u00fcnya Tarihi \u2013 Dorothy Ail &amp; Tat Wood 4. Dakikalar \u0130\u00e7inde Antik D\u00fcnya \u2013 Charles Philips 5. Dakikalar \u0130\u00e7inde Milli M\u00fccadele \u2013 Selim Erdo\u011fan DAK\u0130KALAR \u0130\u00c7\u0130NDE ATAT\u00dcRK VE D\u00dcNYASI \u2013 \u0130LBER ORTAYLI ASKER\u0130, S\u0130YAS\u0130 VE \u00d6ZEL HAYATI T\u00dcM Y\u00d6NLER\u0130YLE ATAT\u00dcRK\u2019\u00dcN HAYATI \u201c100. y\u0131l\u0131 dolay\u0131s\u0131yla Cumhuriyet tarihimizin en \u00f6nemli safhas\u0131n\u0131, Kurucu \u00d6nderimiz ve asker\u00ee \u00e7evrelerde T\u00fcrkiye\u2019nin Ebed\u00ee Ba\u015fkomutan\u0131 olarak kabul edilen Mare\u015fal Mustafa Kemal Atat\u00fcrk\u2019\u00fcn hayat\u0131n\u0131 ve d\u00fcnyas\u0131n\u0131 anlatan bu kitab\u0131 ne\u015fretmeyi uygun g\u00f6rd\u00fck.\u201c \u0130lber Ortayl\u0131 Dakikalar \u0130\u00e7inde Atat\u00fcrk ve D\u00fcnyas\u0131, Cumhuriyet\u2019in kurucusu Gazi Mustafa Kemal Atat\u00fcrk\u2019\u00fcn do\u011fumundan yeti\u015fti\u011fi Selanik kentine, ailesine, askerlik ya\u015fam\u0131na, \u00f6zel hayat\u0131na, Mill\u00ee M\u00fccadele\u2019ye; \u0130n\u00f6n\u00fc Muharebelerine, B\u00fcy\u00fck Taarruz\u2019a, Cumhuriyet\u2019in kurulu\u015funa, Lozan ve Montreux\u2019ye, \u00e7ok partili hayata ge\u00e7i\u015f d\u00f6nemine, devrimlere, Atat\u00fcrk\u2019\u00fcn kitap sevgisine, \u00e7ocuklarla ili\u015fkisine ve \u00f6l\u00fcm\u00fcne kadar ya\u015fam\u0131n\u0131n her y\u00f6n\u00fcyle inceliyor. Bunlar\u0131n yan\u0131nda \u0130smet \u0130n\u00f6n\u00fc, Fevzi \u00c7akmak, K\u00e2z\u0131m Karabekir, Rauf Orbay, Ali Fuat Cebesoy, Halide Edip Ad\u0131var, Ay\u015fe Afet \u0130nan, Celal Bayar, B\u00f6rek\u00e7iz\u00e2de Rifat Hoca gibi siyasetten sanata, edebiyata, askerli\u011fe, musikiye kadar etraf\u0131ndaki isimlerle ili\u015fkilerini ele al\u0131yor. Dakikalar \u0130\u00e7inde Atat\u00fcrk ve D\u00fcnyas\u0131, Osmanl\u0131\u2019n\u0131n son d\u00f6nemini ve Cumhuriyet\u2019in ilk yar\u0131s\u0131n\u0131 merkeze Kurucu \u00d6nder Gazi Mustafa Kemal Atat\u00fcrk\u2019\u00fc alarak konulara g\u00f6re \u00f6zel se\u00e7ilmi\u015f g\u00f6rseller e\u015fli\u011finde sunuyor. DAK\u0130KALAR \u0130\u00c7\u0130NDE AVRUPA TAR\u0130H\u0130 \u2013 \u00d6NDER KAYA An\u0131nda A\u00e7\u0131klanan 200 Tarihi Olay ve Kavram AVRUPA TAR\u0130H\u0130\u2019NE DA\u0130R B\u0130LMEK \u0130STED\u0130\u011e\u0130N\u0130Z PEK \u00c7OK \u015eEY Karanl\u0131k \u00c7a\u011flardan R\u00f6nesans\u2019a, Frans\u0131z Devrimi\u2019nden SSCB\u2019nin \u00e7\u00f6k\u00fc\u015f\u00fc ve Bosna Sava\u015f\u0131\u2019na kadar 200 olay, \u015fahsiyet, kavram ve g\u00f6rsel ile haz\u0131rlanm\u0131\u015f bir Avrupa Tarihi\u2026 Etr\u00fcksler, Sparta, Cermenler, Vikingler, Druidler, Merovenjler, Pompei, Roma \u0130mparatorlu\u011fu gibi topluluk ve devletler; Sezar, Spartak\u00fcs, Attila, Hannibal, I. Otto, K\u0131z\u0131l Erik, Justinyanus, \u015earlken, Luther, Napolyon, Bismarck, Korkun\u00e7 \u0130van, I. Elizabeth, Dreyfus, Mussolini, Gorba\u00e7ov, Tito gibi tarihin ak\u0131\u015f\u0131na etki eden \u015fahsiyetler; Habsburglar, Mediciler, Merovenjler gibi aileler; Peloponez Sava\u015flar\u0131, P\u00f6n Sava\u015flar\u0131, \u0130spanya\u2019da \u0130slam Egemenli\u011fi, \u015eizma, Ha\u00e7l\u0131 Seferleri, Frans\u0131z Devrimi, Moha\u00e7 Meydan Sava\u015f\u0131, Viyana Kongresi, Bol\u015fevik Devrimi, Prag Bahar\u0131, Berlin Duvar\u0131\u2019n\u0131n y\u0131k\u0131lmas\u0131 gibi Avrupa\u2019da ya\u015fanan ama d\u00fcnyay\u0131 de\u011fi\u015ftiren geli\u015fmeler\u2026 Dakikalar \u0130\u00e7inde Avrupa Tarihi, ilk \u00e7a\u011flardan 20. y\u00fczy\u0131la kadar Avrupa Tarihi\u2019ndeki geli\u015fmeleri k\u0131sa ama etkili bi\u00e7imde ele alan ayn\u0131 zamanda Avrupa Tarihi hakk\u0131nda bilgi edinmek isteyenlere de\u011fi\u015fik alanlarda rehberlik edecek ve ba\u015fucu kitab\u0131 olacak bir \u00e7al\u0131\u015fma.   D\u00fcnyan\u0131n d\u00f6rt bir yan\u0131ndaki belli ba\u015fl\u0131 geli\u015fmeleri dikkate alarak sanat\u00e7\u0131 gruplar\u0131na, yetenekli bireylere, hatta \u00e7\u0131\u011f\u0131r a\u00e7\u0131c\u0131 tek bir eser \u00fcretmi\u015f ki\u015filere ait pek \u00e7ok ke\u015ffi, fikri, malzemeyi, etkiyi, arka plan\u0131, beceriyi, yakla\u015f\u0131m\u0131 inceleyip de\u011ferlendiren Dakikalar \u0130\u00e7inde serisinden Sanat, otuz bin y\u0131l\u0131 a\u015fk\u0131n maziye sahip sanat d\u00fcnyas\u0131n\u0131 dakikalar i\u00e7inde a\u00e7\u0131kl\u0131yor. En eskisinden en yenisine \u00e7ok \u00e7e\u015fitli sanat anlay\u0131\u015flar\u0131na de\u011finen elinizdeki k\u0131sa ama kapsaml\u0131 sanat tarihi rehberi, bu alandaki bilgisi fark etmeksizin t\u00fcm sanat merakl\u0131lar\u0131 i\u00e7in m\u00fckemmel bir el kitab\u0131\u2026 Sanat tarih\u00e7isi Susie Hodge sizi tarih \u00f6ncesi sanattan hiperrealizme kadar t\u00fcm b\u00fcy\u00fck felsefelerin, hareketlerin, eserlerin, geli\u015fmelerin, sanat\u00e7\u0131lar\u0131n ve temalar\u0131n d\u00fcnyas\u0131nda uluslararas\u0131 bir tura \u00e7\u0131karacak. DAK\u0130KALAR \u0130\u00c7\u0130NDE D\u00dcNYA TAR\u0130H\u0130 \u2013 DOROTHY AIL &amp; TAT WOOD An\u0131nda A\u00e7\u0131klanan 200 \u00d6nemli Tarih\u00ee Olay D\u00dcNYA TAR\u0130H\u0130NE KAPSAMLI B\u0130R G\u0130R\u0130\u015e \u0130lk uygarl\u0131klardan Orta\u00e7a\u011f\u2019a, Devrimler \u00c7a\u011f\u0131\u2019ndan yirminci y\u00fczy\u0131la uzanan bir yolculuk\u2026 G\u00f6rseller e\u015fli\u011finde 200 \u00f6nemli tarih\u00ee olay, d\u00f6nem ve \u015fahsiyet \u00fczerinden bir d\u00fcnya tarihi okumas\u0131\u2026 Homo sapiens\u2019ten g\u00fcn\u00fcm\u00fcze insan\u0131n tarih\u00ee yolculu\u011fu nas\u0131l geli\u015fti? \u0130lk medeniyetlerden bug\u00fcne toplumlar ne y\u00f6ne evrildi? Pek \u00e7ok tarih\u00ee d\u00f6n\u00fcm noktas\u0131 d\u00fcnya tarihini nas\u0131l \u015fekillendirdi? Roma \u0130mparatorlu\u011fu\u2019na ne oldu? Magna Carta neden bu kadar \u00f6nemliydi? Birinci D\u00fcnya Sava\u015f\u0131\u2019na ne yol a\u00e7t\u0131? SSCB neden \u00e7\u00f6kt\u00fc? Rus \u0130van ger\u00e7ekten de o kadar korkun\u00e7 muydu? Dakikalar \u0130\u00e7inde serisinden D\u00fcnya Tarihi Aristoteles\u2019in bilgeli\u011finden Atat\u00fcrk\u2019e, M\u0131s\u0131r\u2019dan Hiro\u015fima\u2019ya, bronzdan kitle ileti\u015fim ara\u00e7lar\u0131na kadar pek \u00e7ok \u00f6nemli detayla h\u0131zl\u0131 ve doyurucu bir okuma vadediyor. Bir g\u00f6rsel ya da a\u00e7\u0131klay\u0131c\u0131 \u015feman\u0131n e\u015flik etti\u011fi her bir konu ayr\u0131 bir kitap olacak kadar detayl\u0131 irdelenmeyi hak etse de giri\u015f niteli\u011findeki bu \u00e7al\u0131\u015fma, tarihteki \u00f6nemli d\u00f6n\u00fcm noktalar\u0131 hakk\u0131nda geni\u015f bilgi edinmek isteyen herkesin bu tarih\u00ee ser\u00fcvene \u00e7\u0131kmas\u0131n\u0131 sa\u011flayacak. DAK\u0130KALAR \u0130\u00c7\u0130NDE ANT\u0130K D\u00dcNYA &#8211; CHARLES PHILIPS \u0130lk B\u00fcy\u00fck Medeniyetlerin Tarihi ve Ba\u015far\u0131lar\u0131 TAR\u0130H\u0130N KAPILARINI ARALAYAN ZAMAN YOLCULU\u011eU Milattan \u00f6nce ilk S\u00fcmer ve Babil \u015fehirlerinden Roma\u2019n\u0131n d\u00fc\u015f\u00fc\u015f\u00fcne, Azteklerin kanl\u0131 tarihinden Pers \u0130mparatorlu\u011fu\u2019na kritik liderler ve sava\u015flar, fikirler ve icatlar, mitler ve dinler, sanat ve mimari ile \u00f6r\u00fcl\u00fc kay\u0131tl\u0131 tarihin ilk be\u015f bin y\u0131ll\u0131k d\u00f6k\u00fcm\u00fc\u2026 200 ba\u015fl\u0131k alt\u0131nda d\u00fcnyan\u0131n ilk medeniyetlerine genel bir bak\u0131\u015f\u2026 Karma\u015f\u0131k modern d\u00fcnyam\u0131z\u0131n k\u00f6kleri binlerce y\u0131l geriye, antik d\u00f6nemdeki \u201ctarihin \u015fafa\u011f\u0131na\u201d kadar uzan\u0131r. Ni\u00e7in ge\u00e7mi\u015f \u00fczerine yaz\u0131lar okuma ihtiyac\u0131 hissederiz? \u00c7\u00fcnk\u00fc bize d\u00fcnyan\u0131n bug\u00fcnk\u00fc h\u00e2line nas\u0131l geldi\u011fini anlat\u0131rlar. Dakikalar \u0130\u00e7inde serisinden Antik D\u00fcnya, okuru s\u00f6zl\u00fc tarihin izinden d\u00fcnya edebiyat\u0131n\u0131n ilk hiyeroglif yaz\u0131lar\u0131na; Piramitlerden Machu Picchu\u2019ya; Antik Hindistan\u2019daki \u00f6nemli matematik at\u0131l\u0131mlar\u0131ndan \u00c7in\u2019de k\u00e2\u011f\u0131d\u0131n ke\u015ffine; Mezopotamya\u2019n\u0131n zigguratlar\u0131ndan Peru\u2019nun Nazca \u00e7izgilerine; b\u00fcy\u00fck destanlardan demokrasiye uzanan uzak bir ge\u00e7mi\u015fe davet ediyor. Tarihe iz b\u0131rakm\u0131\u015f her karakter, sava\u015f, d\u00f6nem ve ke\u015fifler haritalar, ikonik sanat eserleri ve antik eserlerin g\u00f6rselleriyle hayat buluyor. Bug\u00fcn bizi etkilemeye devam eden eski uygarl\u0131klar\u0131n manevi, k\u00fclt\u00fcrel, teknolojik ve sanatsal yeniliklerini ke\u015ffetmeye haz\u0131r m\u0131s\u0131n\u0131z? DAK\u0130KALAR \u0130\u00c7\u0130NDE M\u0130LL\u0130 M\u00dcCADELE \u2013 SEL\u0130M ERDO\u011eAN An\u0131nda A\u00e7\u0131klanan 200 Tarihi Olay ve Kavram MONDROS\u2019TAN MUDANYA\u2019YA T\u00dcM Y\u00d6NLER\u0130YLE M\u0130LL\u00ce M\u00dcCADELE Mill\u00ee M\u00fccadele ne zaman ba\u015flad\u0131? Sadece Yunanl\u0131lara kar\u015f\u0131 m\u0131 sava\u015f\u0131ld\u0131? D\u00fc\u015fmana ilk kur\u015funu Hasan Tahsin mi atm\u0131\u015ft\u0131? Mill\u00ee M\u00fccadele ne zaman ve nas\u0131l bitti? \u0130stanbul ger\u00e7ekten tek kur\u015fun at\u0131lmadan m\u0131 terk edildi? Mustafa Kemal Pa\u015fa, Mill\u00ee M\u00fccadele\u2019ye ne zaman ba\u015flamay\u0131 d\u00fc\u015f\u00fcnd\u00fc? \u0130ngilizler, Frans\u0131zlar, Ruslar, \u0130talyanlar sava\u015f\u0131n neresindeydiler? Mondros M\u00fctarekesi, Band\u0131rma Vapuru, Sivas Kongresi, Misak-\u0131 Mill\u00ee, Malta S\u00fcrg\u00fcnleri, Sevr Antla\u015fmas\u0131, Kuvay-\u0131 Milliye, Hilafet Ordusu, Sakarya Meydan Muharebesi, B\u00fcy\u00fck Taarruz, Tekalif-i Milliye, Ankara Antla\u015fmas\u0131, \u0130lk Hedef Akdeniz!, \u0130zmir Yang\u0131n\u0131, \u00c7anak Krizi, Edirne\u2019de T\u00fcrk bayra\u011f\u0131, \u0130stanbul\u2019un kurtulu\u015fu, Mudanya M\u00fctarekesi ve Mill\u00ee M\u00fccadele\u2019ye dair merak etti\u011finiz her \u015fey\u2026 Dakikalar \u0130\u00e7inde Mill\u00ee M\u00fccadele Mondros M\u00fctarekesi\u2019nden ba\u015flayan ve Mudanya M\u00fctarekesi ile biten \u015fanl\u0131 m\u00fccadelenin her a\u015famas\u0131n\u0131 farkl\u0131 y\u00f6nleriyle ad\u0131m ad\u0131m, 200 kavram, olay ve ki\u015fi \u00fczerinden yine baz\u0131lar\u0131n\u0131 ilk defa g\u00f6rece\u011finiz 200 g\u00f6rsel ile anlatan ve k\u00fc\u00e7\u00fckten b\u00fcy\u00fc\u011fe herkesin zevkle okuyabilece\u011fi bir kitap\u2026<\/p>\n","protected":false},"excerpt":{"rendered":"<p>SET \u0130\u00c7\u0130NDEK\u0130 K\u0130TAPLAR: 1. Dakikalar \u0130\u00e7inde Atat\u00fcrk ve D\u00fcnyas\u0131 \u2013 \u0130lber Ortayl\u0131 2. Dakikalar \u0130\u00e7inde Avrupa Tarihi \u2013 \u00d6nder Kaya 3. Dakikalar \u0130\u00e7inde D\u00fcnya Tarihi \u2013<span class=\"excerpt-hellip\"> [\u2026]<\/span><\/p>\n","protected":false},"featured_media":0,"template":"","meta":{"_monsterinsights_skip_tracking":false,"_monsterinsights_sitenote_active":false,"_monsterinsights_sitenote_note":"","_monsterinsights_sitenote_category":0},"product_brand":[],"product_cat":[12304],"product_tag":[],"class_list":{"0":"post-751918","1":"product","2":"type-product","3":"status-publish","5":"product_cat-tarih","6":"pa_cilt-ciltsiz","7":"pa_tur-kitap","8":"pa_yayinevi-kronik-kitap","9":"pa_yazar-kolektif","11":"first","12":"instock","13":"sale","14":"shipping-taxable","15":"purchasable","16":"product-type-simple"},"_links":{"self":[{"href":"https:\/\/roveyayinevi.com.tr\/index.php\/wp-json\/wp\/v2\/product\/751918","targetHints":{"allow":["GET"]}}],"collection":[{"href":"https:\/\/roveyayinevi.com.tr\/index.php\/wp-json\/wp\/v2\/product"}],"about":[{"href":"https:\/\/roveyayinevi.com.tr\/index.php\/wp-json\/wp\/v2\/types\/product"}],"wp:attachment":[{"href":"https:\/\/roveyayinevi.com.tr\/index.php\/wp-json\/wp\/v2\/media?parent=751918"}],"wp:term":[{"taxonomy":"product_brand","embeddable":true,"href":"https:\/\/roveyayinevi.com.tr\/index.php\/wp-json\/wp\/v2\/product_brand?post=751918"},{"taxonomy":"product_cat","embeddable":true,"href":"https:\/\/roveyayinevi.com.tr\/index.php\/wp-json\/wp\/v2\/product_cat?post=751918"},{"taxonomy":"product_tag","embeddable":true,"href":"https:\/\/roveyayinevi.com.tr\/index.php\/wp-json\/wp\/v2\/product_tag?post=751918"}],"curies":[{"name":"wp","href":"https:\/\/api.w.org\/{rel}","templated":true}]}}