{"id":751916,"date":"2025-08-28T05:02:00","date_gmt":"2025-08-28T02:02:00","guid":{"rendered":"https:\/\/roveyayinevi.com.tr\/index.php\/urun\/dakikalar-icinde-beyin\/"},"modified":"2026-04-16T03:05:28","modified_gmt":"2026-04-16T00:05:28","slug":"dakikalar-icinde-beyin","status":"publish","type":"product","link":"https:\/\/roveyayinevi.com.tr\/index.php\/urun\/dakikalar-icinde-beyin\/","title":{"rendered":"Dakikalar \u0130\u00e7inde Beyin"},"content":{"rendered":"<p>Beyin, t\u00fcm evrendeki en karma\u015f\u0131k yap\u0131 olarak kabul edilir. Peki bu karma\u015f\u0131k ve h\u00e2l\u00e2 ke\u015ffedilmeyi bekleyen organa dair insanl\u0131k neler biliyor? Nas\u0131l d\u00fc\u015f\u00fcn\u00fcyor, kokluyor, konu\u015fuyor, \u00f6\u011freniyor, hareket ediyoruz? Elinizdeki son derece modern ve kapsaml\u0131 kitap bize insan beyninin neden bu kadar zeki oldu\u011funu, nefes alma, uyuma ve g\u00f6rmeden tutun kimlik, hayal g\u00fcc\u00fc, zevk ve ac\u0131ya kadar her \u015feyi nas\u0131l kontrol etti\u011fini ve bilgisayarlarla ya da genetik alan\u0131ndaki son ke\u015fiflerle bir araya geldi\u011finde neler olaca\u011f\u0131n\u0131 a\u00e7\u0131kl\u0131yor. Kitapta beynin k\u00f6keni ve anatomisi, v\u00fccut kontrol\u00fc, ruh h\u00e2li ve duygular, alg\u0131, bilin\u00e7, bellek ve \u00f6\u011frenme, ki\u015filik, zek\u00e2 ve di\u011fer \u00fcst i\u015flevler, dil, garip zihin durumlar\u0131, bozukluklar, hastal\u0131klar ve tedaviler, son olarak da beynin gelece\u011fi inceleniyor. \u00d6d\u00fcll\u00fc bilim yazar\u0131 Rita Carter ayr\u0131ca haf\u0131za kayb\u0131, \u00e7oklu ki\u015filik, psikopati, r\u00fcya g\u00f6rme, hal\u00fcsinasyon, ba\u011f\u0131ml\u0131l\u0131k, otizm, disleksi, \u015fizofreni, bunama ve ba\u015fka pek \u00e7ok zihin durumunu ayd\u0131nlat\u0131yor. Dakikalar \u0130\u00e7inde Beyin t\u00fcm evrendeki en karma\u015f\u0131k organ\u0131n yap\u0131s\u0131n\u0131, i\u015fleyi\u015fini ve s\u0131rlar\u0131n\u0131 ayr\u0131nt\u0131l\u0131 olarak a\u00e7\u0131klayan 200 y\u00fcksek teknoloji \u00fcr\u00fcn\u00fc tarama, g\u00f6r\u00fcnt\u00fc ve diyagram ile sizlere anla\u015f\u0131l\u0131r ayn\u0131 zamanda keyifli bir okuma sunuyor.<\/p>\n","protected":false},"excerpt":{"rendered":"<p>Beyin, t\u00fcm evrendeki en karma\u015f\u0131k yap\u0131 olarak kabul edilir. Peki bu karma\u015f\u0131k ve h\u00e2l\u00e2 ke\u015ffedilmeyi bekleyen organa dair insanl\u0131k neler biliyor? Nas\u0131l d\u00fc\u015f\u00fcn\u00fcyor, kokluyor, konu\u015fuyor, \u00f6\u011freniyor,<span class=\"excerpt-hellip\"> [\u2026]<\/span><\/p>\n","protected":false},"featured_media":0,"template":"","meta":{"_monsterinsights_skip_tracking":false,"_monsterinsights_sitenote_active":false,"_monsterinsights_sitenote_note":"","_monsterinsights_sitenote_category":0},"product_brand":[],"product_cat":[13005,13006],"product_tag":[],"class_list":{"0":"post-751916","1":"product","2":"type-product","3":"status-publish","5":"product_cat-bilim-muhendislik","6":"product_cat-populer-bilim","7":"pa_cilt-ciltsiz","8":"pa_tur-kitap","9":"pa_yayinevi-kronik-kitap","10":"pa_yazar-rita-carter","12":"first","13":"instock","14":"sale","15":"shipping-taxable","16":"purchasable","17":"product-type-simple"},"_links":{"self":[{"href":"https:\/\/roveyayinevi.com.tr\/index.php\/wp-json\/wp\/v2\/product\/751916","targetHints":{"allow":["GET"]}}],"collection":[{"href":"https:\/\/roveyayinevi.com.tr\/index.php\/wp-json\/wp\/v2\/product"}],"about":[{"href":"https:\/\/roveyayinevi.com.tr\/index.php\/wp-json\/wp\/v2\/types\/product"}],"wp:attachment":[{"href":"https:\/\/roveyayinevi.com.tr\/index.php\/wp-json\/wp\/v2\/media?parent=751916"}],"wp:term":[{"taxonomy":"product_brand","embeddable":true,"href":"https:\/\/roveyayinevi.com.tr\/index.php\/wp-json\/wp\/v2\/product_brand?post=751916"},{"taxonomy":"product_cat","embeddable":true,"href":"https:\/\/roveyayinevi.com.tr\/index.php\/wp-json\/wp\/v2\/product_cat?post=751916"},{"taxonomy":"product_tag","embeddable":true,"href":"https:\/\/roveyayinevi.com.tr\/index.php\/wp-json\/wp\/v2\/product_tag?post=751916"}],"curies":[{"name":"wp","href":"https:\/\/api.w.org\/{rel}","templated":true}]}}