{"id":751915,"date":"2025-08-28T05:01:59","date_gmt":"2025-08-28T02:01:59","guid":{"rendered":"https:\/\/roveyayinevi.com.tr\/index.php\/urun\/gunes-ulkesi-horasan\/"},"modified":"2026-04-16T03:05:28","modified_gmt":"2026-04-16T00:05:28","slug":"gunes-ulkesi-horasan","status":"publish","type":"product","link":"https:\/\/roveyayinevi.com.tr\/index.php\/urun\/gunes-ulkesi-horasan\/","title":{"rendered":"G\u00fcne\u015f \u00dclkesi Horasan"},"content":{"rendered":"<p>G\u00dcNE\u015e \u00dcLKES\u0130 HORASAN\u2019INPARILDAYAN TAR\u0130H\u0130\u2026\u201cG\u00fcne\u015f \u00fclkesi\u201d, \u201cg\u00fcne\u015fin do\u011fdu\u011fu yer\u201d anlamlar\u0131na gelen Horasan, hem devletler tarihinde hem de d\u00fcnya tarihinde \u00f6nemli bir yeri olan Sel\u00e7uklular\u0131n g\u00f6zbebe\u011fi olmu\u015ftur. Devletin be\u015fi\u011fi, sultanlar\u0131n kudret kayna\u011f\u0131, ilim, ticaret ve zenginli\u011fin de merkezi olarak kabul edilmi\u015ftir. Sel\u00e7uklular, kurulu\u015f merkezleri olan Horasan\u2019\u0131n geli\u015fmesine \u00f6nemli katk\u0131larda bulunmu\u015f, bunun neticesinde b\u00f6lge siyas\u00ee, ekonomik ve k\u00fclt\u00fcrel alanda di\u011fer b\u00f6lgeler \u00fczerinde etkin olmu\u015ftur. Devlet te\u015fkil\u00e2tlanmas\u0131n\u0131 olduk\u00e7a seri ve kuvvetli bi\u00e7imde ger\u00e7ekle\u015ftiren Sel\u00e7uklular; Horasan\u2019a hak etti\u011fi \u00f6nemi her zaman vermi\u015f, yeni fethettikleri pek \u00e7ok b\u00f6lgenin aksine buras\u0131n\u0131n hanedan \u00fcyelerinin h\u00e2kimiyetinde kalmas\u0131na \u00f6zen g\u00f6stermi\u015flerdir.Bug\u00fcne kadar B\u00fcy\u00fck Sel\u00e7uklular tarihiyle ilgili yap\u0131lan pek \u00e7ok \u00e7al\u0131\u015fmada, Horasan\u2019\u0131n co\u011frafyas\u0131na ve siyas\u00ee ge\u00e7mi\u015fine dair bilgilere yer verilmi\u015ftir. Prof. Dr. Cihan Piyadeo\u011flu, G\u00fcne\u015f \u00dclkesi Horasan adl\u0131 kitab\u0131nda siyas\u00ee tarihinden ziyade Horasan\u2019\u0131n zengin k\u00fclt\u00fcrel ve sosyal yap\u0131s\u0131 \u00fczerine titizlikle gidiyor. \u00c7al\u0131\u015fmada, b\u00f6lgede yeti\u015fmi\u015f bulunan \u00e2limlerin h\u00e2l terc\u00fcmelerine, onlar\u0131n e\u011fitimini \u00fcstlenmi\u015f ki\u015filerin isimlerine ve e\u011fitim kurumlar\u0131na yer verilmesi, Horasan\u2019\u0131n ilmi zenginli\u011fini t\u00fcm detaylar\u0131yla ortaya \u00e7\u0131kar\u0131yor. Bunlar\u0131n yan\u0131 s\u0131ra ekonomik hayat ve bug\u00fcne kadar \u00fczerinde pek durulmayan imar faaliyetleri ile Sel\u00e7uklu el sanatlar\u0131 konusuna da de\u011finilmesi, benzersiz bir Horasan foto\u011fraf\u0131 sunmu\u015f oluyor.Horasan\u2019\u0131n sahip oldu\u011fu zenginli\u011fin fark\u0131na varan Sel\u00e7uklular, b\u00fcy\u00fck bir devletin mimar\u0131 olarak tarihe alt\u0131n harflerle kaz\u0131nm\u0131\u015flard\u0131. G\u00fcne\u015f \u00dclkesi Horasan, b\u00f6ylesine \u00f6nemli bir merkezin tarihini daha \u00f6nce g\u00f6r\u00fclmemi\u015f detaylar\u0131yla ve en \u00e7arp\u0131c\u0131 taraflar\u0131yla ortaya koyuyor. Bu y\u00f6n\u00fcyle de her zaman ba\u015fvurulacak bir rehber niteli\u011fi ta\u015f\u0131yor. <\/p>\n","protected":false},"excerpt":{"rendered":"<p>G\u00dcNE\u015e \u00dcLKES\u0130 HORASAN\u2019INPARILDAYAN TAR\u0130H\u0130\u2026\u201cG\u00fcne\u015f \u00fclkesi\u201d, \u201cg\u00fcne\u015fin do\u011fdu\u011fu yer\u201d anlamlar\u0131na gelen Horasan, hem devletler tarihinde hem de d\u00fcnya tarihinde \u00f6nemli bir yeri olan Sel\u00e7uklular\u0131n g\u00f6zbebe\u011fi olmu\u015ftur. Devletin<span class=\"excerpt-hellip\"> [\u2026]<\/span><\/p>\n","protected":false},"featured_media":0,"template":"","meta":{"_monsterinsights_skip_tracking":false,"_monsterinsights_sitenote_active":false,"_monsterinsights_sitenote_note":"","_monsterinsights_sitenote_category":0},"product_brand":[],"product_cat":[12304],"product_tag":[],"class_list":{"0":"post-751915","1":"product","2":"type-product","3":"status-publish","5":"product_cat-tarih","6":"pa_cilt-ciltsiz","7":"pa_tur-kitap","8":"pa_yayinevi-kronik-kitap","9":"pa_yazar-cihan-piyadeoglu","11":"first","12":"instock","13":"sale","14":"shipping-taxable","15":"purchasable","16":"product-type-simple"},"_links":{"self":[{"href":"https:\/\/roveyayinevi.com.tr\/index.php\/wp-json\/wp\/v2\/product\/751915","targetHints":{"allow":["GET"]}}],"collection":[{"href":"https:\/\/roveyayinevi.com.tr\/index.php\/wp-json\/wp\/v2\/product"}],"about":[{"href":"https:\/\/roveyayinevi.com.tr\/index.php\/wp-json\/wp\/v2\/types\/product"}],"wp:attachment":[{"href":"https:\/\/roveyayinevi.com.tr\/index.php\/wp-json\/wp\/v2\/media?parent=751915"}],"wp:term":[{"taxonomy":"product_brand","embeddable":true,"href":"https:\/\/roveyayinevi.com.tr\/index.php\/wp-json\/wp\/v2\/product_brand?post=751915"},{"taxonomy":"product_cat","embeddable":true,"href":"https:\/\/roveyayinevi.com.tr\/index.php\/wp-json\/wp\/v2\/product_cat?post=751915"},{"taxonomy":"product_tag","embeddable":true,"href":"https:\/\/roveyayinevi.com.tr\/index.php\/wp-json\/wp\/v2\/product_tag?post=751915"}],"curies":[{"name":"wp","href":"https:\/\/api.w.org\/{rel}","templated":true}]}}