{"id":751910,"date":"2025-08-28T05:01:53","date_gmt":"2025-08-28T02:01:53","guid":{"rendered":"https:\/\/roveyayinevi.com.tr\/index.php\/urun\/milli-istihbarat-teskilati-1826-2023\/"},"modified":"2026-04-16T03:05:28","modified_gmt":"2026-04-16T00:05:28","slug":"milli-istihbarat-teskilati-1826-2023","status":"publish","type":"product","link":"https:\/\/roveyayinevi.com.tr\/index.php\/urun\/milli-istihbarat-teskilati-1826-2023\/","title":{"rendered":"Milli \u0130stihbarat Te\u015fkilat\u0131 (1826-2023)"},"content":{"rendered":"<p>Modern T\u00fcrk istihbarat\u0131n\u0131n bilinmeyenlerini ke\u015ffedece\u011finiz bir yolculu\u011fa haz\u0131r olun. \u0130stihbarat tarih\u00e7isi Polat Safi, sizleri T\u00fcrk istihbarat d\u00fcnyas\u0131n\u0131n derinliklerine g\u00f6t\u00fcr\u00fcyor. 1826\u2019dan 2023\u2019e uzanan yakla\u015f\u0131k iki y\u00fcz y\u0131ll\u0131k bir s\u00fcrecin merkezine Milli \u0130stihbarat Te\u015fkilat\u0131\u2019n\u0131 (M\u0130T) yerle\u015ftiriyor.   Milli \u0130stihbarat Te\u015fkilat\u0131 (1826-2023) \u00f6nce Osmanl\u0131\u2019dan Cumhuriyet d\u00f6nemine devreden istihbarat miras\u0131n\u0131 g\u00fcn y\u00fcz\u00fcne \u00e7\u0131kar\u0131yor: Osmanl\u0131 gizli polis te\u015fkilat\u0131ndan II. Abd\u00fclhamit\u2019in hafiye sistemine, Te\u015fkilat-\u0131 Mahsusa\u2019dan II. \u015eube\u2019ye ve oradan Milli M\u00fccadele y\u0131llar\u0131ndaki Karakol, Mim Mim ve Felah Gruplar\u0131na uzanan geni\u015f bir incelemeyi sizlerle bulu\u015fturuyor.  Ard\u0131ndan Milli Emniyet Hizmeti Riyaseti\u2019nin (MAH) kurulu\u015fundan Milli \u0130stihbarat Te\u015fkilat\u0131\u2019na ge\u00e7i\u015fe ve oradan g\u00fcn\u00fcm\u00fcze kadar uzanan yakla\u015f\u0131k y\u00fcz y\u0131ll\u0131k bir d\u00f6nemin istihbarat d\u00fcnyas\u0131n\u0131 ayd\u0131nlat\u0131yor.   Yak\u0131n tarih anlat\u0131lar\u0131na istihbarat boyutunu ekleyen Polat Safi, bu kapsamda bir dedektif gibi iz s\u00fcrerek 6-7 Eyl\u00fcl Olaylar\u0131, CIA\u2019in 12 Eyl\u00fcl darbesine etkisi, el-Kaide\u2019nin T\u00fcrkiye\u2019deki ilk eylemleri, PKK-Ermenistan ili\u015fkisi gibi bir\u00e7ok \u00f6nemli olay, operasyon ve kurum \u00fczerindeki gizem perdesini kald\u0131r\u0131yor. Ayr\u0131ca \u015e\u00fckr\u00fc Ali \u00d6gel, Fuat Balkan, Beh\u00e7et T\u00fcrkmen, Fuat Do\u011fu, Hamza G\u00fcrg\u00fc\u00e7 gibi isimlerle ilgili daha \u00f6nce g\u00fcn y\u00fcz\u00fcne \u00e7\u0131kmam\u0131\u015f bilgiler veriyor.   Ve 2010 sonras\u0131\u2026 MOSSAD ile HUMINT protokol\u00fcn\u00fcn sonland\u0131r\u0131lmas\u0131; Hakan Fidan\u2019\u0131n kimli\u011fi; M\u0130T\u2019teki idari, teknik, hukuki ve operatif d\u00f6n\u00fc\u015f\u00fcm; Suriye, Irak, Libya, Karaba\u011f ve Somali\u2019deki faaliyetleriyle istihbarat diplomasisi \u00e7al\u0131\u015fmalar\u0131; FET\u00d6, PKK ve DEA\u015e\u2019a kar\u015f\u0131 y\u00fcr\u00fct\u00fclen m\u00fccadele; Rusya Federasyonu, \u0130srail, Birle\u015fik Arap Emirlikleri, Suudi Arabistan ve \u0130ran\u2019a kar\u015f\u0131 icra edilen istihbarata kar\u015f\u0131 koyma operasyonlar\u0131; paramiliter faaliyetler ve lider kadrolara y\u00f6nelik hedef odakl\u0131 operasyonlar gibi bir\u00e7ok \u00f6nemli konuya dair hem merak\u0131n\u0131z\u0131 giderecek hem de ilgi uyand\u0131racak ayr\u0131nt\u0131lar\u0131 bu kitapta bulabileceksiniz.   Yerli ve yabanc\u0131 ar\u015fivler yan\u0131nda daha \u00f6nce yay\u0131mlanmam\u0131\u015f M\u0130T Ar\u015fiv vesikalar\u0131 kullan\u0131larak haz\u0131rlanan Milli \u0130stihbarat Te\u015fkilat\u0131 (1826-2023) ile T\u00fcrk istihbarat tarihi adeta yeni ba\u015ftan yaz\u0131l\u0131yor.  T\u00fcrk istihbarat\u0131n\u0131 d\u00fcnya istihbarat tarihinin bir par\u00e7as\u0131 yapmaya aday Kronik Kitap Gizli Te\u015fkilatlar Serisi\u2019nin bu yeni \u00e7al\u0131\u015fmas\u0131 istihbarat tarihi merakl\u0131lar\u0131, gizemin ve bilinmeyenin pe\u015finden gidenler i\u00e7in bir ba\u015fucu eseri. <\/p>\n","protected":false},"excerpt":{"rendered":"<p>Modern T\u00fcrk istihbarat\u0131n\u0131n bilinmeyenlerini ke\u015ffedece\u011finiz bir yolculu\u011fa haz\u0131r olun. \u0130stihbarat tarih\u00e7isi Polat Safi, sizleri T\u00fcrk istihbarat d\u00fcnyas\u0131n\u0131n derinliklerine g\u00f6t\u00fcr\u00fcyor. 1826\u2019dan 2023\u2019e uzanan yakla\u015f\u0131k iki y\u00fcz y\u0131ll\u0131k<span class=\"excerpt-hellip\"> [\u2026]<\/span><\/p>\n","protected":false},"featured_media":0,"template":"","meta":{"_monsterinsights_skip_tracking":false,"_monsterinsights_sitenote_active":false,"_monsterinsights_sitenote_note":"","_monsterinsights_sitenote_category":0},"product_brand":[],"product_cat":[12304],"product_tag":[],"class_list":{"0":"post-751910","1":"product","2":"type-product","3":"status-publish","5":"product_cat-tarih","6":"pa_cilt-ciltsiz","7":"pa_tur-kitap","8":"pa_yayinevi-kronik-kitap","9":"pa_yazar-polat-safi","11":"first","12":"instock","13":"sale","14":"shipping-taxable","15":"purchasable","16":"product-type-simple"},"_links":{"self":[{"href":"https:\/\/roveyayinevi.com.tr\/index.php\/wp-json\/wp\/v2\/product\/751910","targetHints":{"allow":["GET"]}}],"collection":[{"href":"https:\/\/roveyayinevi.com.tr\/index.php\/wp-json\/wp\/v2\/product"}],"about":[{"href":"https:\/\/roveyayinevi.com.tr\/index.php\/wp-json\/wp\/v2\/types\/product"}],"wp:attachment":[{"href":"https:\/\/roveyayinevi.com.tr\/index.php\/wp-json\/wp\/v2\/media?parent=751910"}],"wp:term":[{"taxonomy":"product_brand","embeddable":true,"href":"https:\/\/roveyayinevi.com.tr\/index.php\/wp-json\/wp\/v2\/product_brand?post=751910"},{"taxonomy":"product_cat","embeddable":true,"href":"https:\/\/roveyayinevi.com.tr\/index.php\/wp-json\/wp\/v2\/product_cat?post=751910"},{"taxonomy":"product_tag","embeddable":true,"href":"https:\/\/roveyayinevi.com.tr\/index.php\/wp-json\/wp\/v2\/product_tag?post=751910"}],"curies":[{"name":"wp","href":"https:\/\/api.w.org\/{rel}","templated":true}]}}