{"id":751909,"date":"2025-08-28T05:01:52","date_gmt":"2025-08-28T02:01:52","guid":{"rendered":"https:\/\/roveyayinevi.com.tr\/index.php\/urun\/psikolojik-saglamlik\/"},"modified":"2026-04-16T03:05:28","modified_gmt":"2026-04-16T00:05:28","slug":"psikolojik-saglamlik","status":"publish","type":"product","link":"https:\/\/roveyayinevi.com.tr\/index.php\/urun\/psikolojik-saglamlik\/","title":{"rendered":"Psikolojik Sa\u011flaml\u0131k"},"content":{"rendered":"<p>D\u00fcnyada de\u011fi\u015fimin her zamankinden h\u0131zl\u0131 oldu\u011fu bu d\u00f6nemde stres ve kayg\u0131 ile nas\u0131l ba\u015f edebiliriz? Zorlay\u0131c\u0131 bir olay ya\u015fad\u0131\u011f\u0131m\u0131zda ald\u0131\u011f\u0131m\u0131z yaray\u0131 iyile\u015ftirmeyi, tekrar yaralanma ihtimaline ra\u011fmen yola devam etmeyi nas\u0131l ba\u015farabiliriz? Ta\u015f\u0131d\u0131\u011f\u0131 t\u00fcm belirsizlik ve hayal k\u0131r\u0131kl\u0131klar\u0131na ra\u011fmen ya\u015fam\u0131n i\u00e7indeki yerimizi almam\u0131z\u0131 sa\u011flayan en \u00f6nemli beceri; Psikolojik Sa\u011flaml\u0131k. Peki, hangi \u00f6zellikler insan\u0131 psikolojik olarak sa\u011flam k\u0131lar? Psikolojik sa\u011flaml\u0131k nas\u0131l kazan\u0131labilir? \u00c7ocuklar\u0131m\u0131zda psikolojik sa\u011flaml\u0131\u011f\u0131 nas\u0131l destekleyebiliriz? Psikoloji alan\u0131n\u0131n duayenlerinden Prof. Dr. Ay\u015fe Bilge Sel\u00e7uk\u2019un de\u011ferli kaleminden; psikolojik sa\u011flaml\u0131\u011f\u0131n ne oldu\u011funu, zorland\u0131\u011f\u0131n\u0131z d\u00f6nemlerde tekrar aya\u011fa kalkabilmenizi nelerin kolayla\u015ft\u0131raca\u011f\u0131n\u0131 ele alan bir ba\u015fucu kitab\u0131\u2026 Prof. Dr. Ay\u015fe Bilge Sel\u00e7uk, kitapta, \u00f6nemli bilimsel ara\u015ft\u0131rma bulgular\u0131na dayanarak psikolojik sa\u011flaml\u0131\u011f\u0131n nas\u0131l geli\u015ftirilebilece\u011fini anlat\u0131yor ve hayat\u0131n i\u00e7inden \u00f6rneklerle beraber pratikte etkili oldu\u011fu bilinen uygulamalara yer veriyor. Bu kitap hepimiz i\u00e7in\u2026 Ve yolun ba\u015f\u0131ndakiler, yani \u00e7ocuklar\u0131m\u0131z i\u00e7in\u2026 <\/p>\n","protected":false},"excerpt":{"rendered":"<p>D\u00fcnyada de\u011fi\u015fimin her zamankinden h\u0131zl\u0131 oldu\u011fu bu d\u00f6nemde stres ve kayg\u0131 ile nas\u0131l ba\u015f edebiliriz? Zorlay\u0131c\u0131 bir olay ya\u015fad\u0131\u011f\u0131m\u0131zda ald\u0131\u011f\u0131m\u0131z yaray\u0131 iyile\u015ftirmeyi, tekrar yaralanma ihtimaline ra\u011fmen<span class=\"excerpt-hellip\"> [\u2026]<\/span><\/p>\n","protected":false},"featured_media":0,"template":"","meta":{"_monsterinsights_skip_tracking":false,"_monsterinsights_sitenote_active":false,"_monsterinsights_sitenote_note":"","_monsterinsights_sitenote_category":0},"product_brand":[],"product_cat":[12357],"product_tag":[],"class_list":{"0":"post-751909","1":"product","2":"type-product","3":"status-publish","5":"product_cat-psikoloji","6":"pa_cilt-ciltsiz","7":"pa_tur-kitap","8":"pa_yayinevi-kronik-kitap","9":"pa_yazar-ayse-bilge-selcuk","11":"first","12":"instock","13":"sale","14":"shipping-taxable","15":"purchasable","16":"product-type-simple"},"_links":{"self":[{"href":"https:\/\/roveyayinevi.com.tr\/index.php\/wp-json\/wp\/v2\/product\/751909","targetHints":{"allow":["GET"]}}],"collection":[{"href":"https:\/\/roveyayinevi.com.tr\/index.php\/wp-json\/wp\/v2\/product"}],"about":[{"href":"https:\/\/roveyayinevi.com.tr\/index.php\/wp-json\/wp\/v2\/types\/product"}],"wp:attachment":[{"href":"https:\/\/roveyayinevi.com.tr\/index.php\/wp-json\/wp\/v2\/media?parent=751909"}],"wp:term":[{"taxonomy":"product_brand","embeddable":true,"href":"https:\/\/roveyayinevi.com.tr\/index.php\/wp-json\/wp\/v2\/product_brand?post=751909"},{"taxonomy":"product_cat","embeddable":true,"href":"https:\/\/roveyayinevi.com.tr\/index.php\/wp-json\/wp\/v2\/product_cat?post=751909"},{"taxonomy":"product_tag","embeddable":true,"href":"https:\/\/roveyayinevi.com.tr\/index.php\/wp-json\/wp\/v2\/product_tag?post=751909"}],"curies":[{"name":"wp","href":"https:\/\/api.w.org\/{rel}","templated":true}]}}