{"id":751905,"date":"2025-08-28T05:01:47","date_gmt":"2025-08-28T02:01:47","guid":{"rendered":"https:\/\/roveyayinevi.com.tr\/index.php\/urun\/bill-evans-trio-da-1959-61-gorev-dagilimi-etkilesim-ve-eslik-anlayisi\/"},"modified":"2026-04-16T03:05:28","modified_gmt":"2026-04-16T00:05:28","slug":"bill-evans-trio-da-1959-61-gorev-dagilimi-etkilesim-ve-eslik-anlayisi","status":"publish","type":"product","link":"https:\/\/roveyayinevi.com.tr\/index.php\/urun\/bill-evans-trio-da-1959-61-gorev-dagilimi-etkilesim-ve-eslik-anlayisi\/","title":{"rendered":"Bill Evans Trio&#8217; da (1959-61) G\u00f6rev Da\u011f\u0131l\u0131m\u0131, Etkile\u015fim ve E\u015flik Anlay\u0131\u015f\u0131"},"content":{"rendered":"<p>\u0130\u00e7indekiler     \u015eEK\u0130LLER \u00d6NS\u00d6Z 1. G\u0130R\u0130\u015e 1.1. CAZ P\u0130YANONUN 1890 \u0130LE 1950 ARASINDAK\u0130 EVR\u0130M\u0130 1.2. B\u0130LL EVANS\u2019IN GELENEK \u00dcZER\u0130NE YORUMLARI 2. BILL EVANS VE TR\u0130OLARI HAKKINDA L\u0130TERAT\u00dcR 2.1. TR\u0130O ARAYI\u015eLARI (1958) 2.2. B\u0130R\u0130NC\u0130 TR\u0130O (1959-61) 2.3. B\u0130R\u0130NC\u0130 TR\u0130O\u2019DAN SONRA 3. SE\u00c7\u0130LEN ESERLER\u0130N ANAL\u0130Z\u0130 3.1. WALTZ FOR DEBBY 3.2. AUTUMN LEAVES 3.3. NARDIS 3.4. SE\u00c7\u0130LEN ESERLER\u0130N SES TEKNOLOJ\u0130LER\u0130 A\u00c7ISINDAN DE\u011eERLEND\u0130R\u0130LMES\u0130 4. SONU\u00c7<\/p>\n","protected":false},"excerpt":{"rendered":"<p>\u0130\u00e7indekiler \u015eEK\u0130LLER \u00d6NS\u00d6Z 1. G\u0130R\u0130\u015e 1.1. CAZ P\u0130YANONUN 1890 \u0130LE 1950 ARASINDAK\u0130 EVR\u0130M\u0130 1.2. B\u0130LL EVANS\u2019IN GELENEK \u00dcZER\u0130NE YORUMLARI 2. BILL EVANS VE TR\u0130OLARI HAKKINDA L\u0130TERAT\u00dcR<span class=\"excerpt-hellip\"> [\u2026]<\/span><\/p>\n","protected":false},"featured_media":0,"template":"","meta":{"_monsterinsights_skip_tracking":false,"_monsterinsights_sitenote_active":false,"_monsterinsights_sitenote_note":"","_monsterinsights_sitenote_category":0},"product_brand":[],"product_cat":[12573,12566],"product_tag":[],"class_list":{"0":"post-751905","1":"product","2":"type-product","3":"status-publish","5":"product_cat-akademik-kitaplar","6":"product_cat-egitim","7":"pa_cilt-ciltsiz","8":"pa_tur-kitap","9":"pa_yayinevi-gazi-kitabevi","10":"pa_yazar-levent-erim","12":"first","13":"instock","14":"sale","15":"shipping-taxable","16":"purchasable","17":"product-type-simple"},"_links":{"self":[{"href":"https:\/\/roveyayinevi.com.tr\/index.php\/wp-json\/wp\/v2\/product\/751905","targetHints":{"allow":["GET"]}}],"collection":[{"href":"https:\/\/roveyayinevi.com.tr\/index.php\/wp-json\/wp\/v2\/product"}],"about":[{"href":"https:\/\/roveyayinevi.com.tr\/index.php\/wp-json\/wp\/v2\/types\/product"}],"wp:attachment":[{"href":"https:\/\/roveyayinevi.com.tr\/index.php\/wp-json\/wp\/v2\/media?parent=751905"}],"wp:term":[{"taxonomy":"product_brand","embeddable":true,"href":"https:\/\/roveyayinevi.com.tr\/index.php\/wp-json\/wp\/v2\/product_brand?post=751905"},{"taxonomy":"product_cat","embeddable":true,"href":"https:\/\/roveyayinevi.com.tr\/index.php\/wp-json\/wp\/v2\/product_cat?post=751905"},{"taxonomy":"product_tag","embeddable":true,"href":"https:\/\/roveyayinevi.com.tr\/index.php\/wp-json\/wp\/v2\/product_tag?post=751905"}],"curies":[{"name":"wp","href":"https:\/\/api.w.org\/{rel}","templated":true}]}}