{"id":751904,"date":"2025-08-28T05:01:46","date_gmt":"2025-08-28T02:01:46","guid":{"rendered":"https:\/\/roveyayinevi.com.tr\/index.php\/urun\/iklim-degisikligi-ve-finans\/"},"modified":"2026-04-16T03:05:28","modified_gmt":"2026-04-16T00:05:28","slug":"iklim-degisikligi-ve-finans","status":"publish","type":"product","link":"https:\/\/roveyayinevi.com.tr\/index.php\/urun\/iklim-degisikligi-ve-finans\/","title":{"rendered":"\u0130klim De\u011fi\u015fikli\u011fi ve Finans"},"content":{"rendered":"<p>\u0130\u00e7indekiler     Giri\u015f 1. \u0130klim De\u011fi\u015fikli\u011fi ve \u0130nsan \u00dcst\u00fcne Etkileri 2. Ekonomik Kalk\u0131nma ve \u0130klim De\u011fi\u015fikli\u011fi \u0130li\u015fkisi 3. \u0130klim S\u00f6zle\u015fmeleri ve Ekonomik Yans\u0131malar\u0131 4. \u0130klim Finansman\u0131 ve \u0130klim Fonlar\u0131 5. Emisyon Ticaret Sistemleri ve Karbon Piyasalar\u0131 6. 2022 Ukrayna-Rusya Sava\u015f\u0131: Enerji Krizi ve Karbon Piyasalar\u0131 7. S\u0131f\u0131r Karbon Ekonomisinde Borsalar\u0131n Rol\u00fc ve Etkisi 8. T\u00fcrkiye\u2019de \u0130klim Finansman\u0131 ve Politika\u00d6nerileri Sonu\u00e7 Kaynak\u00e7a <\/p>\n","protected":false},"excerpt":{"rendered":"<p>\u0130\u00e7indekiler Giri\u015f 1. \u0130klim De\u011fi\u015fikli\u011fi ve \u0130nsan \u00dcst\u00fcne Etkileri 2. Ekonomik Kalk\u0131nma ve \u0130klim De\u011fi\u015fikli\u011fi \u0130li\u015fkisi 3. \u0130klim S\u00f6zle\u015fmeleri ve Ekonomik Yans\u0131malar\u0131 4. \u0130klim Finansman\u0131 ve<span class=\"excerpt-hellip\"> [\u2026]<\/span><\/p>\n","protected":false},"featured_media":0,"template":"","meta":{"_monsterinsights_skip_tracking":false,"_monsterinsights_sitenote_active":false,"_monsterinsights_sitenote_note":"","_monsterinsights_sitenote_category":0},"product_brand":[],"product_cat":[12573,12566],"product_tag":[],"class_list":{"0":"post-751904","1":"product","2":"type-product","3":"status-publish","5":"product_cat-akademik-kitaplar","6":"product_cat-egitim","7":"pa_cilt-ciltsiz","8":"pa_tur-kitap","9":"pa_yayinevi-gazi-kitabevi","10":"pa_yazar-sahnaz-kocoglu","12":"first","13":"instock","14":"sale","15":"shipping-taxable","16":"purchasable","17":"product-type-simple"},"_links":{"self":[{"href":"https:\/\/roveyayinevi.com.tr\/index.php\/wp-json\/wp\/v2\/product\/751904","targetHints":{"allow":["GET"]}}],"collection":[{"href":"https:\/\/roveyayinevi.com.tr\/index.php\/wp-json\/wp\/v2\/product"}],"about":[{"href":"https:\/\/roveyayinevi.com.tr\/index.php\/wp-json\/wp\/v2\/types\/product"}],"wp:attachment":[{"href":"https:\/\/roveyayinevi.com.tr\/index.php\/wp-json\/wp\/v2\/media?parent=751904"}],"wp:term":[{"taxonomy":"product_brand","embeddable":true,"href":"https:\/\/roveyayinevi.com.tr\/index.php\/wp-json\/wp\/v2\/product_brand?post=751904"},{"taxonomy":"product_cat","embeddable":true,"href":"https:\/\/roveyayinevi.com.tr\/index.php\/wp-json\/wp\/v2\/product_cat?post=751904"},{"taxonomy":"product_tag","embeddable":true,"href":"https:\/\/roveyayinevi.com.tr\/index.php\/wp-json\/wp\/v2\/product_tag?post=751904"}],"curies":[{"name":"wp","href":"https:\/\/api.w.org\/{rel}","templated":true}]}}