{"id":751901,"date":"2025-08-28T05:01:42","date_gmt":"2025-08-28T02:01:42","guid":{"rendered":"https:\/\/roveyayinevi.com.tr\/index.php\/urun\/butun-eserleri-xiv-ciltli\/"},"modified":"2026-04-16T03:05:28","modified_gmt":"2026-04-16T00:05:28","slug":"butun-eserleri-xiv-ciltli","status":"publish","type":"product","link":"https:\/\/roveyayinevi.com.tr\/index.php\/urun\/butun-eserleri-xiv-ciltli\/","title":{"rendered":"B\u00fct\u00fcn Eserleri XIV (Ciltli)"},"content":{"rendered":"<p>\u00c7ehov 1890 y\u0131l\u0131nda, bir s\u00fcrg\u00fcn adas\u0131nda k\u00fcrek mahk\u00fbmlar\u0131n\u0131n korkun\u00e7 ya\u015fam ko\u015fullar\u0131n\u0131 belgelemek i\u00e7in Rusya\u2019dan uzun, zorlu bir yolculu\u011fa \u00e7\u0131kar. T\u00fcm zamanlar\u0131n en etkileyici metinlerinden biriyle geri d\u00f6nmesini sa\u011flayan yorucu bir yolculuk&#8230; Sibirya\u2019daki ilk izlenimlerini ve Sahalin\u2019de kald\u0131\u011f\u0131 \u00fc\u00e7 ayl\u0131k s\u00fcredeki t\u00fcm ac\u0131 deneyimlerini belgeleriyle kaydetmeye kararl\u0131d\u0131r. Bir gazete haberi, bir sosyolojik \u00e7al\u0131\u015fma, bir seyahat g\u00fcnl\u00fc\u011f\u00fcnden daha fazlas\u0131n\u0131 s\u00f6ylemek ister \u00c7ehov: Toplumun kay\u0131ts\u0131zl\u0131\u011f\u0131. Herhangi bir ideolojik g\u00f6stergenin \u00f6tesinde bu kitap, umursanmad\u0131\u011f\u0131 toplumun boyunduru\u011fu alt\u0131nda ezilmi\u015f, ac\u0131 \u00e7eken bir adam, bir kad\u0131n veya bir \u00e7ocuk \u00fczerine, oradaki \u201cinsan\u201d \u00fczerine cesur bir incelemedir. \u00c7arl\u0131k ceza sisteminin ayr\u0131nt\u0131l\u0131 bir tasvirini de i\u00e7eren Sibirya ve Sahalin Adas\u0131, \u00c7ehov\u2019un kariyerinde ve Rusya\u2019da olduk\u00e7a etkili olmu\u015ftur. <\/p>\n","protected":false},"excerpt":{"rendered":"<p>\u00c7ehov 1890 y\u0131l\u0131nda, bir s\u00fcrg\u00fcn adas\u0131nda k\u00fcrek mahk\u00fbmlar\u0131n\u0131n korkun\u00e7 ya\u015fam ko\u015fullar\u0131n\u0131 belgelemek i\u00e7in Rusya\u2019dan uzun, zorlu bir yolculu\u011fa \u00e7\u0131kar. T\u00fcm zamanlar\u0131n en etkileyici metinlerinden biriyle geri<span class=\"excerpt-hellip\"> [\u2026]<\/span><\/p>\n","protected":false},"featured_media":0,"template":"","meta":{"_monsterinsights_skip_tracking":false,"_monsterinsights_sitenote_active":false,"_monsterinsights_sitenote_note":"","_monsterinsights_sitenote_category":0},"product_brand":[],"product_cat":[12291],"product_tag":[],"class_list":{"0":"post-751901","1":"product","2":"type-product","3":"status-publish","5":"product_cat-edebiyat","6":"pa_cilt-ciltli","7":"pa_tur-kitap","8":"pa_yayinevi-alfa-yayinlari","9":"pa_yazar-anton-cehov","11":"first","12":"instock","13":"sale","14":"shipping-taxable","15":"purchasable","16":"product-type-simple"},"_links":{"self":[{"href":"https:\/\/roveyayinevi.com.tr\/index.php\/wp-json\/wp\/v2\/product\/751901","targetHints":{"allow":["GET"]}}],"collection":[{"href":"https:\/\/roveyayinevi.com.tr\/index.php\/wp-json\/wp\/v2\/product"}],"about":[{"href":"https:\/\/roveyayinevi.com.tr\/index.php\/wp-json\/wp\/v2\/types\/product"}],"wp:attachment":[{"href":"https:\/\/roveyayinevi.com.tr\/index.php\/wp-json\/wp\/v2\/media?parent=751901"}],"wp:term":[{"taxonomy":"product_brand","embeddable":true,"href":"https:\/\/roveyayinevi.com.tr\/index.php\/wp-json\/wp\/v2\/product_brand?post=751901"},{"taxonomy":"product_cat","embeddable":true,"href":"https:\/\/roveyayinevi.com.tr\/index.php\/wp-json\/wp\/v2\/product_cat?post=751901"},{"taxonomy":"product_tag","embeddable":true,"href":"https:\/\/roveyayinevi.com.tr\/index.php\/wp-json\/wp\/v2\/product_tag?post=751901"}],"curies":[{"name":"wp","href":"https:\/\/api.w.org\/{rel}","templated":true}]}}