{"id":751897,"date":"2025-08-28T05:01:35","date_gmt":"2025-08-28T02:01:35","guid":{"rendered":"https:\/\/roveyayinevi.com.tr\/index.php\/urun\/numenorun-dususu\/"},"modified":"2026-04-16T03:05:28","modified_gmt":"2026-04-16T00:05:28","slug":"numenorun-dususu","status":"publish","type":"product","link":"https:\/\/roveyayinevi.com.tr\/index.php\/urun\/numenorun-dususu\/","title":{"rendered":"Numenor\u2019un D\u00fc\u015f\u00fc\u015f\u00fc"},"content":{"rendered":"<p>J. R. R. Tolkien, Orta D\u00fcnya\u2019n\u0131n \u0130kinci \u00c7a\u011f\u0131 i\u00e7in \u201ckaranl\u0131k bir \u00e7a\u011fd\u0131r\u201d demi\u015ftir. Silmarillion ba\u015fta olmak \u00fczere Bitmemi\u015f \u00d6yk\u00fcler ve Christopher Tolkien\u2019in on iki ciltlik Orta D\u00fcnya Tarihi\u2019nde detayland\u0131r\u0131lan bu d\u00f6nemin k\u0131r\u0131lma noktas\u0131 say\u0131lan \u201cN\u00famenor\u2019un D\u00fc\u015f\u00fc\u015f\u00fc\u201d ise ilk kez tek bir ciltte toplan\u0131yor ve okurlara N\u00famenor \u00f6zelinde yeni bir tarih\u00e7e sunuyor.    Morgoth\u2019un yenilgiye u\u011frat\u0131lmas\u0131nda Valar\u2019a ve elflere yard\u0131m etmelerinin \u00f6d\u00fcl\u00fc olarak Orta D\u00fcnya insanlar\u0131na bah\u015fedilen N\u00famenor, zamanla uygarl\u0131\u011f\u0131n be\u015fi\u011fi ve zenginli\u011fin merkezi h\u00e2line gelmi\u015fti. Halk\u0131 bilgelikleri ve yi\u011fitlikleriyle \u00fcnl\u00fcyd\u00fc. Ama Manw\u00eb\u2019nin bir \u015fart\u0131 vard\u0131, N\u00famen\u00f3rlular Valar\u2019la Eldar\u2019\u0131n \u00f6l\u00fcms\u00fczl\u00fc\u011f\u00fcne imrenerek Kutlu Diyarlar\u0131 aramaya \u00e7\u0131kamazlard\u0131. Ne var ki N\u00famen\u00f3rlular\u0131n g\u00fc\u00e7leri artt\u0131k\u00e7a \u00f6l\u00fcm korkusu onlar\u0131 sarmalad\u0131, a\u00e7g\u00f6zl\u00fcl\u00fckleri ve kibirleri Sauron\u2019un f\u0131s\u0131lt\u0131lar\u0131 e\u015fli\u011finde y\u00fcreklerini karartt\u0131 ve b\u00f6ylece N\u00famenor\u2019un d\u00fc\u015f\u00fc\u015f\u00fcn\u00fcn tohumlar\u0131 da at\u0131lm\u0131\u015f oldu.   \u00dc\u00e7 bin k\u00fcsur senelik bu \u00e7alkant\u0131l\u0131 tarih G\u00fc\u00e7 Y\u00fcz\u00fckleri\u2019nin d\u00f6v\u00fclmesinden Barad-d\u00fbr\u2019un in\u015fas\u0131na ve Sauron\u2019un y\u00fckseli\u015fine kadar t\u00fcm Orta D\u00fcnya\u2019y\u0131 etkileyecek olaylara sahne olacakt\u0131.   N\u00famenor\u2019un D\u00fc\u015f\u00fc\u015f\u00fc Orta D\u00fcnya\u2019n\u0131n tarihini Y\u00fcz\u00fcklerin Efendisi\u2019nin eklerinde yer alan \u201cY\u0131llar\u0131n \u00d6yk\u00fcs\u00fc\u201d b\u00f6l\u00fcm\u00fcn\u00fcn zaman \u00e7izelgesine ba\u011fl\u0131 kal\u0131p Tolkien\u2019in yay\u0131mlanm\u0131\u015f t\u00fcm metinlerinden faydalanarak Alan Lee\u2019nin art\u0131k klasikle\u015fen tarz\u0131yla \u00e7izdi\u011fi ill\u00fcstrasyonlar\u0131yla birlikte anlat\u0131yor. <\/p>\n","protected":false},"excerpt":{"rendered":"<p>J. R. R. Tolkien, Orta D\u00fcnya\u2019n\u0131n \u0130kinci \u00c7a\u011f\u0131 i\u00e7in \u201ckaranl\u0131k bir \u00e7a\u011fd\u0131r\u201d demi\u015ftir. Silmarillion ba\u015fta olmak \u00fczere Bitmemi\u015f \u00d6yk\u00fcler ve Christopher Tolkien\u2019in on iki ciltlik Orta<span class=\"excerpt-hellip\"> [\u2026]<\/span><\/p>\n","protected":false},"featured_media":0,"template":"","meta":{"_monsterinsights_skip_tracking":false,"_monsterinsights_sitenote_active":false,"_monsterinsights_sitenote_note":"","_monsterinsights_sitenote_category":0},"product_brand":[],"product_cat":[12291,14777],"product_tag":[],"class_list":{"0":"post-751897","1":"product","2":"type-product","3":"status-publish","5":"product_cat-edebiyat","6":"product_cat-fantastik","7":"pa_cilt-ciltsiz","8":"pa_tur-kitap","9":"pa_yayinevi-ithaki-yayinlari","10":"pa_yazar-j-r-r-tolkien","12":"first","13":"instock","14":"sale","15":"shipping-taxable","16":"purchasable","17":"product-type-simple"},"_links":{"self":[{"href":"https:\/\/roveyayinevi.com.tr\/index.php\/wp-json\/wp\/v2\/product\/751897","targetHints":{"allow":["GET"]}}],"collection":[{"href":"https:\/\/roveyayinevi.com.tr\/index.php\/wp-json\/wp\/v2\/product"}],"about":[{"href":"https:\/\/roveyayinevi.com.tr\/index.php\/wp-json\/wp\/v2\/types\/product"}],"wp:attachment":[{"href":"https:\/\/roveyayinevi.com.tr\/index.php\/wp-json\/wp\/v2\/media?parent=751897"}],"wp:term":[{"taxonomy":"product_brand","embeddable":true,"href":"https:\/\/roveyayinevi.com.tr\/index.php\/wp-json\/wp\/v2\/product_brand?post=751897"},{"taxonomy":"product_cat","embeddable":true,"href":"https:\/\/roveyayinevi.com.tr\/index.php\/wp-json\/wp\/v2\/product_cat?post=751897"},{"taxonomy":"product_tag","embeddable":true,"href":"https:\/\/roveyayinevi.com.tr\/index.php\/wp-json\/wp\/v2\/product_tag?post=751897"}],"curies":[{"name":"wp","href":"https:\/\/api.w.org\/{rel}","templated":true}]}}