{"id":751895,"date":"2025-08-28T05:01:32","date_gmt":"2025-08-28T02:01:32","guid":{"rendered":"https:\/\/roveyayinevi.com.tr\/index.php\/urun\/kus-ve-kilic\/"},"modified":"2026-04-16T03:05:28","modified_gmt":"2026-04-16T00:05:28","slug":"kus-ve-kilic","status":"publish","type":"product","link":"https:\/\/roveyayinevi.com.tr\/index.php\/urun\/kus-ve-kilic\/","title":{"rendered":"Ku\u015f ve K\u0131l\u0131\u00e7"},"content":{"rendered":"<p>\u201cKonu\u015fmayacaks\u0131n, s\u00f6ylemeyeceksin. Cenneti ve cehennemi \u00e7a\u011f\u0131rmayacaks\u0131n. \u00d6\u011frenecek ve geli\u015feceksin. Sessiz ol, k\u0131z\u0131m. Hayatta kal.\u201d   Annemin \u00f6ld\u00fcr\u00fcld\u00fc\u011f\u00fc ve kehanetiyle herkesi etkiledi\u011fi g\u00fcn sonun ba\u015flang\u0131c\u0131yd\u0131. Ben art\u0131k susmal\u0131yd\u0131m, babamsa kendi hayat\u0131n\u0131 korumak ad\u0131na benim konu\u015fmad\u0131\u011f\u0131mdan emin olmal\u0131yd\u0131. Zalim kral\u0131m\u0131z da ruhunu satacak ve o\u011flunu g\u00f6klerde kaybedecekti. G\u00fc\u00e7ler dengesi bozulmak \u00fczereydi.   Ne krall\u0131\u011f\u0131n i\u00e7inde oldu\u011fu sava\u015f ne de babam\u0131n iktidar h\u0131rs\u0131 umurumdayd\u0131. Konu\u015fam\u0131yor ya da ses \u00e7\u0131karam\u0131yordum; k\u0131l\u0131\u00e7 kullanamaz ya da bir kral\u0131 cezbedemezdim. Ben yaln\u0131zca \u00f6zg\u00fcr olmak istiyordum. Bir ku\u015f kadar \u00f6zg\u00fcr.     \u201cKu\u015f ve K\u0131l\u0131\u00e7, karakterlerin sizi b\u00fcy\u00fcleyece\u011fi destans\u0131 bir a\u015fk hik\u00e2yesi. Lanetli varl\u0131klar\u0131n, h\u0131rs\u0131n ve sihrin yan\u0131 s\u0131ra en y\u00fcce duygulardan a\u015fk\u0131n anlat\u0131ld\u0131\u011f\u0131 bu kusursuz ve heyecan verici roman\u0131n her zerresine hayran olduk.\u201d \u2014Totally Booked Blog   \u201cAmy Harmon\u2019\u0131n kitaplar\u0131n\u0131n, t\u00fcr\u00fcn\u00fcn di\u011fer \u00f6rnekleri aras\u0131nda daha yumu\u015fak kald\u0131\u011f\u0131n\u0131 duymu\u015f olabilirsiniz ama kimsenin sizi buna inand\u0131rmas\u0131na izin vermeyin. Ku\u015f ve K\u0131l\u0131\u00e7 m\u00fcthi\u015f ate\u015fli bir kitap.\u201d \u2014Slow Reader&#8217;s Blog   \u201cKelimelerin ak\u0131\u015f\u0131na kap\u0131lacak, hik\u00e2yenin romantizmiyle b\u00fcy\u00fclenecek ve Amy Harmon\u2019\u0131n bu \u015fahane kitab\u0131na hayran kalacaks\u0131n\u0131z.\u201d \u2014Vilma Gonzalez   \u201cG\u00f6rsel olarak etkileyici ve titizlikle kurgulanm\u0131\u015f. Ku\u015f ve K\u0131l\u0131\u00e7, beklenmedik bir duygusall\u0131kla dolu.\u201d \u2014Angie and Jessica&#8217;s Dreamy Reads   \u201cRomantik kurgu kurallar\u0131na tamamen sad\u0131k kalan bir fantastik.\u201d \u2014Aestas Book Blog   \u201c\u0130nsan\u0131 daha ilk sat\u0131r\u0131yla etkisi alt\u0131na alan ve sonra kalbimizi usulca hayranl\u0131kla dolduran b\u00fcy\u00fcleyici bir roman.\u201d \u2014Natasha Is A Book Junkie   \u201cBu sadece fantastik bir kitap de\u011fil. H\u0131rs ve g\u00fc\u00e7 aras\u0131ndaki sava\u015f\u0131n i\u015flendi\u011fi g\u00fczel bir a\u015fk hik\u00e2yesi.\u201d \u2014The Romance Cover <\/p>\n","protected":false},"excerpt":{"rendered":"<p>\u201cKonu\u015fmayacaks\u0131n, s\u00f6ylemeyeceksin. Cenneti ve cehennemi \u00e7a\u011f\u0131rmayacaks\u0131n. \u00d6\u011frenecek ve geli\u015feceksin. Sessiz ol, k\u0131z\u0131m. Hayatta kal.\u201d Annemin \u00f6ld\u00fcr\u00fcld\u00fc\u011f\u00fc ve kehanetiyle herkesi etkiledi\u011fi g\u00fcn sonun ba\u015flang\u0131c\u0131yd\u0131. Ben art\u0131k susmal\u0131yd\u0131m,<span class=\"excerpt-hellip\"> [\u2026]<\/span><\/p>\n","protected":false},"featured_media":0,"template":"","meta":{"_monsterinsights_skip_tracking":false,"_monsterinsights_sitenote_active":false,"_monsterinsights_sitenote_note":"","_monsterinsights_sitenote_category":0},"product_brand":[],"product_cat":[12291,14777],"product_tag":[],"class_list":{"0":"post-751895","1":"product","2":"type-product","3":"status-publish","5":"product_cat-edebiyat","6":"product_cat-fantastik","7":"pa_cilt-ciltsiz","8":"pa_tur-kitap","9":"pa_yayinevi-yabanci-yayinevi","10":"pa_yazar-amy-harmon","12":"first","13":"instock","14":"sale","15":"shipping-taxable","16":"purchasable","17":"product-type-simple"},"_links":{"self":[{"href":"https:\/\/roveyayinevi.com.tr\/index.php\/wp-json\/wp\/v2\/product\/751895","targetHints":{"allow":["GET"]}}],"collection":[{"href":"https:\/\/roveyayinevi.com.tr\/index.php\/wp-json\/wp\/v2\/product"}],"about":[{"href":"https:\/\/roveyayinevi.com.tr\/index.php\/wp-json\/wp\/v2\/types\/product"}],"wp:attachment":[{"href":"https:\/\/roveyayinevi.com.tr\/index.php\/wp-json\/wp\/v2\/media?parent=751895"}],"wp:term":[{"taxonomy":"product_brand","embeddable":true,"href":"https:\/\/roveyayinevi.com.tr\/index.php\/wp-json\/wp\/v2\/product_brand?post=751895"},{"taxonomy":"product_cat","embeddable":true,"href":"https:\/\/roveyayinevi.com.tr\/index.php\/wp-json\/wp\/v2\/product_cat?post=751895"},{"taxonomy":"product_tag","embeddable":true,"href":"https:\/\/roveyayinevi.com.tr\/index.php\/wp-json\/wp\/v2\/product_tag?post=751895"}],"curies":[{"name":"wp","href":"https:\/\/api.w.org\/{rel}","templated":true}]}}