{"id":751893,"date":"2025-08-28T05:01:28","date_gmt":"2025-08-28T02:01:28","guid":{"rendered":"https:\/\/roveyayinevi.com.tr\/index.php\/urun\/kayip-eczaci\/"},"modified":"2026-04-16T03:05:28","modified_gmt":"2026-04-16T00:05:28","slug":"kayip-eczaci","status":"publish","type":"product","link":"https:\/\/roveyayinevi.com.tr\/index.php\/urun\/kayip-eczaci\/","title":{"rendered":"Kay\u0131p Eczac\u0131"},"content":{"rendered":"<p>BU \u015e\u0130\u015eEN\u0130N \u0130\u00c7\u0130NDE \u0130HANET, KEDER VE KARANLIK SIRLAR VAR.   On sekizinci y\u00fczy\u0131l Londra\u2019s\u0131n\u0131n derinliklerinde, s\u0131rad\u0131\u015f\u0131 m\u00fc\u015fterilere hizmet veren bir eczane sakl\u0131yd\u0131. \u015eehirdeki kad\u0131nlar, hayatlar\u0131ndaki zalim erkeklere kar\u015f\u0131 kullan\u0131labilecek zehirler satan Nella ad\u0131nda gizemli bir kad\u0131n\u0131n ad\u0131n\u0131 f\u0131s\u0131ld\u0131yorlard\u0131 birbirlerine. Fakat Nella\u2019n\u0131n en gen\u00e7 m\u00fc\u015fterisi Eliza \u00f6l\u00fcmc\u00fcl bir hata yapmak \u00fczereydi ve yank\u0131s\u0131 as\u0131rlarca s\u00fcrecek bir dizi sonu\u00e7 do\u011furarak eczanenin gelece\u011fini tehlikeye atacakt\u0131.   G\u00fcn\u00fcm\u00fcz Londra\u2019s\u0131ndaysa tarih\u00e7i olmaya can atan Caroline Parcewell, onuncu evlilik y\u0131ld\u00f6n\u00fcm\u00fcn\u00fc tek ba\u015f\u0131na kutlarken dertlerini unutmaya \u00e7al\u0131\u015f\u0131yordu. Y\u00fczle\u015fmekten ka\u00e7t\u0131\u011f\u0131 ne varsa, iki as\u0131r \u00f6nce Londra\u2019y\u0131 sarsan cinayetler silsilesine dair bir ipucuna denk gelmesiyle birlikte su y\u00fcz\u00fcne \u00e7\u0131kacakt\u0131.   Newsweek, Good Housekeeping, Hello!,  Oprah.com, Bustle, Popsugar, Betches, Sweet July, GoodReads 2021\u2019\u0130N EN \u00c7OK \u00d6NER\u0130LEN K\u0130TABI   \u201cKay\u0131p Eczac\u0131 bir solukta okunacak kitaplardan. Sarah Penner bize kad\u0131nlar\u0131n ya\u015famlar\u0131, ihanet, g\u00fc\u00e7 ve tarihle ilgili bir yapboz kutusu veriyor sanki.\u201d \u2014Erika Swyler   \u201cB\u00fcy\u00fcleyici tarihsel detaylarla dolu\u2026 Giderek artan bir yo\u011funlukla okurun kalbini \u00e7arpt\u0131ran tatmin edici bir sona do\u011fru ilerliyor.\u201d \u2014Kristin Harmel   \u201cKay\u0131p Eczac\u0131 zehir gibi bir roman\u2026 Londra\u2019y\u0131 merkezine alan hik\u00e2ye ge\u00e7mi\u015fle g\u00fcn\u00fcm\u00fcz aras\u0131nda ya\u011f gibi ak\u0131yor, \u00fc\u00e7 ana karakterin kalp k\u0131r\u0131kl\u0131klar\u0131n\u0131 ve suya d\u00fc\u015fm\u00fc\u015f hayallerini son paragrafa dek s\u00fcrprizlerini s\u00fcrd\u00fcrerek sayfalara aktar\u0131yor.\u201d \u2014NPR   \u201cElinizden b\u0131rakamayacaks\u0131n\u0131z.\u201d \u2014theSkimm   \u201cOrijinal, \u00e7ok iyi i\u015flenmi\u015f ve \u00e7arp\u0131c\u0131 hik\u00e2yesiyle Kay\u0131p Eczac\u0131, unutulmaz karakterler, inand\u0131r\u0131c\u0131 bir gerilim ve bir dizi ters k\u00f6\u015fe sunuyor.\u201d \u2014Midwest Book Review   \u201cZengin detaylar\u0131, ak\u0131c\u0131 temposu ve insan\u0131 saran gizemiyle s\u00fcr\u00fckleyici.\u201d \u2014Tampa Bay Times   \u201cG\u00fczelce demlenmi\u015f bir iksirde oldu\u011fu gibi t\u00fcm bile\u015fenler tam dozunda ve sonunda ortaya \u00e7\u0131kan roman o leziz efsunuyla sizi ele ge\u00e7iriyor.\u201d \u2014Bookpage   \u201cS\u0131rlar\u0131n g\u00fcc\u00fc ve insan\u0131n kendi yolunu bulma m\u00fccadelesiyle okuru i\u00e7ine \u00e7eken bir hik\u00e2ye.\u201d \u2014Historical Novel Review   \u201cKad\u0131nlar\u0131n ya\u015famlar\u0131na dair paralel akan ge\u00e7mi\u015f\/g\u00fcn\u00fcm\u00fcz anlat\u0131lar\u0131ndan ho\u015flananlar bu muhte\u015fem hik\u00e2yedeki tarihi detaylara ve gizeme bay\u0131lacak.\u201d \u2014Library Journal   \u201cKay\u0131p Eczac\u0131\u2019da farkl\u0131 y\u00fczy\u0131llarda ya\u015fam\u0131\u015f kad\u0131nlar hem ger\u00e7e\u011fin hem de intikamlar\u0131n\u0131n pe\u015fine d\u00fc\u015f\u00fcyor. S\u00fcr\u00fckleyici, tamamen orijinal ve g\u00fc\u00e7l\u00fc bir hik\u00e2ye.\u201d \u2014Fiona Davis   \u201cSarah Penner, Kay\u0131p Eczac\u0131\u2019da \u00fc\u00e7 ana karakteri ve iki farkl\u0131 zaman ak\u0131\u015f\u0131n\u0131 ikna edici bir bi\u00e7imde bir araya getirerek zehir, intikam ve onlar\u0131 ezen bir d\u00fcnyaya kar\u015f\u0131 di\u011fer kad\u0131nlara yard\u0131m eden gizli bir kad\u0131n a\u011f\u0131n\u0131 birle\u015ftiriyor. Cesur, c\u00fcretk\u00e2r, d\u00f6rt d\u00f6rtl\u00fck bir ilk roman!\u201d \u2014Kate Quinn   \u201cDerin ara\u015ft\u0131rmalar\u0131n sonucunda ortaya \u00e7\u0131kan Kay\u0131p Eczac\u0131 merak\u0131n\u0131z\u0131 k\u00f6r\u00fckleyecek.\u201d \u2014Amy Meyerson   \u201cKay\u0131p Eczac\u0131 zehirlere, iksirlere ve hayatta kalmak ad\u0131na yap\u0131lan karanl\u0131k eylemlere dair dikkat \u00e7eken bir hik\u00e2ye.\u201d \u2014Heather Webb<\/p>\n","protected":false},"excerpt":{"rendered":"<p>BU \u015e\u0130\u015eEN\u0130N \u0130\u00c7\u0130NDE \u0130HANET, KEDER VE KARANLIK SIRLAR VAR. On sekizinci y\u00fczy\u0131l Londra\u2019s\u0131n\u0131n derinliklerinde, s\u0131rad\u0131\u015f\u0131 m\u00fc\u015fterilere hizmet veren bir eczane sakl\u0131yd\u0131. \u015eehirdeki kad\u0131nlar, hayatlar\u0131ndaki zalim erkeklere<span class=\"excerpt-hellip\"> [\u2026]<\/span><\/p>\n","protected":false},"featured_media":0,"template":"","meta":{"_monsterinsights_skip_tracking":false,"_monsterinsights_sitenote_active":false,"_monsterinsights_sitenote_note":"","_monsterinsights_sitenote_category":0},"product_brand":[],"product_cat":[12291,12711],"product_tag":[],"class_list":{"0":"post-751893","1":"product","2":"type-product","3":"status-publish","5":"product_cat-edebiyat","6":"product_cat-roman-oyku","7":"pa_cilt-ciltsiz","8":"pa_tur-kitap","9":"pa_yayinevi-yabanci-yayinevi","10":"pa_yazar-sarah-penner","12":"first","13":"instock","14":"sale","15":"shipping-taxable","16":"purchasable","17":"product-type-simple"},"_links":{"self":[{"href":"https:\/\/roveyayinevi.com.tr\/index.php\/wp-json\/wp\/v2\/product\/751893","targetHints":{"allow":["GET"]}}],"collection":[{"href":"https:\/\/roveyayinevi.com.tr\/index.php\/wp-json\/wp\/v2\/product"}],"about":[{"href":"https:\/\/roveyayinevi.com.tr\/index.php\/wp-json\/wp\/v2\/types\/product"}],"wp:attachment":[{"href":"https:\/\/roveyayinevi.com.tr\/index.php\/wp-json\/wp\/v2\/media?parent=751893"}],"wp:term":[{"taxonomy":"product_brand","embeddable":true,"href":"https:\/\/roveyayinevi.com.tr\/index.php\/wp-json\/wp\/v2\/product_brand?post=751893"},{"taxonomy":"product_cat","embeddable":true,"href":"https:\/\/roveyayinevi.com.tr\/index.php\/wp-json\/wp\/v2\/product_cat?post=751893"},{"taxonomy":"product_tag","embeddable":true,"href":"https:\/\/roveyayinevi.com.tr\/index.php\/wp-json\/wp\/v2\/product_tag?post=751893"}],"curies":[{"name":"wp","href":"https:\/\/api.w.org\/{rel}","templated":true}]}}