{"id":751892,"date":"2025-08-28T05:01:27","date_gmt":"2025-08-28T02:01:27","guid":{"rendered":"https:\/\/roveyayinevi.com.tr\/index.php\/urun\/ilimli-vegan\/"},"modified":"2026-04-08T03:12:05","modified_gmt":"2026-04-08T00:12:05","slug":"ilimli-vegan","status":"publish","type":"product","link":"https:\/\/roveyayinevi.com.tr\/index.php\/urun\/ilimli-vegan\/","title":{"rendered":"Il\u0131ml\u0131 Vegan"},"content":{"rendered":"<p>Kendime \u0131l\u0131ml\u0131 vegan diyorum. \u0130nsanlardan \u00e7ok hayvanlara de\u011fer veriyorum. K\u0131rk y\u0131l\u0131n ba\u015f\u0131 peynirlerinden tatt\u0131m diye bana k\u0131zarlar m\u0131? Sanmam. 10 seneyi ge\u00e7mi\u015ftir a\u011fz\u0131ma et s\u00fcrmeyeli, ama arada birka\u00e7 \u00e7atal pasta yedim. Bu beni veganl\u0131k d\u0131\u015f\u0131 bir mertebeye mi s\u00fcr\u00fckler? Hayvanlar\u0131n nesli t\u00fckenirken, denizler yok olurken, topraklar verimsizle\u015firken ya vegan olursun ya da d\u00fcnyan\u0131n sonu gelir gibi bir anlay\u0131\u015f nas\u0131l ger\u00e7ek\u00e7i olabilir? K\u0131zartman\u0131n \u00fcst\u00fcndeki yo\u011furdu itip alt\u0131ndakileri al\u0131yorum, biri \u00e7\u0131k\u0131p panikle; \u201cYaln\u0131z o yo\u011furda de\u011fdi,\u201d diyebiliyor. Abi k\u00f6r m\u00fcy\u00fcm ben? Vegan olmay\u0131 ne olarak konumluyorsun kafanda? Oben Budak, Il\u0131ml\u0131 Vegan kitab\u0131nda bu sorular\u0131 cesurca sorarken veganizme bamba\u015fka bir bak\u0131\u015f a\u00e7\u0131s\u0131 kazand\u0131r\u0131yor; konuyu sosyal ve ideolojik a\u00e7\u0131dan de\u011ferlendiriyor. Veganl\u0131\u011fa ge\u00e7i\u015f yapanlara, vegan olmay\u0131 d\u00fc\u015f\u00fcnen ve fakat bir t\u00fcrl\u00fc ad\u0131m atamayanlara ya da kafas\u0131 kar\u0131\u015f\u0131klara yol g\u00f6steren Budak, bir yandan g\u00fcld\u00fcr\u00fcyor bir yandan da pratik tavsiyeler veriyor. \u201cKonu mutlu hayvanc\u0131klar ve gezegenimizle ilgili. Bunu bilerek yola \u00e7\u0131kmal\u0131. Bu yolun ne kadar\u0131n\u0131 tamamlayabilirsen tamamla, de\u011ferlisin. Et yemek seni k\u00f6t\u00fc bir insan yapmaz. Hayvansal g\u0131da t\u00fcketmiyor olmak da veganlar\u0131 aziz mertebesine y\u00fckseltmez. L\u00fctfen unutma; veganl\u0131k sevdi\u011fin \u015feylerden vazge\u00e7mek de\u011fil, hayat\u0131n tad\u0131n\u0131 \u00e7\u0131karmak.\u201d <\/p>\n","protected":false},"excerpt":{"rendered":"<p>Kendime \u0131l\u0131ml\u0131 vegan diyorum. \u0130nsanlardan \u00e7ok hayvanlara de\u011fer veriyorum. K\u0131rk y\u0131l\u0131n ba\u015f\u0131 peynirlerinden tatt\u0131m diye bana k\u0131zarlar m\u0131? Sanmam. 10 seneyi ge\u00e7mi\u015ftir a\u011fz\u0131ma et s\u00fcrmeyeli, ama<span class=\"excerpt-hellip\"> [\u2026]<\/span><\/p>\n","protected":false},"featured_media":0,"template":"","meta":{"_monsterinsights_skip_tracking":false,"_monsterinsights_sitenote_active":false,"_monsterinsights_sitenote_note":"","_monsterinsights_sitenote_category":0},"product_brand":[],"product_cat":[12364,12376],"product_tag":[],"class_list":{"0":"post-751892","1":"product","2":"type-product","3":"status-publish","5":"product_cat-genel-konular","6":"product_cat-kisisel-gelisim","7":"pa_cilt-ciltsiz","8":"pa_tur-kitap","9":"pa_yayinevi-muptela-yayinevi","10":"pa_yazar-oben-budak","12":"first","13":"instock","14":"sale","15":"shipping-taxable","16":"purchasable","17":"product-type-simple"},"_links":{"self":[{"href":"https:\/\/roveyayinevi.com.tr\/index.php\/wp-json\/wp\/v2\/product\/751892","targetHints":{"allow":["GET"]}}],"collection":[{"href":"https:\/\/roveyayinevi.com.tr\/index.php\/wp-json\/wp\/v2\/product"}],"about":[{"href":"https:\/\/roveyayinevi.com.tr\/index.php\/wp-json\/wp\/v2\/types\/product"}],"wp:attachment":[{"href":"https:\/\/roveyayinevi.com.tr\/index.php\/wp-json\/wp\/v2\/media?parent=751892"}],"wp:term":[{"taxonomy":"product_brand","embeddable":true,"href":"https:\/\/roveyayinevi.com.tr\/index.php\/wp-json\/wp\/v2\/product_brand?post=751892"},{"taxonomy":"product_cat","embeddable":true,"href":"https:\/\/roveyayinevi.com.tr\/index.php\/wp-json\/wp\/v2\/product_cat?post=751892"},{"taxonomy":"product_tag","embeddable":true,"href":"https:\/\/roveyayinevi.com.tr\/index.php\/wp-json\/wp\/v2\/product_tag?post=751892"}],"curies":[{"name":"wp","href":"https:\/\/api.w.org\/{rel}","templated":true}]}}