{"id":751888,"date":"2025-08-28T05:01:23","date_gmt":"2025-08-28T02:01:23","guid":{"rendered":"https:\/\/roveyayinevi.com.tr\/index.php\/urun\/istanbul-bektasileri\/"},"modified":"2026-04-16T03:05:28","modified_gmt":"2026-04-16T00:05:28","slug":"istanbul-bektasileri","status":"publish","type":"product","link":"https:\/\/roveyayinevi.com.tr\/index.php\/urun\/istanbul-bektasileri\/","title":{"rendered":"\u0130stanbul Bekta\u015fileri"},"content":{"rendered":"<p>Bekta\u015filik, 13. y\u00fczy\u0131lda H\u00fcnk\u00e2r Hac\u0131 Bekta\u015f Veli\u2019nin te\u015frifiyle Anadolu\u2019nun inan\u00e7 ikliminde do\u011fmaya ba\u015flam\u0131\u015f ve g\u00fcn\u00fcm\u00fcze kadar silinmez izler b\u0131rakm\u0131\u015ft\u0131r. H\u00fcnk\u00e2r\u2019\u0131n Sulucakara\u00f6y\u00fck\u2019te uyand\u0131rd\u0131\u011f\u0131 \u00e7era\u011f k\u0131sa zaman i\u00e7erisinde \u0130stanbul ve \u00e7evresini de ayd\u0131nlatm\u0131\u015ft\u0131r. \u0130stanbul\u2019un fethinden \u00f6nce ba\u015flayan Bekta\u015fi faaliyetleri fetih sonras\u0131 kentte birbiri ard\u0131na yeni tekkeler a\u00e7\u0131larak kurumsalla\u015fm\u0131\u015ft\u0131r. Bir taraftan da Yeni\u00e7eriler ve \u00e2\u015f\u0131k kahvehaneleri yoluyla kent merkezine tesir eden Bekta\u015filik, 1826 y\u0131l\u0131nda b\u00fcy\u00fck bir badire atlatm\u0131\u015ft\u0131r.1826 yasa\u011f\u0131 s\u0131ras\u0131nda \u0130stanbul\u2019da yirmiden fazla Bekta\u015fi tekkesi y\u0131kt\u0131r\u0131l\u0131p emval ve e\u015fyas\u0131 ya\u011fmalan\u0131rken yedi Bekta\u015fi babas\u0131 idam edilmi\u015f, y\u00fczlerce Bekta\u015fi baba ve dervi\u015fleri s\u00fcrg\u00fcn edilmi\u015ftir.   1826 sonra \u00f6zellikle Babag\u00e2n Bekta\u015fili\u011fin g\u00fc\u00e7l\u00fc temsilcilerinden Mahmut Baba, Mehmet Ali Hilmi Dedebaba, Haf\u0131z Baba, Necip Baba, M\u00fcnir Baba, Hasib Baba, Emin Baba, Tahir Baba, Nafi Baba, Nuri Baba, Ali Nutki Baba, H\u00fcseyin Zeki Baba, Ya\u015far Baba, Tevfik Baba, Yusuf Fahir Baba ve daha nice Bekta\u015fi erenleri son d\u00f6nem \u0130stanbul Bekta\u015fili\u011finin abidevi \u015fahsiyetleri olmu\u015flard\u0131r. Bu zatlar yasakl\u0131 y\u0131llarda Bekta\u015fili\u011fin devlet ve toplum nezdinde tekrar itibar kazanmas\u0131 i\u00e7in m\u00fccadelenin yan\u0131 s\u0131ra ho\u015f sohbetleri, edebiyata, musikiye, \u015fiire ve sanata d\u00fc\u015fk\u00fcnl\u00fckleriyle \u0130stanbul\u2019da ilim ve k\u00fclt\u00fcr\u00fcn ne\u015fv\u00fc nema bulmas\u0131na katk\u0131 sa\u011flam\u0131\u015flard\u0131r. Bu \u00e7al\u0131\u015fmada ba\u015fta ar\u015fiv belgeleri olmak \u00fczere \u00e7ok say\u0131da kaynak ve ara\u015ft\u0131rma eser g\u00f6zden ge\u00e7irilerek \u0130stanbul ve \u00e7evresinde elliden fazla Bekta\u015fi tekke ve t\u00fcrbesinin tarihi ayd\u0131nlat\u0131lmaktad\u0131r.<\/p>\n","protected":false},"excerpt":{"rendered":"<p>Bekta\u015filik, 13. y\u00fczy\u0131lda H\u00fcnk\u00e2r Hac\u0131 Bekta\u015f Veli\u2019nin te\u015frifiyle Anadolu\u2019nun inan\u00e7 ikliminde do\u011fmaya ba\u015flam\u0131\u015f ve g\u00fcn\u00fcm\u00fcze kadar silinmez izler b\u0131rakm\u0131\u015ft\u0131r. H\u00fcnk\u00e2r\u2019\u0131n Sulucakara\u00f6y\u00fck\u2019te uyand\u0131rd\u0131\u011f\u0131 \u00e7era\u011f k\u0131sa zaman i\u00e7erisinde<span class=\"excerpt-hellip\"> [\u2026]<\/span><\/p>\n","protected":false},"featured_media":0,"template":"","meta":{"_monsterinsights_skip_tracking":false,"_monsterinsights_sitenote_active":false,"_monsterinsights_sitenote_note":"","_monsterinsights_sitenote_category":0},"product_brand":[],"product_cat":[13575,12718,12719],"product_tag":[],"class_list":{"0":"post-751888","1":"product","2":"type-product","3":"status-publish","5":"product_cat-alevilik-bektasilik","6":"product_cat-din","7":"product_cat-islam","8":"pa_cilt-ciltsiz","9":"pa_tur-kitap","10":"pa_yayinevi-la-kitap-yayinlari","11":"pa_yazar-fahri-maden","13":"first","14":"instock","15":"sale","16":"shipping-taxable","17":"purchasable","18":"product-type-simple"},"_links":{"self":[{"href":"https:\/\/roveyayinevi.com.tr\/index.php\/wp-json\/wp\/v2\/product\/751888","targetHints":{"allow":["GET"]}}],"collection":[{"href":"https:\/\/roveyayinevi.com.tr\/index.php\/wp-json\/wp\/v2\/product"}],"about":[{"href":"https:\/\/roveyayinevi.com.tr\/index.php\/wp-json\/wp\/v2\/types\/product"}],"wp:attachment":[{"href":"https:\/\/roveyayinevi.com.tr\/index.php\/wp-json\/wp\/v2\/media?parent=751888"}],"wp:term":[{"taxonomy":"product_brand","embeddable":true,"href":"https:\/\/roveyayinevi.com.tr\/index.php\/wp-json\/wp\/v2\/product_brand?post=751888"},{"taxonomy":"product_cat","embeddable":true,"href":"https:\/\/roveyayinevi.com.tr\/index.php\/wp-json\/wp\/v2\/product_cat?post=751888"},{"taxonomy":"product_tag","embeddable":true,"href":"https:\/\/roveyayinevi.com.tr\/index.php\/wp-json\/wp\/v2\/product_tag?post=751888"}],"curies":[{"name":"wp","href":"https:\/\/api.w.org\/{rel}","templated":true}]}}