{"id":751886,"date":"2025-08-28T05:01:21","date_gmt":"2025-08-28T02:01:21","guid":{"rendered":"https:\/\/roveyayinevi.com.tr\/index.php\/urun\/zarafetname-seven-onarmak-ister\/"},"modified":"2026-04-16T03:05:28","modified_gmt":"2026-04-16T00:05:28","slug":"zarafetname-seven-onarmak-ister","status":"publish","type":"product","link":"https:\/\/roveyayinevi.com.tr\/index.php\/urun\/zarafetname-seven-onarmak-ister\/","title":{"rendered":"Zarafetname &#8211; Seven Onarmak \u0130ster"},"content":{"rendered":"<p>D\u00fcnyay\u0131 daha ya\u015fan\u0131labilir k\u0131lacak, t\u00fcm ge\u00e7 kalm\u0131\u015fl\u0131klar\u0131n, ke\u015fkelerin, ahlar\u0131n dolu oldu\u011fu \u00f6m\u00fcrlere s\u00fcnger olacak, \u015fifa olacak nitelikte bir kelime tan\u0131yorum. Bulundu\u011fu yeri rayihalarla dolduracak, bulutlardan yumu\u015fak ve ya\u011fmurlar kadar nahif bir kelime o. Y\u00fcz \u00e7evrilmi\u015f, unutulmu\u015f, belki de terk edilmi\u015f onca kelimeyi en g\u00fczel dizelere dizdirebilir. Akrebi kovalayan yelkovan misali Beytullah\u2019ta tavaf edenler gibi nizami, Medine insan\u0131 gibi medeni, g\u00fcnahl\u0131 da olsa iki duda\u011f\u0131n vuslat\u0131ndan \u00e7\u0131kan Kelamullah gibi tertemiz. Sevap gibi, ya\u011fmur gibi, ekmek gibi kutsal bir kelime o. A\u015fk\u0131n memba\u0131: Zar\u00e2fet. Yolu olmayana yol olsun, olana da a\u015fk olsun diye\u2026 <\/p>\n","protected":false},"excerpt":{"rendered":"<p>D\u00fcnyay\u0131 daha ya\u015fan\u0131labilir k\u0131lacak, t\u00fcm ge\u00e7 kalm\u0131\u015fl\u0131klar\u0131n, ke\u015fkelerin, ahlar\u0131n dolu oldu\u011fu \u00f6m\u00fcrlere s\u00fcnger olacak, \u015fifa olacak nitelikte bir kelime tan\u0131yorum. Bulundu\u011fu yeri rayihalarla dolduracak, bulutlardan yumu\u015fak<span class=\"excerpt-hellip\"> [\u2026]<\/span><\/p>\n","protected":false},"featured_media":0,"template":"","meta":{"_monsterinsights_skip_tracking":false,"_monsterinsights_sitenote_active":false,"_monsterinsights_sitenote_note":"","_monsterinsights_sitenote_category":0},"product_brand":[],"product_cat":[12364,12376],"product_tag":[],"class_list":{"0":"post-751886","1":"product","2":"type-product","3":"status-publish","5":"product_cat-genel-konular","6":"product_cat-kisisel-gelisim","7":"pa_cilt-ciltsiz","8":"pa_tur-kitap","9":"pa_yayinevi-nesil-yayinlari","10":"pa_yazar-merve-yildirim","12":"first","13":"instock","14":"sale","15":"shipping-taxable","16":"purchasable","17":"product-type-simple"},"_links":{"self":[{"href":"https:\/\/roveyayinevi.com.tr\/index.php\/wp-json\/wp\/v2\/product\/751886","targetHints":{"allow":["GET"]}}],"collection":[{"href":"https:\/\/roveyayinevi.com.tr\/index.php\/wp-json\/wp\/v2\/product"}],"about":[{"href":"https:\/\/roveyayinevi.com.tr\/index.php\/wp-json\/wp\/v2\/types\/product"}],"wp:attachment":[{"href":"https:\/\/roveyayinevi.com.tr\/index.php\/wp-json\/wp\/v2\/media?parent=751886"}],"wp:term":[{"taxonomy":"product_brand","embeddable":true,"href":"https:\/\/roveyayinevi.com.tr\/index.php\/wp-json\/wp\/v2\/product_brand?post=751886"},{"taxonomy":"product_cat","embeddable":true,"href":"https:\/\/roveyayinevi.com.tr\/index.php\/wp-json\/wp\/v2\/product_cat?post=751886"},{"taxonomy":"product_tag","embeddable":true,"href":"https:\/\/roveyayinevi.com.tr\/index.php\/wp-json\/wp\/v2\/product_tag?post=751886"}],"curies":[{"name":"wp","href":"https:\/\/api.w.org\/{rel}","templated":true}]}}