{"id":751885,"date":"2025-08-28T05:01:20","date_gmt":"2025-08-28T02:01:20","guid":{"rendered":"https:\/\/roveyayinevi.com.tr\/index.php\/urun\/allah-her-yerde\/"},"modified":"2026-04-16T03:05:28","modified_gmt":"2026-04-16T00:05:28","slug":"allah-her-yerde","status":"publish","type":"product","link":"https:\/\/roveyayinevi.com.tr\/index.php\/urun\/allah-her-yerde\/","title":{"rendered":"Allah Her Yerde"},"content":{"rendered":"<p>Tarihin kaydetti\u011fi en b\u00fcy\u00fck \u0130slam \u00e2limlerinden biri hi\u00e7 \u015f\u00fcphesiz \u0130mam Gazal\u00ee\u2019dir. Sel\u00e7uklular\u0131n son d\u00f6neminde ya\u015fayan Gazal\u00ee, geride b\u0131rakt\u0131\u011f\u0131 y\u00fczlerce eser ile gerek \u0130slam \u00e2leminde, gerekse insanl\u0131k \u00e2leminde \u00e7ok derin izler b\u0131rakt\u0131 ve b\u0131rakmaya devam ediyor. \u00c7ok iyi bir kelamc\u0131, derin bir felsefeci, \u00f6nc\u00fc bir mant\u0131k\u00e7\u0131, m\u00fc\u00e7tehit bir f\u0131k\u0131h\u00e7\u0131, m\u00fcmtaz bir tasavvuf\u00e7uydu. \u0130slam \u00e2limlerince kendisine \u201cH\u00fcccet\u00fc\u2019l-\u0130slam\u201d yani, \u201c\u0130slam\u2019\u0131n delili\u201d denildi. Her as\u0131rda bir m\u00fc\u00e7tehidin gelece\u011fini bildiren hadisten hareketle, ya\u015fad\u0131\u011f\u0131 asr\u0131n m\u00fc\u00e7tehidi olarak kabul edildi. \u201cMi\u015fkatu\u2019l-Envar\u201d isimli eserinin terc\u00fcmesi olan bu kitap, Gazal\u00ee\u2019nin tasavvufi eserlerinden biridir ve \u00f6mr\u00fcn\u00fcn sonlar\u0131na do\u011fru telif etmi\u015ftir. Esas olarak, Nur s\u00fbresinin 35. \u00e2yeti olan \u201cAllah g\u00f6klerin ve yerin nurudur.\u201d \u00e2yetinin yorumudur. Sadece mealine bakmakla, hatta baz\u0131 tefsirlere m\u00fcracaatla bu \u00e2yetin ne demek istedi\u011fini anlamak ger\u00e7ekten zordur. Gazal\u00ee, \u201cMi\u015fkatu\u2019l-Envar\u201d\u0131nda bu \u00e2yetle ilgili yorumuyla muhataplar\u0131n\u0131n ufkunu a\u00e7maktad\u0131r. <\/p>\n","protected":false},"excerpt":{"rendered":"<p>Tarihin kaydetti\u011fi en b\u00fcy\u00fck \u0130slam \u00e2limlerinden biri hi\u00e7 \u015f\u00fcphesiz \u0130mam Gazal\u00ee\u2019dir. Sel\u00e7uklular\u0131n son d\u00f6neminde ya\u015fayan Gazal\u00ee, geride b\u0131rakt\u0131\u011f\u0131 y\u00fczlerce eser ile gerek \u0130slam \u00e2leminde, gerekse insanl\u0131k<span class=\"excerpt-hellip\"> [\u2026]<\/span><\/p>\n","protected":false},"featured_media":0,"template":"","meta":{"_monsterinsights_skip_tracking":false,"_monsterinsights_sitenote_active":false,"_monsterinsights_sitenote_note":"","_monsterinsights_sitenote_category":0},"product_brand":[],"product_cat":[16789,12718,12719],"product_tag":[],"class_list":{"0":"post-751885","1":"product","2":"type-product","3":"status-publish","5":"product_cat-diger-islam","6":"product_cat-din","7":"product_cat-islam","8":"pa_cilt-ciltsiz","9":"pa_tur-kitap","10":"pa_yayinevi-nesil-yayinlari","11":"pa_yazar-imam-gazali","13":"first","14":"instock","15":"sale","16":"shipping-taxable","17":"purchasable","18":"product-type-simple"},"_links":{"self":[{"href":"https:\/\/roveyayinevi.com.tr\/index.php\/wp-json\/wp\/v2\/product\/751885","targetHints":{"allow":["GET"]}}],"collection":[{"href":"https:\/\/roveyayinevi.com.tr\/index.php\/wp-json\/wp\/v2\/product"}],"about":[{"href":"https:\/\/roveyayinevi.com.tr\/index.php\/wp-json\/wp\/v2\/types\/product"}],"wp:attachment":[{"href":"https:\/\/roveyayinevi.com.tr\/index.php\/wp-json\/wp\/v2\/media?parent=751885"}],"wp:term":[{"taxonomy":"product_brand","embeddable":true,"href":"https:\/\/roveyayinevi.com.tr\/index.php\/wp-json\/wp\/v2\/product_brand?post=751885"},{"taxonomy":"product_cat","embeddable":true,"href":"https:\/\/roveyayinevi.com.tr\/index.php\/wp-json\/wp\/v2\/product_cat?post=751885"},{"taxonomy":"product_tag","embeddable":true,"href":"https:\/\/roveyayinevi.com.tr\/index.php\/wp-json\/wp\/v2\/product_tag?post=751885"}],"curies":[{"name":"wp","href":"https:\/\/api.w.org\/{rel}","templated":true}]}}