{"id":751884,"date":"2025-08-28T05:01:18","date_gmt":"2025-08-28T02:01:18","guid":{"rendered":"https:\/\/roveyayinevi.com.tr\/index.php\/urun\/hayali-evlilik-gercek-ask\/"},"modified":"2026-04-16T03:05:28","modified_gmt":"2026-04-16T00:05:28","slug":"hayali-evlilik-gercek-ask","status":"publish","type":"product","link":"https:\/\/roveyayinevi.com.tr\/index.php\/urun\/hayali-evlilik-gercek-ask\/","title":{"rendered":"Hayali Evlilik Ger\u00e7ek A\u015fk"},"content":{"rendered":"<p>Sen bir sava\u015f darbesiyle dald\u0131\u011f\u0131n derin uykunda \u00f6l\u00fcmle kal\u0131m m\u00fccadelesi verirken, ben, Cecilia Harcourt, ailemden kalan tek ferdi, karde\u015fimi bulup iyile\u015ftirmek i\u00e7in Atlantik\u2019i a\u015f\u0131p bu sava\u015f arenas\u0131na, New York\u2019a geldim. Ve kader kar\u015f\u0131ma karde\u015fimi de\u011fil, seni \u00e7\u0131kard\u0131&#8230; Karde\u015fimin silah arkada\u015f\u0131n\u0131, Edward Rokesby\u2019yi. Yaral\u0131, bak\u0131ma muhta\u00e7 ve yaln\u0131zd\u0131n. Ya arkam\u0131 d\u00f6n\u00fcp gidecek, karde\u015fimden de umudu kesecektim. Ya da bir i\u015fe yarayacak, hayat\u0131n\u0131 kurtaracakt\u0131m. Ama senin gibi soylu birinin yan\u0131na benim gibi s\u0131radan birini yakla\u015ft\u0131rmazlard\u0131. Baz\u0131 engelleri a\u015fmak i\u00e7in ger\u00e7ekli\u011fin birtak\u0131m d\u00fczenlemelere ihtiyac\u0131 vard\u0131. \u0130\u015fte k\u00fc\u00e7\u00fck bir yalan\u0131n ba\u015flama hik\u00e2yesi&#8230; \u0130\u015fte senin yalanc\u0131ktan kar\u0131n olma hik\u00e2yem&#8230; <\/p>\n","protected":false},"excerpt":{"rendered":"<p>Sen bir sava\u015f darbesiyle dald\u0131\u011f\u0131n derin uykunda \u00f6l\u00fcmle kal\u0131m m\u00fccadelesi verirken, ben, Cecilia Harcourt, ailemden kalan tek ferdi, karde\u015fimi bulup iyile\u015ftirmek i\u00e7in Atlantik\u2019i a\u015f\u0131p bu sava\u015f<span class=\"excerpt-hellip\"> [\u2026]<\/span><\/p>\n","protected":false},"featured_media":0,"template":"","meta":{"_monsterinsights_skip_tracking":false,"_monsterinsights_sitenote_active":false,"_monsterinsights_sitenote_note":"","_monsterinsights_sitenote_category":0},"product_brand":[],"product_cat":[12291,12711],"product_tag":[],"class_list":{"0":"post-751884","1":"product","2":"type-product","3":"status-publish","5":"product_cat-edebiyat","6":"product_cat-roman-oyku","7":"pa_cilt-ciltsiz","8":"pa_tur-kitap","9":"pa_yayinevi-epsilon-yayinlari","10":"pa_yazar-julia-quinn","12":"first","13":"instock","14":"sale","15":"shipping-taxable","16":"purchasable","17":"product-type-simple"},"_links":{"self":[{"href":"https:\/\/roveyayinevi.com.tr\/index.php\/wp-json\/wp\/v2\/product\/751884","targetHints":{"allow":["GET"]}}],"collection":[{"href":"https:\/\/roveyayinevi.com.tr\/index.php\/wp-json\/wp\/v2\/product"}],"about":[{"href":"https:\/\/roveyayinevi.com.tr\/index.php\/wp-json\/wp\/v2\/types\/product"}],"wp:attachment":[{"href":"https:\/\/roveyayinevi.com.tr\/index.php\/wp-json\/wp\/v2\/media?parent=751884"}],"wp:term":[{"taxonomy":"product_brand","embeddable":true,"href":"https:\/\/roveyayinevi.com.tr\/index.php\/wp-json\/wp\/v2\/product_brand?post=751884"},{"taxonomy":"product_cat","embeddable":true,"href":"https:\/\/roveyayinevi.com.tr\/index.php\/wp-json\/wp\/v2\/product_cat?post=751884"},{"taxonomy":"product_tag","embeddable":true,"href":"https:\/\/roveyayinevi.com.tr\/index.php\/wp-json\/wp\/v2\/product_tag?post=751884"}],"curies":[{"name":"wp","href":"https:\/\/api.w.org\/{rel}","templated":true}]}}