{"id":751881,"date":"2025-08-28T05:01:14","date_gmt":"2025-08-28T02:01:14","guid":{"rendered":"https:\/\/roveyayinevi.com.tr\/index.php\/urun\/histeri-2\/"},"modified":"2026-04-16T03:05:28","modified_gmt":"2026-04-16T00:05:28","slug":"histeri-2","status":"publish","type":"product","link":"https:\/\/roveyayinevi.com.tr\/index.php\/urun\/histeri-2\/","title":{"rendered":"Histeri"},"content":{"rendered":"<p>\u201cHisteri ile ilgili her deneme, onun me\u015fhur \u00f6zelliklerini anmak zorunda. Histeri dendi\u011finde, bedenlerinin cinsel istekleri alt\u0131nda bunalm\u0131\u015f, cinsel d\u00fc\u015f\u00fcncelerini bast\u0131ran, konversiyonlar\u0131na kay\u0131ts\u0131z, \u00f6tekiyle had safhada \u00f6zde\u015fle\u015fen, kendini teatral tarzda ifade eden, kendini varolu\u015funa adayaca\u011f\u0131 yerde onu g\u00fcnd\u00fcz d\u00fc\u015flerinde hayal eden, \u00e7ocuksu bir masumiyeti eri\u015fkin d\u00fcnyevili\u011fine ye\u011fleyen insanlar akla gelir. Telkinden mustariptirler; ya \u00f6tekinden kolayca etkilenir, ya da d\u00fc\u015f\u00fcncelerini kendilerine refakat eden di\u011fer histeriklere aktar\u0131rlar. Her ne kadar karakter bozukluklar\u0131 \u00e2leminde ikamet eden ba\u015fkalar\u0131 da yukar\u0131daki \u00f6zelliklerden bir veya birka\u00e7\u0131n\u0131 payla\u015fsa da bunlar\u0131n t\u00fcm\u00fc yaln\u0131zca histerikte tek ve dinamik bir bi\u00e7im alt\u0131nda bir araya gelir.   Kendime bi\u00e7ti\u011fim vazife, b\u00fct\u00fcn bu \u00f6zellikleri histerik bi\u00e7imin kal\u0131b\u0131na d\u00f6kecek bir teori temin etmek.\u201d   Sigmund Freud\u2019dan hareket eden, Melanie Klein ve Donald Winnicott ekollerine u\u011frayan, Frans\u0131z psikanalitik d\u00fc\u015f\u00fcncesinden Jacques Lacan\u2019\u0131 da ihmal etmeyen bu eserinde Bollas, histeri hususunda uzun s\u00fcredir var olan fikirlere yeni bak\u0131\u015f a\u00e7\u0131lar\u0131 getirerek psikanaliz ve psikoterapiyle ilgilenen \u00f6\u011frenciler ve profesyonellerin yan\u0131 s\u0131ra Bat\u0131 k\u00fclt\u00fcr\u00fcnde ki\u015fili\u011fin olu\u015fumuyla ilgilenen s\u0131radan okurlar i\u00e7in de ayd\u0131nlat\u0131c\u0131 bir metin sunuyor. <\/p>\n","protected":false},"excerpt":{"rendered":"<p>\u201cHisteri ile ilgili her deneme, onun me\u015fhur \u00f6zelliklerini anmak zorunda. Histeri dendi\u011finde, bedenlerinin cinsel istekleri alt\u0131nda bunalm\u0131\u015f, cinsel d\u00fc\u015f\u00fcncelerini bast\u0131ran, konversiyonlar\u0131na kay\u0131ts\u0131z, \u00f6tekiyle had safhada \u00f6zde\u015fle\u015fen,<span class=\"excerpt-hellip\"> [\u2026]<\/span><\/p>\n","protected":false},"featured_media":0,"template":"","meta":{"_monsterinsights_skip_tracking":false,"_monsterinsights_sitenote_active":false,"_monsterinsights_sitenote_note":"","_monsterinsights_sitenote_category":0},"product_brand":[],"product_cat":[12357],"product_tag":[],"class_list":{"0":"post-751881","1":"product","2":"type-product","3":"status-publish","5":"product_cat-psikoloji","6":"pa_cilt-ciltsiz","7":"pa_tur-kitap","8":"pa_yayinevi-kolektif-kitap","9":"pa_yazar-christopher-bollas","11":"first","12":"instock","13":"sale","14":"shipping-taxable","15":"purchasable","16":"product-type-simple"},"_links":{"self":[{"href":"https:\/\/roveyayinevi.com.tr\/index.php\/wp-json\/wp\/v2\/product\/751881","targetHints":{"allow":["GET"]}}],"collection":[{"href":"https:\/\/roveyayinevi.com.tr\/index.php\/wp-json\/wp\/v2\/product"}],"about":[{"href":"https:\/\/roveyayinevi.com.tr\/index.php\/wp-json\/wp\/v2\/types\/product"}],"wp:attachment":[{"href":"https:\/\/roveyayinevi.com.tr\/index.php\/wp-json\/wp\/v2\/media?parent=751881"}],"wp:term":[{"taxonomy":"product_brand","embeddable":true,"href":"https:\/\/roveyayinevi.com.tr\/index.php\/wp-json\/wp\/v2\/product_brand?post=751881"},{"taxonomy":"product_cat","embeddable":true,"href":"https:\/\/roveyayinevi.com.tr\/index.php\/wp-json\/wp\/v2\/product_cat?post=751881"},{"taxonomy":"product_tag","embeddable":true,"href":"https:\/\/roveyayinevi.com.tr\/index.php\/wp-json\/wp\/v2\/product_tag?post=751881"}],"curies":[{"name":"wp","href":"https:\/\/api.w.org\/{rel}","templated":true}]}}