{"id":751879,"date":"2025-08-28T05:01:11","date_gmt":"2025-08-28T02:01:11","guid":{"rendered":"https:\/\/roveyayinevi.com.tr\/index.php\/urun\/iki-gunluk-devrim\/"},"modified":"2026-04-16T03:05:27","modified_gmt":"2026-04-16T00:05:27","slug":"iki-gunluk-devrim","status":"publish","type":"product","link":"https:\/\/roveyayinevi.com.tr\/index.php\/urun\/iki-gunluk-devrim\/","title":{"rendered":"\u0130ki G\u00fcnl\u00fck Devrim"},"content":{"rendered":"<p>2013\u2019\u00fcn May\u0131s or-talar\u0131nda bir g\u00fcn\u00fcn sabah\u0131n-da, g\u00fcn \u0131\u015f\u0131\u011f\u0131n\u0131n pencereden odaya d\u00fc\u015fen g\u00f6z kama\u015ft\u0131r\u0131c\u0131 parlak \u0131\u015f\u0131\u011f\u0131yla birlikte ina-n\u0131lmaz bir ba\u015f a\u011fr\u0131s\u0131yla g\u00f6z-lerini a\u00e7t\u0131. Bu s\u0131rada kendisi-ne g\u00f6re tam kar\u015f\u0131s\u0131nda duran yata\u011fa \u00f6ylece uzanm\u0131\u015f olan yak\u0131n arkada\u015f\u0131 \u00d6zg\u00fcr\u2019e g\u00f6z ucuyla bak\u0131yordu. O, arkada-\u015f\u0131n\u0131n derin bir uykuda oldu-\u011fu g\u00f6r\u00fcnce kafas\u0131n\u0131 kurcala-yan sorularla ba\u015f ba\u015fa kald\u0131-\u011f\u0131n\u0131 fark etmesi \u00e7ok uzun s\u00fcrmeyecekti. Yar\u0131mada Cumhuriyeti halk\u0131na bi\u00e7ilen rol, r\u00fcya ile ger\u00e7eklik aras\u0131na s\u0131k\u0131\u015ft\u0131r\u0131lan bir dramdan ibaret mi?<\/p>\n","protected":false},"excerpt":{"rendered":"<p>2013\u2019\u00fcn May\u0131s or-talar\u0131nda bir g\u00fcn\u00fcn sabah\u0131n-da, g\u00fcn \u0131\u015f\u0131\u011f\u0131n\u0131n pencereden odaya d\u00fc\u015fen g\u00f6z kama\u015ft\u0131r\u0131c\u0131 parlak \u0131\u015f\u0131\u011f\u0131yla birlikte ina-n\u0131lmaz bir ba\u015f a\u011fr\u0131s\u0131yla g\u00f6z-lerini a\u00e7t\u0131. Bu s\u0131rada kendisi-ne g\u00f6re<span class=\"excerpt-hellip\"> [\u2026]<\/span><\/p>\n","protected":false},"featured_media":0,"template":"","meta":{"_monsterinsights_skip_tracking":false,"_monsterinsights_sitenote_active":false,"_monsterinsights_sitenote_note":"","_monsterinsights_sitenote_category":0},"product_brand":[],"product_cat":[12291,12711],"product_tag":[],"class_list":{"0":"post-751879","1":"product","2":"type-product","3":"status-publish","5":"product_cat-edebiyat","6":"product_cat-roman-oyku","7":"pa_cilt-ciltsiz","8":"pa_tur-kitap","9":"pa_yayinevi-platanus-publishing","10":"pa_yazar-serkan-dagli","12":"first","13":"instock","14":"sale","15":"shipping-taxable","16":"purchasable","17":"product-type-simple"},"_links":{"self":[{"href":"https:\/\/roveyayinevi.com.tr\/index.php\/wp-json\/wp\/v2\/product\/751879","targetHints":{"allow":["GET"]}}],"collection":[{"href":"https:\/\/roveyayinevi.com.tr\/index.php\/wp-json\/wp\/v2\/product"}],"about":[{"href":"https:\/\/roveyayinevi.com.tr\/index.php\/wp-json\/wp\/v2\/types\/product"}],"wp:attachment":[{"href":"https:\/\/roveyayinevi.com.tr\/index.php\/wp-json\/wp\/v2\/media?parent=751879"}],"wp:term":[{"taxonomy":"product_brand","embeddable":true,"href":"https:\/\/roveyayinevi.com.tr\/index.php\/wp-json\/wp\/v2\/product_brand?post=751879"},{"taxonomy":"product_cat","embeddable":true,"href":"https:\/\/roveyayinevi.com.tr\/index.php\/wp-json\/wp\/v2\/product_cat?post=751879"},{"taxonomy":"product_tag","embeddable":true,"href":"https:\/\/roveyayinevi.com.tr\/index.php\/wp-json\/wp\/v2\/product_tag?post=751879"}],"curies":[{"name":"wp","href":"https:\/\/api.w.org\/{rel}","templated":true}]}}