{"id":751878,"date":"2025-08-28T05:01:10","date_gmt":"2025-08-28T02:01:10","guid":{"rendered":"https:\/\/roveyayinevi.com.tr\/index.php\/urun\/hareketin-kognitif-bilissel-temeli-motor-ogrenme-kuram-ve-stratejileri\/"},"modified":"2026-04-16T03:05:27","modified_gmt":"2026-04-16T00:05:27","slug":"hareketin-kognitif-bilissel-temeli-motor-ogrenme-kuram-ve-stratejileri","status":"publish","type":"product","link":"https:\/\/roveyayinevi.com.tr\/index.php\/urun\/hareketin-kognitif-bilissel-temeli-motor-ogrenme-kuram-ve-stratejileri\/","title":{"rendered":"Hareketin Kognitif (Bili\u015fsel) Temeli Motor \u00d6\u011frenme Kuram ve Stratejileri"},"content":{"rendered":"<p>Bili\u015fsel Rehabilitasyon; bili\u015fsel fonksiyonlar, fark\u0131ndal\u0131k, alg\u0131, mant\u0131ksal d\u00fc\u015f\u00fcnme, dil, bellek ve ak\u0131l y\u00fcr\u00fctme gibi zihinsel s\u00fcre\u00e7leri i\u00e7eren yetenekler veya bili\u015fsel i\u015flemler olarak tan\u0131mlanabilir. Bili\u015fsel fonksiyonlar a\u015fa\u011f\u0131daki gibi a\u00e7\u0131klanabilir: 1. Dikkat (s\u00fcrd\u00fcr\u00fclen, se\u00e7ici, de\u011fi\u015ftirilebilir) 2. Alg\u0131 (g\u00f6rsel, uzamsal, i\u015fitsel, dokunsal) 3. Y\u00f6nelim 4. Bellek (k\u0131sa s\u00fcreli, uzun s\u00fcreli, topografikuzamsal bellek) 5. Y\u00fcr\u00fct\u00fcc\u00fc i\u015flevler (problem \u00e7\u00f6zme ve h\u0131zl\u0131 karar verme) 6. \u00d6\u011frenme ve bilgi kullan\u0131m\u0131 7. Karma\u015f\u0131k becerilerin kazan\u0131lmas\u0131 8. Planlama 9. \u00d6rg\u00fctleme 10. Soyut d\u00fc\u015f\u00fcnme 11. Matematiksel yetenekler<\/p>\n","protected":false},"excerpt":{"rendered":"<p>Bili\u015fsel Rehabilitasyon; bili\u015fsel fonksiyonlar, fark\u0131ndal\u0131k, alg\u0131, mant\u0131ksal d\u00fc\u015f\u00fcnme, dil, bellek ve ak\u0131l y\u00fcr\u00fctme gibi zihinsel s\u00fcre\u00e7leri i\u00e7eren yetenekler veya bili\u015fsel i\u015flemler olarak tan\u0131mlanabilir. Bili\u015fsel fonksiyonlar a\u015fa\u011f\u0131daki<span class=\"excerpt-hellip\"> [\u2026]<\/span><\/p>\n","protected":false},"featured_media":0,"template":"","meta":{"_monsterinsights_skip_tracking":false,"_monsterinsights_sitenote_active":false,"_monsterinsights_sitenote_note":"","_monsterinsights_sitenote_category":0},"product_brand":[],"product_cat":[12573,12566],"product_tag":[],"class_list":{"0":"post-751878","1":"product","2":"type-product","3":"status-publish","5":"product_cat-akademik-kitaplar","6":"product_cat-egitim","7":"pa_cilt-ciltsiz","8":"pa_tur-kitap","9":"pa_yayinevi-platanus-publishing","10":"pa_yazar-ebrar-atak","12":"first","13":"instock","14":"sale","15":"shipping-taxable","16":"purchasable","17":"product-type-simple"},"_links":{"self":[{"href":"https:\/\/roveyayinevi.com.tr\/index.php\/wp-json\/wp\/v2\/product\/751878","targetHints":{"allow":["GET"]}}],"collection":[{"href":"https:\/\/roveyayinevi.com.tr\/index.php\/wp-json\/wp\/v2\/product"}],"about":[{"href":"https:\/\/roveyayinevi.com.tr\/index.php\/wp-json\/wp\/v2\/types\/product"}],"wp:attachment":[{"href":"https:\/\/roveyayinevi.com.tr\/index.php\/wp-json\/wp\/v2\/media?parent=751878"}],"wp:term":[{"taxonomy":"product_brand","embeddable":true,"href":"https:\/\/roveyayinevi.com.tr\/index.php\/wp-json\/wp\/v2\/product_brand?post=751878"},{"taxonomy":"product_cat","embeddable":true,"href":"https:\/\/roveyayinevi.com.tr\/index.php\/wp-json\/wp\/v2\/product_cat?post=751878"},{"taxonomy":"product_tag","embeddable":true,"href":"https:\/\/roveyayinevi.com.tr\/index.php\/wp-json\/wp\/v2\/product_tag?post=751878"}],"curies":[{"name":"wp","href":"https:\/\/api.w.org\/{rel}","templated":true}]}}