{"id":751873,"date":"2025-08-28T05:01:03","date_gmt":"2025-08-28T02:01:03","guid":{"rendered":"https:\/\/roveyayinevi.com.tr\/index.php\/urun\/yert-gok-saglik\/"},"modified":"2026-04-16T03:05:27","modified_gmt":"2026-04-16T00:05:27","slug":"yert-gok-saglik","status":"publish","type":"product","link":"https:\/\/roveyayinevi.com.tr\/index.php\/urun\/yert-gok-saglik\/","title":{"rendered":"Yert G\u00f6k Sa\u011fl\u0131k"},"content":{"rendered":"<p>Sa\u011fl\u0131k dedi\u011fimiz \u201cbedenin ruhu bekledi\u011fi yerde zihnin dinlenmesidir\u201d.   Kendi bedenimizi, ruhumuzu ve zihnimizi bizden daha iyi kim tan\u0131mlayabilir? Sa\u011fl\u0131kla dengede kalmak i\u00e7in temel bilgilere sahip oldu\u011fumuz zaman, kendimizle ba\u011flant\u0131y\u0131 kurabilir ve kendimiz i\u00e7in en iyi ya\u015fam stilini tasarlayabiliriz. Buraya varmak \u00f6yle bir g\u00fc\u00e7t\u00fcr ki; bir daha kimseye gerek olmadan hayat\u0131m\u0131z\u0131n anahtar\u0131n\u0131 elimizde tutmam\u0131z\u0131 sa\u011flar. Ben de bu ilhamla y\u0131llard\u0131r e\u011fitimlerimde ve seanslar\u0131mda payla\u015ft\u0131klar\u0131m\u0131 sizler i\u00e7in derledim. B\u00fct\u00fcnsel sa\u011fl\u0131\u011f\u0131n\u0131z i\u00e7in gerekli olan t\u00fcm temel bilgileri en basit haliyle bir araya getirdim. Bu bilgileri \u00f6z\u00fcmsedi\u011finiz zaman deneyimleyece\u011finiz \u2018iyilik\u2019 hali, size bir duruma veya ki\u015fiye ba\u011f\u0131ml\u0131 olmaks\u0131z\u0131n kendi iradi g\u00fcc\u00fcn\u00fczle ula\u015ft\u0131\u011f\u0131m\u0131z kal\u0131c\u0131 bir denge getirir.   Kitab\u0131 okurken benim yolculu\u011fuma da e\u015flik edeceksiniz. Niyetim, unuttu\u011fum yerleri nas\u0131l hat\u0131rlad\u0131\u011f\u0131m\u0131 anlat\u0131rken beraber b\u00fcy\u00fcmek. Belki benim hat\u0131rlayamad\u0131klar\u0131m\u0131 sizden dinlerim bir g\u00fcn, belki benim hat\u0131rlad\u0131klar\u0131m ilham olur yolunuza. Varaca\u011f\u0131m\u0131z yerin ayn\u0131 oldu\u011funu bilerek, ula\u015faca\u011f\u0131m\u0131z \u015feyin hi\u00e7likten \u00f6te olmad\u0131\u011f\u0131n\u0131 beraber anlar\u0131z belki. Yer ayn\u0131 olsa da farkl\u0131 yollardan gidece\u011fimiz daha d\u00fcnyaya gelirken belli olmu\u015f nas\u0131lsa. Tek ba\u015f\u0131na yol al\u0131rken kar\u015f\u0131la\u015ft\u0131\u011f\u0131m\u0131z yerlerde beraber ilerledi\u011fimizde, co\u015fkuyla, keyifle, dansla kutlamaya de\u011fer olur her ad\u0131m\u0131m\u0131z. <\/p>\n","protected":false},"excerpt":{"rendered":"<p>Sa\u011fl\u0131k dedi\u011fimiz \u201cbedenin ruhu bekledi\u011fi yerde zihnin dinlenmesidir\u201d. Kendi bedenimizi, ruhumuzu ve zihnimizi bizden daha iyi kim tan\u0131mlayabilir? Sa\u011fl\u0131kla dengede kalmak i\u00e7in temel bilgilere sahip oldu\u011fumuz<span class=\"excerpt-hellip\"> [\u2026]<\/span><\/p>\n","protected":false},"featured_media":0,"template":"","meta":{"_monsterinsights_skip_tracking":false,"_monsterinsights_sitenote_active":false,"_monsterinsights_sitenote_note":"","_monsterinsights_sitenote_category":0},"product_brand":[],"product_cat":[13365],"product_tag":[],"class_list":{"0":"post-751873","1":"product","2":"type-product","3":"status-publish","5":"product_cat-saglik","6":"pa_cilt-ciltsiz","7":"pa_tur-kitap","8":"pa_yayinevi-butik-yayinlari","9":"pa_yazar-ceyda-tavukcular","11":"first","12":"instock","13":"sale","14":"shipping-taxable","15":"purchasable","16":"product-type-simple"},"_links":{"self":[{"href":"https:\/\/roveyayinevi.com.tr\/index.php\/wp-json\/wp\/v2\/product\/751873","targetHints":{"allow":["GET"]}}],"collection":[{"href":"https:\/\/roveyayinevi.com.tr\/index.php\/wp-json\/wp\/v2\/product"}],"about":[{"href":"https:\/\/roveyayinevi.com.tr\/index.php\/wp-json\/wp\/v2\/types\/product"}],"wp:attachment":[{"href":"https:\/\/roveyayinevi.com.tr\/index.php\/wp-json\/wp\/v2\/media?parent=751873"}],"wp:term":[{"taxonomy":"product_brand","embeddable":true,"href":"https:\/\/roveyayinevi.com.tr\/index.php\/wp-json\/wp\/v2\/product_brand?post=751873"},{"taxonomy":"product_cat","embeddable":true,"href":"https:\/\/roveyayinevi.com.tr\/index.php\/wp-json\/wp\/v2\/product_cat?post=751873"},{"taxonomy":"product_tag","embeddable":true,"href":"https:\/\/roveyayinevi.com.tr\/index.php\/wp-json\/wp\/v2\/product_tag?post=751873"}],"curies":[{"name":"wp","href":"https:\/\/api.w.org\/{rel}","templated":true}]}}