{"id":751866,"date":"2025-08-28T05:00:55","date_gmt":"2025-08-28T02:00:55","guid":{"rendered":"https:\/\/roveyayinevi.com.tr\/index.php\/urun\/indra\/"},"modified":"2026-04-16T03:05:27","modified_gmt":"2026-04-16T00:05:27","slug":"indra","status":"publish","type":"product","link":"https:\/\/roveyayinevi.com.tr\/index.php\/urun\/indra\/","title":{"rendered":"\u0130ndra"},"content":{"rendered":"<p>\u0130ndra ya\u015fayan d\u00fcnyan\u0131n kral\u0131d\u0131r. Ne\u015fe kazand\u0131ran, nesiller \u00e7o\u011faltan, yiyecek veren, at arabalar\u0131na h\u0131z katan ineklerin koruyucudur. O harikalar yaratan bir tanr\u0131d\u0131r. G\u00fcne\u015f ve \u015fafa\u011f\u0131 do\u011furan odur, sular\u0131 kurtar\u0131p ak\u0131tan tanr\u0131d\u0131r, kurakl\u0131klar\u0131 giderir. \u0130nsanlar gibi ger\u00e7ek hediyeler verir, alt\u0131nlar da\u011f\u0131t\u0131r, mutluluk bah\u015feder ve g\u00fc\u00e7 kazand\u0131r\u0131r. Nefret i\u00e7indeki d\u00fc\u015fmanlara engel oland\u0131r, insan boylar\u0131n\u0131n aras\u0131na kar\u0131\u015f\u0131r, uzaklara yay\u0131l\u0131r; ozanlar \u00f6fkesi dayan\u0131lmaz olan \u201ckral \u0130ndra\u2019y\u0131\u201d sonsuza dek \u00f6verler. Onun tanr\u0131 olarak en \u00f6nemli i\u015flevleri, ba\u015fta Vritra olmak \u00fczere ifritlerle sava\u015fmas\u0131, insanlar\u0131n ihtiyac\u0131 olan sular\u0131 getirmesi, s\u0131\u011f\u0131rlar vermesi, insanlar\u0131n \u00e7e\u015fitli ihtiya\u00e7lar\u0131n\u0131 kar\u015f\u0131lamas\u0131 ve onlar\u0131 d\u00fc\u015fman g\u00fc\u00e7lerden korumas\u0131d\u0131r. Veda d\u00f6neminde tanr\u0131lar insanlar gibi d\u00fc\u015f\u00fcn\u00fcld\u00fc\u011f\u00fcnden onlardan s\u00f6z ederken de bir insanda var olan \u00f6zellikler s\u0131ralan\u0131r. Rigveda\u2019da \u0130ndra i\u00e7in zaman zaman \u201cne\u015feli, \u00f6fkeli, \u00fcn seven, \u00f6vg\u00fcye d\u00fc\u015fk\u00fcn, g\u00fczel yanakl\u0131, g\u00fczel \u00e7eneli, hep gen\u00e7 olan, baba, karde\u015f\u201d gibi insansal nitelikler say\u0131l\u0131r.   \u0130ndra, Hint toplumunu birarada tutan g\u00fc\u00e7l\u00fc bir etkiye sahip, Hint Tarihi\u2019nin vazge\u00e7ilmez bir unsuru olarak ortaya \u00e7\u0131km\u0131\u015ft\u0131r. Tanr\u0131 ve kral \u0130ndra bize Hindistan\u2019\u0131n ulusal kimli\u011fini, bu kimli\u011fin olu\u015fumunda di\u011fer toplumlardan olan temel farkl\u0131l\u0131\u011f\u0131 g\u00f6sterir. Anlat\u0131lan \u0130ndra efsaneleri uzun y\u0131llar i\u00e7inde bi\u00e7imlenen ve \u201cHindistan\u201d olma yolunda ilerleyen toplumun toplumsal bilin\u00e7alt\u0131n\u0131 da g\u00f6sterir ve bu a\u00e7\u0131dan \u00e7ok de\u011ferlidirler. <\/p>\n","protected":false},"excerpt":{"rendered":"<p>\u0130ndra ya\u015fayan d\u00fcnyan\u0131n kral\u0131d\u0131r. Ne\u015fe kazand\u0131ran, nesiller \u00e7o\u011faltan, yiyecek veren, at arabalar\u0131na h\u0131z katan ineklerin koruyucudur. O harikalar yaratan bir tanr\u0131d\u0131r. G\u00fcne\u015f ve \u015fafa\u011f\u0131 do\u011furan odur,<span class=\"excerpt-hellip\"> [\u2026]<\/span><\/p>\n","protected":false},"featured_media":0,"template":"","meta":{"_monsterinsights_skip_tracking":false,"_monsterinsights_sitenote_active":false,"_monsterinsights_sitenote_note":"","_monsterinsights_sitenote_category":0},"product_brand":[],"product_cat":[15499,13488],"product_tag":[],"class_list":{"0":"post-751866","1":"product","2":"type-product","3":"status-publish","5":"product_cat-antropoloji","6":"product_cat-toplum-ve-insan","7":"pa_cilt-ciltsiz","8":"pa_tur-kitap","9":"pa_yayinevi-dogu-bati-yayinlari","10":"pa_yazar-korhan-kaya","12":"first","13":"instock","14":"sale","15":"shipping-taxable","16":"purchasable","17":"product-type-simple"},"_links":{"self":[{"href":"https:\/\/roveyayinevi.com.tr\/index.php\/wp-json\/wp\/v2\/product\/751866","targetHints":{"allow":["GET"]}}],"collection":[{"href":"https:\/\/roveyayinevi.com.tr\/index.php\/wp-json\/wp\/v2\/product"}],"about":[{"href":"https:\/\/roveyayinevi.com.tr\/index.php\/wp-json\/wp\/v2\/types\/product"}],"wp:attachment":[{"href":"https:\/\/roveyayinevi.com.tr\/index.php\/wp-json\/wp\/v2\/media?parent=751866"}],"wp:term":[{"taxonomy":"product_brand","embeddable":true,"href":"https:\/\/roveyayinevi.com.tr\/index.php\/wp-json\/wp\/v2\/product_brand?post=751866"},{"taxonomy":"product_cat","embeddable":true,"href":"https:\/\/roveyayinevi.com.tr\/index.php\/wp-json\/wp\/v2\/product_cat?post=751866"},{"taxonomy":"product_tag","embeddable":true,"href":"https:\/\/roveyayinevi.com.tr\/index.php\/wp-json\/wp\/v2\/product_tag?post=751866"}],"curies":[{"name":"wp","href":"https:\/\/api.w.org\/{rel}","templated":true}]}}