{"id":751865,"date":"2025-08-28T05:00:54","date_gmt":"2025-08-28T02:00:54","guid":{"rendered":"https:\/\/roveyayinevi.com.tr\/index.php\/urun\/insanin-yuceligi-uzerine-soylev\/"},"modified":"2026-04-16T03:05:27","modified_gmt":"2026-04-16T00:05:27","slug":"insanin-yuceligi-uzerine-soylev","status":"publish","type":"product","link":"https:\/\/roveyayinevi.com.tr\/index.php\/urun\/insanin-yuceligi-uzerine-soylev\/","title":{"rendered":"\u0130nsan\u0131n Y\u00fcceli\u011fi \u00dczerine S\u00f6ylev"},"content":{"rendered":"<p>Mirandola ve Concordia kontu Giovanni Pico otuz iki y\u0131ll\u0131k ya\u015fam\u0131 boyunca bilginin pe\u015finden ko\u015ftu. H\u0131ristiyan inanc\u0131na s\u0131k\u0131 s\u0131k\u0131ya ba\u011fl\u0131 olsa da d\u00fcnyadaki t\u00fcm felsefe ekollerinin ve dinlerin insana dair ayn\u0131 \u00f6ze farkl\u0131 k\u0131yafetler giydirdi\u011fini d\u00fc\u015f\u00fcn\u00fcyordu. Gen\u00e7li\u011finin de verdi\u011fi heyecanla, Katolik Kilisesi\u2019ne ve t\u00fcm d\u00fcnyaya yepyeni bir bar\u0131\u015f felsefesini benimsetece\u011fi umudundayd\u0131. Bu u\u011furda t\u00fcm d\u00fcnyan\u0131n bilgisinden faydalanarak ortaya \u00e7\u0131kard\u0131\u011f\u0131, toplam dokuz y\u00fcz sav\u0131n\u0131 papaya sunacakt\u0131. Bu sunuma ba\u015flarken s\u00f6ylemek i\u00e7in de bu s\u00f6ylevi yazd\u0131. Kitapta da anlat\u0131ld\u0131\u011f\u0131 gibi Pico bu g\u00f6revinde ba\u015far\u0131s\u0131zl\u0131\u011fa u\u011frad\u0131, eserine ait kopyalar yak\u0131ld\u0131, bu s\u00f6ylev ise bir bak\u0131ma unutulup sonraki y\u00fczy\u0131llarda de\u011ferini bulmak \u00fczere uykuya dald\u0131.   20. y\u00fczy\u0131l\u0131n tan vaktinde yeniden ortaya \u00e7\u0131kan s\u00f6ylev, ilkin gen\u00e7 bir bilginin Kabalac\u0131l\u0131\u011f\u0131 ve \u00e7ileci mistisizmi te\u015fvik etti\u011fi bir metin olarak de\u011ferlendirildi. Ancak R\u00f6nesans insan\u0131 kavram\u0131 geli\u015ftik\u00e7e H\u00fcmanist felsefenin bu k\u0131sa s\u00f6yleve t\u00fcm sesiyle tesir etti\u011fi anla\u015f\u0131lmaya ba\u015flad\u0131. Pico, tasavvur etti\u011fi o Kabalac\u0131l\u0131k k\u00f6kenli bar\u0131\u015f ve ahenk felsefesini kabul ettirememi\u015f, g\u00f6revinde ba\u015far\u0131s\u0131z olmu\u015ftu belki, ancak ya\u015fad\u0131\u011f\u0131 d\u00f6nemi fark\u0131nda olmadan k\u0131sac\u0131k bir s\u00f6ylevin i\u00e7ine s\u0131\u011fd\u0131rm\u0131\u015f, gelecek y\u00fczy\u0131llara b\u00f6yle seslenmi\u015fti. Bu s\u00f6ylev, \u00f6\u011frenmenin s\u0131n\u0131rs\u0131zl\u0131\u011f\u0131n\u0131 ve evrensel bilgeli\u011fe duyulan a\u00e7l\u0131\u011f\u0131 ifade ediyor. Pico\u2019ya g\u00f6re, insan olmak i\u00e7in akl\u0131 kullanmak, insan\u0131 a\u015fmak i\u00e7in ise akl\u0131n s\u0131n\u0131rlar\u0131n\u0131 durmadan geni\u015fletmek gerekli. <\/p>\n","protected":false},"excerpt":{"rendered":"<p>Mirandola ve Concordia kontu Giovanni Pico otuz iki y\u0131ll\u0131k ya\u015fam\u0131 boyunca bilginin pe\u015finden ko\u015ftu. H\u0131ristiyan inanc\u0131na s\u0131k\u0131 s\u0131k\u0131ya ba\u011fl\u0131 olsa da d\u00fcnyadaki t\u00fcm felsefe ekollerinin ve<span class=\"excerpt-hellip\"> [\u2026]<\/span><\/p>\n","protected":false},"featured_media":0,"template":"","meta":{"_monsterinsights_skip_tracking":false,"_monsterinsights_sitenote_active":false,"_monsterinsights_sitenote_note":"","_monsterinsights_sitenote_category":0},"product_brand":[],"product_cat":[12388],"product_tag":[],"class_list":{"0":"post-751865","1":"product","2":"type-product","3":"status-publish","5":"product_cat-felsefe","6":"pa_cilt-ciltsiz","7":"pa_tur-kitap","8":"pa_yayinevi-dogu-bati-yayinlari","9":"pa_yazar-giovanni-pico-della-mirandola","11":"first","12":"instock","13":"sale","14":"shipping-taxable","15":"purchasable","16":"product-type-simple"},"_links":{"self":[{"href":"https:\/\/roveyayinevi.com.tr\/index.php\/wp-json\/wp\/v2\/product\/751865","targetHints":{"allow":["GET"]}}],"collection":[{"href":"https:\/\/roveyayinevi.com.tr\/index.php\/wp-json\/wp\/v2\/product"}],"about":[{"href":"https:\/\/roveyayinevi.com.tr\/index.php\/wp-json\/wp\/v2\/types\/product"}],"wp:attachment":[{"href":"https:\/\/roveyayinevi.com.tr\/index.php\/wp-json\/wp\/v2\/media?parent=751865"}],"wp:term":[{"taxonomy":"product_brand","embeddable":true,"href":"https:\/\/roveyayinevi.com.tr\/index.php\/wp-json\/wp\/v2\/product_brand?post=751865"},{"taxonomy":"product_cat","embeddable":true,"href":"https:\/\/roveyayinevi.com.tr\/index.php\/wp-json\/wp\/v2\/product_cat?post=751865"},{"taxonomy":"product_tag","embeddable":true,"href":"https:\/\/roveyayinevi.com.tr\/index.php\/wp-json\/wp\/v2\/product_tag?post=751865"}],"curies":[{"name":"wp","href":"https:\/\/api.w.org\/{rel}","templated":true}]}}