{"id":751863,"date":"2025-08-28T05:00:51","date_gmt":"2025-08-28T02:00:51","guid":{"rendered":"https:\/\/roveyayinevi.com.tr\/index.php\/urun\/cildiran-herkul\/"},"modified":"2026-04-03T03:07:16","modified_gmt":"2026-04-03T00:07:16","slug":"cildiran-herkul","status":"publish","type":"product","link":"https:\/\/roveyayinevi.com.tr\/index.php\/urun\/cildiran-herkul\/","title":{"rendered":"\u00c7\u0131ld\u0131ran Herk\u00fcl"},"content":{"rendered":"<p>Seneca\u2019n\u0131n, Hercules Furens adl\u0131 tragedyas\u0131n\u0131n konusu Yunan mitolojisinin g\u00fc\u00e7l\u00fc kahraman\u0131 Herakles (Lat. Hercules, T\u00fcrk. Herk\u00fcl) ve onun i\u015fleridir. Latincede Hercules ismiyle an\u0131lan kahraman, efsaneye g\u00f6re tanr\u0131 Iuppiter ile Miken kral\u0131n\u0131n k\u0131z\u0131 ve Amphitryon\u2019un kar\u0131s\u0131 Alcmene\u2019nin o\u011fludur. Iuppiter, Teleboial\u0131lar \u00fczerine sefer d\u00fczenleyen Amphitryon\u2019un yoklu\u011funda onun k\u0131l\u0131\u011f\u0131na girerek Alcmene ile birlikte olmu\u015f, bu birliktelikten yar\u0131 tanr\u0131, yar\u0131 insan Herk\u00fcl do\u011fmu\u015ftur. Iuppiter\u2019in kar\u0131s\u0131 Iuno, durumdan haberi olunca buna \u00e7ok \u00f6fkelenmi\u015f ve do\u011fan \u00e7ocuk Herk\u00fcl\u2019e \u00f6fkesi hi\u00e7 dinmemi\u015ftir. Nefret dolu tanr\u0131\u00e7a Iuno\u2019nun \u00f6fkesi, \u00f6\u00e7 alma tutkusuna d\u00f6n\u00fc\u015fm\u00fc\u015ft\u00fcr.   Iuno, nefret etti\u011fi \u00fcvey o\u011flu Herk\u00fcl\u2019e, Argos kral\u0131 Eurystheus arac\u0131l\u0131\u011f\u0131yla, on iki zorlu g\u00f6rev vermi\u015ftir. Bu g\u00f6revlerin sonuncusu ve en tehlikelisi, \u00d6l\u00fcler Diyar\u0131\u2019na inmek ve oradaki \u00fc\u00e7 ba\u015fl\u0131 korkun\u00e7 k\u00f6pek Cerberus\u2019u yery\u00fcz\u00fcne getirmektir. Herk\u00fcl, dostu Theseus\u2019un yard\u0131m\u0131yla bu g\u00f6revi de ba\u015far\u0131yla yerine getirip, kar\u0131s\u0131n\u0131, \u00e7ocuklar\u0131n\u0131 ve babas\u0131n\u0131 zalim, zorba tiran Lycus taraf\u0131ndan \u00f6ld\u00fcr\u00fclmekten kurtarmak i\u00e7in tam zaman\u0131nda Thebai\u2019ye var\u0131r. Onlar\u0131 da kurtar\u0131p tam bir zafere ula\u015fmas\u0131na \u00e7ok yakla\u015fm\u0131\u015ft\u0131r. Ancak Iuno, \u00fcvey o\u011flunun zafer kazanmas\u0131n\u0131 engellemeye, onu y\u0131k\u0131ma s\u00fcr\u00fcklemeye kararl\u0131d\u0131r. Bu ama\u00e7la, b\u00f6ylesi zorlu i\u015fler vererek alt edemeyece\u011fini, onu y\u0131ld\u0131ramayaca\u011f\u0131n\u0131 anlad\u0131\u011f\u0131 i\u00e7in plan\u0131n\u0131 de\u011fi\u015ftirir: Herk\u00fcl\u2019\u00fcn kendi g\u00fcc\u00fcn\u00fc kullanarak, onun kendi kendisine zarar vermesini ama\u00e7lar. \u00d6l\u00fcler Diyar\u0131\u2019ndan ba\u015far\u0131yla d\u00f6nen Herk\u00fcl\u2019e cinnet ge\u00e7irtip onu \u00e7\u0131ld\u0131rt\u0131r. <\/p>\n","protected":false},"excerpt":{"rendered":"<p>Seneca\u2019n\u0131n, Hercules Furens adl\u0131 tragedyas\u0131n\u0131n konusu Yunan mitolojisinin g\u00fc\u00e7l\u00fc kahraman\u0131 Herakles (Lat. Hercules, T\u00fcrk. Herk\u00fcl) ve onun i\u015fleridir. Latincede Hercules ismiyle an\u0131lan kahraman, efsaneye g\u00f6re tanr\u0131<span class=\"excerpt-hellip\"> [\u2026]<\/span><\/p>\n","protected":false},"featured_media":0,"template":"","meta":{"_monsterinsights_skip_tracking":false,"_monsterinsights_sitenote_active":false,"_monsterinsights_sitenote_note":"","_monsterinsights_sitenote_category":0},"product_brand":[],"product_cat":[12291,12711],"product_tag":[],"class_list":{"0":"post-751863","1":"product","2":"type-product","3":"status-publish","5":"product_cat-edebiyat","6":"product_cat-roman-oyku","7":"pa_cilt-ciltsiz","8":"pa_tur-kitap","9":"pa_yayinevi-dogu-bati-yayinlari","10":"pa_yazar-lucius-annaeus-seneca","12":"first","13":"instock","14":"sale","15":"shipping-taxable","16":"purchasable","17":"product-type-simple"},"_links":{"self":[{"href":"https:\/\/roveyayinevi.com.tr\/index.php\/wp-json\/wp\/v2\/product\/751863","targetHints":{"allow":["GET"]}}],"collection":[{"href":"https:\/\/roveyayinevi.com.tr\/index.php\/wp-json\/wp\/v2\/product"}],"about":[{"href":"https:\/\/roveyayinevi.com.tr\/index.php\/wp-json\/wp\/v2\/types\/product"}],"wp:attachment":[{"href":"https:\/\/roveyayinevi.com.tr\/index.php\/wp-json\/wp\/v2\/media?parent=751863"}],"wp:term":[{"taxonomy":"product_brand","embeddable":true,"href":"https:\/\/roveyayinevi.com.tr\/index.php\/wp-json\/wp\/v2\/product_brand?post=751863"},{"taxonomy":"product_cat","embeddable":true,"href":"https:\/\/roveyayinevi.com.tr\/index.php\/wp-json\/wp\/v2\/product_cat?post=751863"},{"taxonomy":"product_tag","embeddable":true,"href":"https:\/\/roveyayinevi.com.tr\/index.php\/wp-json\/wp\/v2\/product_tag?post=751863"}],"curies":[{"name":"wp","href":"https:\/\/api.w.org\/{rel}","templated":true}]}}