{"id":751861,"date":"2025-08-28T05:00:49","date_gmt":"2025-08-28T02:00:49","guid":{"rendered":"https:\/\/roveyayinevi.com.tr\/index.php\/urun\/spor-bilimlerine-kuramsal-bakis-iii\/"},"modified":"2026-04-16T03:05:27","modified_gmt":"2026-04-16T00:05:27","slug":"spor-bilimlerine-kuramsal-bakis-iii","status":"publish","type":"product","link":"https:\/\/roveyayinevi.com.tr\/index.php\/urun\/spor-bilimlerine-kuramsal-bakis-iii\/","title":{"rendered":"Spor Bilimlerine Kuramsal Bak\u0131\u015f -III-"},"content":{"rendered":"<p>\u0130\u00e7indekiler     B\u00d6L\u00dcM 1: TEN\u0130S OYUNCULARI VE KAR\u0130YER   B\u00d6L\u00dcM 2: U11-U12 BASKETBOLCULARDA B\u0130LATERAL \u00c7ALI\u015eMALARIN PERFORMANSA ETK\u0130S\u0130   B\u00d6L\u00dcM 3: 8-10 YA\u015e TEN\u0130S\u00c7\u0130LERDE KOORD\u0130NASYON ANTRENMANLARININ DENGE, \u00c7EV\u0130KL\u0130K VE ESNEKL\u0130\u011eE ETK\u0130S\u0130   B\u00d6L\u00dcM 4: SPOR ETK\u0130NL\u0130KLER\u0130NDE YASAL KONULAR   B\u00d6L\u00dcM 5: FUTBOLDA LAKTAT TEST\u0130 VE PERFORMANS ANAL\u0130ZLER\u0130NDE TEKNOLOJ\u0130   B\u00d6L\u00dcM 6: TEN\u0130S \u00d6ZEL\u0130NDE BESLENME PRENS\u0130PLER\u0130   B\u00d6L\u00dcM 7: ABA G\u00dcRE\u015e\u0130N\u0130N TER\u0130MLER\u0130 VE DEY\u0130MLER\u0130 <\/p>\n","protected":false},"excerpt":{"rendered":"<p>\u0130\u00e7indekiler B\u00d6L\u00dcM 1: TEN\u0130S OYUNCULARI VE KAR\u0130YER B\u00d6L\u00dcM 2: U11-U12 BASKETBOLCULARDA B\u0130LATERAL \u00c7ALI\u015eMALARIN PERFORMANSA ETK\u0130S\u0130 B\u00d6L\u00dcM 3: 8-10 YA\u015e TEN\u0130S\u00c7\u0130LERDE KOORD\u0130NASYON ANTRENMANLARININ DENGE, \u00c7EV\u0130KL\u0130K VE ESNEKL\u0130\u011eE<span class=\"excerpt-hellip\"> [\u2026]<\/span><\/p>\n","protected":false},"featured_media":0,"template":"","meta":{"_monsterinsights_skip_tracking":false,"_monsterinsights_sitenote_active":false,"_monsterinsights_sitenote_note":"","_monsterinsights_sitenote_category":0},"product_brand":[],"product_cat":[15563,15564],"product_tag":[],"class_list":{"0":"post-751861","1":"product","2":"type-product","3":"status-publish","5":"product_cat-hobi","6":"product_cat-spor","7":"pa_cilt-ciltsiz","8":"pa_tur-kitap","9":"pa_yayinevi-gazi-kitabevi","10":"pa_yazar-kolektif","12":"first","13":"instock","14":"sale","15":"shipping-taxable","16":"purchasable","17":"product-type-simple"},"_links":{"self":[{"href":"https:\/\/roveyayinevi.com.tr\/index.php\/wp-json\/wp\/v2\/product\/751861","targetHints":{"allow":["GET"]}}],"collection":[{"href":"https:\/\/roveyayinevi.com.tr\/index.php\/wp-json\/wp\/v2\/product"}],"about":[{"href":"https:\/\/roveyayinevi.com.tr\/index.php\/wp-json\/wp\/v2\/types\/product"}],"wp:attachment":[{"href":"https:\/\/roveyayinevi.com.tr\/index.php\/wp-json\/wp\/v2\/media?parent=751861"}],"wp:term":[{"taxonomy":"product_brand","embeddable":true,"href":"https:\/\/roveyayinevi.com.tr\/index.php\/wp-json\/wp\/v2\/product_brand?post=751861"},{"taxonomy":"product_cat","embeddable":true,"href":"https:\/\/roveyayinevi.com.tr\/index.php\/wp-json\/wp\/v2\/product_cat?post=751861"},{"taxonomy":"product_tag","embeddable":true,"href":"https:\/\/roveyayinevi.com.tr\/index.php\/wp-json\/wp\/v2\/product_tag?post=751861"}],"curies":[{"name":"wp","href":"https:\/\/api.w.org\/{rel}","templated":true}]}}