{"id":751858,"date":"2025-08-28T05:00:46","date_gmt":"2025-08-28T02:00:46","guid":{"rendered":"https:\/\/roveyayinevi.com.tr\/index.php\/urun\/spor-yoneticilerinde-liderlik-ve-iletisim\/"},"modified":"2026-04-16T03:05:27","modified_gmt":"2026-04-16T00:05:27","slug":"spor-yoneticilerinde-liderlik-ve-iletisim","status":"publish","type":"product","link":"https:\/\/roveyayinevi.com.tr\/index.php\/urun\/spor-yoneticilerinde-liderlik-ve-iletisim\/","title":{"rendered":"Spor Y\u00f6neticilerinde Liderlik ve \u0130leti\u015fim"},"content":{"rendered":"<p>\u0130\u00e7indekiler     \u00d6NS\u00d6Z 1. G\u0130R\u0130\u015e VE AMA\u00c7 2. GENEL B\u0130LG\u0130LER 2.1. Y\u00d6NET\u0130M 2.2. L\u0130DERL\u0130K 2.3. \u0130LET\u0130\u015e\u0130M <\/p>\n","protected":false},"excerpt":{"rendered":"<p>\u0130\u00e7indekiler \u00d6NS\u00d6Z 1. G\u0130R\u0130\u015e VE AMA\u00c7 2. GENEL B\u0130LG\u0130LER 2.1. Y\u00d6NET\u0130M 2.2. L\u0130DERL\u0130K 2.3. \u0130LET\u0130\u015e\u0130M<\/p>\n","protected":false},"featured_media":0,"template":"","meta":{"_monsterinsights_skip_tracking":false,"_monsterinsights_sitenote_active":false,"_monsterinsights_sitenote_note":"","_monsterinsights_sitenote_category":0},"product_brand":[],"product_cat":[15563,15564],"product_tag":[],"class_list":{"0":"post-751858","1":"product","2":"type-product","3":"status-publish","5":"product_cat-hobi","6":"product_cat-spor","7":"pa_cilt-ciltsiz","8":"pa_tur-kitap","9":"pa_yayinevi-gazi-kitabevi","10":"pa_yazar-yusuf-taze","12":"first","13":"instock","14":"sale","15":"shipping-taxable","16":"purchasable","17":"product-type-simple"},"_links":{"self":[{"href":"https:\/\/roveyayinevi.com.tr\/index.php\/wp-json\/wp\/v2\/product\/751858","targetHints":{"allow":["GET"]}}],"collection":[{"href":"https:\/\/roveyayinevi.com.tr\/index.php\/wp-json\/wp\/v2\/product"}],"about":[{"href":"https:\/\/roveyayinevi.com.tr\/index.php\/wp-json\/wp\/v2\/types\/product"}],"wp:attachment":[{"href":"https:\/\/roveyayinevi.com.tr\/index.php\/wp-json\/wp\/v2\/media?parent=751858"}],"wp:term":[{"taxonomy":"product_brand","embeddable":true,"href":"https:\/\/roveyayinevi.com.tr\/index.php\/wp-json\/wp\/v2\/product_brand?post=751858"},{"taxonomy":"product_cat","embeddable":true,"href":"https:\/\/roveyayinevi.com.tr\/index.php\/wp-json\/wp\/v2\/product_cat?post=751858"},{"taxonomy":"product_tag","embeddable":true,"href":"https:\/\/roveyayinevi.com.tr\/index.php\/wp-json\/wp\/v2\/product_tag?post=751858"}],"curies":[{"name":"wp","href":"https:\/\/api.w.org\/{rel}","templated":true}]}}