{"id":751856,"date":"2025-08-28T05:00:44","date_gmt":"2025-08-28T02:00:44","guid":{"rendered":"https:\/\/roveyayinevi.com.tr\/index.php\/urun\/turkiye-de-kucuk-aile-ciftciligi\/"},"modified":"2026-04-16T03:05:27","modified_gmt":"2026-04-16T00:05:27","slug":"turkiye-de-kucuk-aile-ciftciligi","status":"publish","type":"product","link":"https:\/\/roveyayinevi.com.tr\/index.php\/urun\/turkiye-de-kucuk-aile-ciftciligi\/","title":{"rendered":"T\u00fcrkiye&#8217; de K\u00fc\u00e7\u00fck Aile \u00c7ift\u00e7ili\u011fi"},"content":{"rendered":"<p>\u0130\u00e7indekiler     B\u0130R\u0130NC\u0130 B\u00d6L\u00dcM T\u00dcRK\u0130YE\u2019DE TARIMIN GENEL G\u00d6R\u00dcN\u00dcM\u00dc   \u0130K\u0130NC\u0130 B\u00d6L\u00dcM E-T\u0130CARET ve TARIM   \u00dc\u00c7\u00dcNC\u00dc B\u00d6L\u00dcM Y\u00d6NTEM VE BULGULAR   K\u00dc\u00c7\u00dcK A\u0130LE \u00c7\u0130FT\u00c7\u0130LER\u0130N\u0130N E-T\u0130CARETE UYGUNLU\u011eUNUN ARA\u015eTIRILMASINDA AMP\u0130R\u0130K B\u0130R \u00c7ALI\u015eMA: TORBALI \u00d6RNE\u011e\u0130   SONU\u00c7 VE TARTI\u015eMA KAYNAK\u00c7A <\/p>\n","protected":false},"excerpt":{"rendered":"<p>\u0130\u00e7indekiler B\u0130R\u0130NC\u0130 B\u00d6L\u00dcM T\u00dcRK\u0130YE\u2019DE TARIMIN GENEL G\u00d6R\u00dcN\u00dcM\u00dc \u0130K\u0130NC\u0130 B\u00d6L\u00dcM E-T\u0130CARET ve TARIM \u00dc\u00c7\u00dcNC\u00dc B\u00d6L\u00dcM Y\u00d6NTEM VE BULGULAR K\u00dc\u00c7\u00dcK A\u0130LE \u00c7\u0130FT\u00c7\u0130LER\u0130N\u0130N E-T\u0130CARETE UYGUNLU\u011eUNUN ARA\u015eTIRILMASINDA AMP\u0130R\u0130K B\u0130R \u00c7ALI\u015eMA:<span class=\"excerpt-hellip\"> [\u2026]<\/span><\/p>\n","protected":false},"featured_media":0,"template":"","meta":{"_monsterinsights_skip_tracking":false,"_monsterinsights_sitenote_active":false,"_monsterinsights_sitenote_note":"","_monsterinsights_sitenote_category":0},"product_brand":[],"product_cat":[17969,13043],"product_tag":[],"class_list":{"0":"post-751856","1":"product","2":"type-product","3":"status-publish","5":"product_cat-e-ticaret","6":"product_cat-ekonomi","7":"pa_cilt-ciltsiz","8":"pa_tur-kitap","9":"pa_yayinevi-gazi-kitabevi","10":"pa_yazar-esin-candan-demirkol-serpil-unal-kestane-ozer-kestane","12":"first","13":"instock","14":"sale","15":"shipping-taxable","16":"purchasable","17":"product-type-simple"},"_links":{"self":[{"href":"https:\/\/roveyayinevi.com.tr\/index.php\/wp-json\/wp\/v2\/product\/751856","targetHints":{"allow":["GET"]}}],"collection":[{"href":"https:\/\/roveyayinevi.com.tr\/index.php\/wp-json\/wp\/v2\/product"}],"about":[{"href":"https:\/\/roveyayinevi.com.tr\/index.php\/wp-json\/wp\/v2\/types\/product"}],"wp:attachment":[{"href":"https:\/\/roveyayinevi.com.tr\/index.php\/wp-json\/wp\/v2\/media?parent=751856"}],"wp:term":[{"taxonomy":"product_brand","embeddable":true,"href":"https:\/\/roveyayinevi.com.tr\/index.php\/wp-json\/wp\/v2\/product_brand?post=751856"},{"taxonomy":"product_cat","embeddable":true,"href":"https:\/\/roveyayinevi.com.tr\/index.php\/wp-json\/wp\/v2\/product_cat?post=751856"},{"taxonomy":"product_tag","embeddable":true,"href":"https:\/\/roveyayinevi.com.tr\/index.php\/wp-json\/wp\/v2\/product_tag?post=751856"}],"curies":[{"name":"wp","href":"https:\/\/api.w.org\/{rel}","templated":true}]}}