{"id":751851,"date":"2025-08-28T05:00:37","date_gmt":"2025-08-28T02:00:37","guid":{"rendered":"https:\/\/roveyayinevi.com.tr\/index.php\/urun\/bakir-kralligi\/"},"modified":"2026-04-16T03:05:27","modified_gmt":"2026-04-16T00:05:27","slug":"bakir-kralligi","status":"publish","type":"product","link":"https:\/\/roveyayinevi.com.tr\/index.php\/urun\/bakir-kralligi\/","title":{"rendered":"Bak\u0131r Krall\u0131\u011f\u0131"},"content":{"rendered":"<p>Goodreads Fantezi Kategorisi Aday\u0131 (2019)Ignyte Y\u0131l\u0131n Kitab\u0131 \u00d6d\u00fclleri Aday\u0131 (2020) \u201cBu \u015fehirdeki herkesin intikamla beslenmesinden b\u0131kt\u0131m. Halklar\u0131m\u0131z\u0131 kurtarman\u0131n tek yolu bize kar\u015f\u0131 gelebilecek herkesi yok etmekmi\u015f gibi davranmaktan b\u0131k\u0131p usand\u0131m; sanki d\u00fc\u015fmanlar\u0131m\u0131z g\u00fc\u00e7 dengesi de\u011fi\u015fti\u011fi anda bu yapt\u0131klar\u0131m\u0131za ayn\u0131 \u015fekilde kar\u015f\u0131l\u0131k vermeyeceklermi\u015f gibi.\u201d  Her t\u00fcrden b\u00fcy\u00fcn\u00fcn yap\u0131ld\u0131\u011f\u0131, cinlerin \u00f6ld\u00fcr\u00fclebildi\u011fi ve bir kad\u0131n\u0131n elini sallayarak \u015fifa bah\u015fetti\u011fi efsunlu bir mitler diyar\u0131 olan Divyurdu&#8217;na tekrar ho\u015f geldiniz. Buras\u0131, k\u00f6t\u00fc krallar\u0131n ve entrikac\u0131 prenseslerin \u00fclkesi. Nefesinizi kesecek kadar derin ve b\u00fcy\u00fcleyici tarihi de cabas\u0131\u2026 Nehri\u2019nin hayat\u0131, entrikalar\u0131ndan biri ters gidip de korkun\u00e7 ve gizemli bir cini kazara \u00e7a\u011f\u0131rd\u0131\u011f\u0131 anda sonsuza dek de\u011fi\u015fir. Kahire\u2019den al\u0131n\u0131p Divyurdu\u2019nun g\u00f6z kama\u015ft\u0131r\u0131c\u0131 kraliyet saray\u0131na g\u00f6t\u00fcr\u00fcld\u00fc\u011f\u00fcnde hayatta kalmak i\u00e7in h\u0131rs\u0131zl\u0131k yetene\u011finin t\u00fcm inceliklerine ihtiyac\u0131 olaca\u011f\u0131n\u0131n da fark\u0131ndad\u0131r. \u015eimdi Divyurdu y\u0131k\u0131c\u0131 bir sava\u015f\u0131n ard\u0131ndan karanl\u0131kta kalm\u0131\u015fken Nehri de kendisine yeni bir yol \u00e7izmek zorundad\u0131r. Hem de kalbini \u00e7alan muhaf\u0131z\u0131n korumas\u0131 ya da dost bildi\u011fi prensin \u00f6\u011f\u00fctleri olmaks\u0131z\u0131n. Att\u0131\u011f\u0131 tek bir yanl\u0131\u015f ad\u0131m, t\u00fcm kabilesinin sonunu getirebilir. S\u00fcrg\u00fcne g\u00f6nderilen Ali ise pe\u015finde suikast\u00e7\u0131larla ata topraklar\u0131n\u0131n ac\u0131mas\u0131z \u00e7\u00f6llerinde s\u00fcr\u00fcklenirken korkun\u00e7 bir aile s\u0131rr\u0131n\u0131 a\u00e7\u0131\u011fa \u00e7\u0131karma pahas\u0131na kendisine bah\u015fedilen korkutucu yeteneklerine g\u00fcvenmeyi \u00f6\u011frenecektir. Ancak kader, bu iki insan\u0131n hayat\u0131n\u0131 bir kez daha kesi\u015ftirmeye kararl\u0131d\u0131r. Tehlike, ihanet, yanl\u0131\u015f kararlar ve \u00f6ng\u00f6r\u00fclemeyen sonu\u00e7larla bezeli bir yolda yeniden bir araya gelmeleri an meselesidir. S.A. Chakraborty\u2019nin kaleme ald\u0131\u011f\u0131 Pirin\u00e7 Kenti, Bak\u0131r Krall\u0131\u011f\u0131 ile kald\u0131\u011f\u0131 yerden devam ederek sizi b\u00fcy\u00fcleyici bir yolculu\u011fa \u00e7a\u011f\u0131r\u0131yor. \u201cSerinin ikinci kitab\u0131 da o b\u00fcy\u00fcl\u00fc muhte\u015fem d\u00fcnyas\u0131, ak\u0131l almaz kurgusu, \u00e7arp\u0131c\u0131 karakterleri ve birbiriyle \u00e7at\u0131\u015fan entrikal\u0131 planlar\u0131yla hayranlar\u0131n\u0131 yine soluksuz b\u0131rakacak.\u201d -Booklist<\/p>\n","protected":false},"excerpt":{"rendered":"<p>Goodreads Fantezi Kategorisi Aday\u0131 (2019)Ignyte Y\u0131l\u0131n Kitab\u0131 \u00d6d\u00fclleri Aday\u0131 (2020) \u201cBu \u015fehirdeki herkesin intikamla beslenmesinden b\u0131kt\u0131m. Halklar\u0131m\u0131z\u0131 kurtarman\u0131n tek yolu bize kar\u015f\u0131 gelebilecek herkesi yok etmekmi\u015f<span class=\"excerpt-hellip\"> [\u2026]<\/span><\/p>\n","protected":false},"featured_media":0,"template":"","meta":{"_monsterinsights_skip_tracking":false,"_monsterinsights_sitenote_active":false,"_monsterinsights_sitenote_note":"","_monsterinsights_sitenote_category":0},"product_brand":[],"product_cat":[12540,12291],"product_tag":[],"class_list":{"0":"post-751851","1":"product","2":"type-product","3":"status-publish","5":"product_cat-bilim-kurgu","6":"product_cat-edebiyat","7":"pa_cilt-ciltsiz","8":"pa_tur-kitap","9":"pa_yayinevi-epsilon-yayinlari","10":"pa_yazar-s-a-chakraborty","12":"first","13":"instock","14":"sale","15":"shipping-taxable","16":"purchasable","17":"product-type-simple"},"_links":{"self":[{"href":"https:\/\/roveyayinevi.com.tr\/index.php\/wp-json\/wp\/v2\/product\/751851","targetHints":{"allow":["GET"]}}],"collection":[{"href":"https:\/\/roveyayinevi.com.tr\/index.php\/wp-json\/wp\/v2\/product"}],"about":[{"href":"https:\/\/roveyayinevi.com.tr\/index.php\/wp-json\/wp\/v2\/types\/product"}],"wp:attachment":[{"href":"https:\/\/roveyayinevi.com.tr\/index.php\/wp-json\/wp\/v2\/media?parent=751851"}],"wp:term":[{"taxonomy":"product_brand","embeddable":true,"href":"https:\/\/roveyayinevi.com.tr\/index.php\/wp-json\/wp\/v2\/product_brand?post=751851"},{"taxonomy":"product_cat","embeddable":true,"href":"https:\/\/roveyayinevi.com.tr\/index.php\/wp-json\/wp\/v2\/product_cat?post=751851"},{"taxonomy":"product_tag","embeddable":true,"href":"https:\/\/roveyayinevi.com.tr\/index.php\/wp-json\/wp\/v2\/product_tag?post=751851"}],"curies":[{"name":"wp","href":"https:\/\/api.w.org\/{rel}","templated":true}]}}