{"id":751850,"date":"2025-08-28T05:00:36","date_gmt":"2025-08-28T02:00:36","guid":{"rendered":"https:\/\/roveyayinevi.com.tr\/index.php\/urun\/yoldaki-isik-sensin\/"},"modified":"2026-04-16T03:05:27","modified_gmt":"2026-04-16T00:05:27","slug":"yoldaki-isik-sensin","status":"publish","type":"product","link":"https:\/\/roveyayinevi.com.tr\/index.php\/urun\/yoldaki-isik-sensin\/","title":{"rendered":"Yoldaki I\u015f\u0131k Sensin"},"content":{"rendered":"<p>\u201cBeni bende demen bende de\u011f\u00fclem Bir ben vard\u0131r bende benden i\u00e7eru.\u201d \u2013 Yunus Emre \u0130nsan en \u00e7ok kendine k\u00f6r. G\u00f6rm\u00fcyor i\u00e7indeki hazineyi. Ancak g\u00f6z\u00fcn g\u00f6rmedi\u011fini g\u00f6n\u00fcl biliyor. O y\u00fczden g\u00f6z\u00fcn\u00fcn g\u00f6rd\u00fc\u011f\u00fc yere de\u011fil g\u00f6nl\u00fcn\u00fc \u00e7eken yere gideceksin. Y\u00fcre\u011fini dinlemeyi bileceksin. G\u00f6n\u00fcl burada tek k\u0131lavuzundur ve sana mutlaka do\u011fru yolu g\u00f6sterir. Yapman gereken \u015fey o yolu takip etmek ve y\u00fcre\u011fin yolculu\u011funa \u00e7\u0131kmakt\u0131r. \u201cSenin g\u00f6z\u00fcn a\u00e7\u0131k, kalbin uyuyor; benim g\u00f6z\u00fcm uyuyor, g\u00f6nl\u00fcme kap\u0131 a\u00e7\u0131lm\u0131\u015f!\u201d der Mevlana. Yirmili ya\u015flar\u0131mda i\u015fte b\u00f6yle bir yola ba\u015f koydum. Kolombiya\u2019dan Hindistan\u2019a binlerce mil yol kat ettim. Y\u00fcre\u011fimin sesini dinledim. K\u00e2h \u015eamanlarla ayinler yapt\u0131m k\u00e2h kozmik varl\u0131klardan ilahi dokunu\u015f ald\u0131m. Bir g\u00fcn, bir odada i\u00e7imdeki karanl\u0131\u011fa ilk ad\u0131m\u0131m\u0131 att\u0131m. Ve as\u0131l yolculu\u011fum o zaman ba\u015flad\u0131! \u015eimdi senin yolculu\u011fun i\u00e7in buraday\u0131m. Bu kitab\u0131 kendi hayat\u0131m \u00fczerinden yolu anlatmak, sana yard\u0131m etmek, cesaret vermek i\u00e7in yazd\u0131m. Yirmi y\u0131ldan fazlad\u0131r yolday\u0131m ve her g\u00fcn yeniden ilk g\u00fcnk\u00fc kadar heyecanla uyan\u0131yorum g\u00fcne. Bug\u00fcn art\u0131k sadece yolcu de\u011filim, yola \u00e7\u0131kanlar\u0131n da k\u0131lavuzlu\u011funu yap\u0131yorum. Ne mutlu bana ki Yaradan bana bu hayat\u0131 nasip etti. Kime hayr\u0131m dokunduysa \u015f\u00fck\u00fcrler olsun! <\/p>\n","protected":false},"excerpt":{"rendered":"<p>\u201cBeni bende demen bende de\u011f\u00fclem Bir ben vard\u0131r bende benden i\u00e7eru.\u201d \u2013 Yunus Emre \u0130nsan en \u00e7ok kendine k\u00f6r. G\u00f6rm\u00fcyor i\u00e7indeki hazineyi. Ancak g\u00f6z\u00fcn g\u00f6rmedi\u011fini g\u00f6n\u00fcl<span class=\"excerpt-hellip\"> [\u2026]<\/span><\/p>\n","protected":false},"featured_media":0,"template":"","meta":{"_monsterinsights_skip_tracking":false,"_monsterinsights_sitenote_active":false,"_monsterinsights_sitenote_note":"","_monsterinsights_sitenote_category":0},"product_brand":[],"product_cat":[12364,12376],"product_tag":[],"class_list":{"0":"post-751850","1":"product","2":"type-product","3":"status-publish","5":"product_cat-genel-konular","6":"product_cat-kisisel-gelisim","7":"pa_cilt-ciltsiz","8":"pa_tur-kitap","9":"pa_yayinevi-destek-yayinlari","10":"pa_yazar-tuba-kucukaksu","12":"first","13":"instock","14":"sale","15":"shipping-taxable","16":"purchasable","17":"product-type-simple"},"_links":{"self":[{"href":"https:\/\/roveyayinevi.com.tr\/index.php\/wp-json\/wp\/v2\/product\/751850","targetHints":{"allow":["GET"]}}],"collection":[{"href":"https:\/\/roveyayinevi.com.tr\/index.php\/wp-json\/wp\/v2\/product"}],"about":[{"href":"https:\/\/roveyayinevi.com.tr\/index.php\/wp-json\/wp\/v2\/types\/product"}],"wp:attachment":[{"href":"https:\/\/roveyayinevi.com.tr\/index.php\/wp-json\/wp\/v2\/media?parent=751850"}],"wp:term":[{"taxonomy":"product_brand","embeddable":true,"href":"https:\/\/roveyayinevi.com.tr\/index.php\/wp-json\/wp\/v2\/product_brand?post=751850"},{"taxonomy":"product_cat","embeddable":true,"href":"https:\/\/roveyayinevi.com.tr\/index.php\/wp-json\/wp\/v2\/product_cat?post=751850"},{"taxonomy":"product_tag","embeddable":true,"href":"https:\/\/roveyayinevi.com.tr\/index.php\/wp-json\/wp\/v2\/product_tag?post=751850"}],"curies":[{"name":"wp","href":"https:\/\/api.w.org\/{rel}","templated":true}]}}