{"id":751848,"date":"2025-08-28T05:00:34","date_gmt":"2025-08-28T02:00:34","guid":{"rendered":"https:\/\/roveyayinevi.com.tr\/index.php\/urun\/yeni-dunya-duzeninde-enerji-savaslari\/"},"modified":"2026-04-16T03:05:27","modified_gmt":"2026-04-16T00:05:27","slug":"yeni-dunya-duzeninde-enerji-savaslari","status":"publish","type":"product","link":"https:\/\/roveyayinevi.com.tr\/index.php\/urun\/yeni-dunya-duzeninde-enerji-savaslari\/","title":{"rendered":"Yeni D\u00fcnya D\u00fczeninde Enerji Sava\u015flar\u0131"},"content":{"rendered":"<p>\u201cENERJ\u0130 SAVA\u015eLARINDA BA\u015eARI \u0130\u00c7\u0130N H\u00dcK\u00dcMETE 38 TAVS\u0130YE\u201d   Enerji, hayat\u0131m\u0131z\u0131n \u015fahdamar\u0131. Onsuz hi\u00e7bir \u015fey olmuyor. \u201cTemiz enerji mi g\u00fcvenli enerji mi?\u201d sorusu \u00e7\u0131k\u0131yor son y\u0131llarda kar\u015f\u0131m\u0131za s\u00fcrekli. D\u00fcnyada geleneksel g\u00fc\u00e7 dengeleri de\u011fi\u015fiyor. Yeni d\u00fcnya d\u00fczeninin \u015fekillenmesinde T\u00fcrkiye\u2019nin tercihleri a\u011f\u0131rl\u0131k ta\u015f\u0131rken ABD, AB, \u00c7in, Rusya ve K\u00f6rfez \u00fclkeleri aras\u0131ndaki \u201cenerji ve teknoloji sava\u015flar\u0131\u201d daha da k\u0131z\u0131\u015facak gibi g\u00f6r\u00fcn\u00fcyor.   \u2022 Ukrayna krizi sonras\u0131nda \u015fiddetlenen k\u00fcresel enerji sava\u015flar\u0131, yeni b\u00f6lgesel denklemler bizleri nas\u0131l etkileyecek? \u2022 Temiz enerji ger\u00e7ekten temiz mi? Yenilenebilir enerjiye ge\u00e7i\u015fin h\u0131zlanmas\u0131, ye\u015fil teknoloji, ekolojik kalk\u0131nma, kentler i\u00e7in ak\u0131ll\u0131 enerji, g\u0131da-su-enerji denklemi aras\u0131ndaki ba\u011flant\u0131lar neler? \u2022 Kritik mineral kaynaklara yeni ba\u011f\u0131ml\u0131l\u0131klar do\u011facak m\u0131? Lityum, kobalt ve nikel \u00fczerine b\u00fcy\u00fck g\u00fc\u00e7ler aras\u0131nda d\u00f6nen dolaplar neler? Enerjinin yeni jeopoliti\u011fi nas\u0131l geli\u015fiyor? T\u00fcrkiye bunun neresinde? \u2022 Para gelecekte hangi enerji alanlar\u0131na akacak, Ye\u015fil Mutabakat y\u00fck\u00fcml\u00fcl\u00fckleri \u015firketleri pazara giri\u015f ve elveri\u015fli finans imk\u00e2nlar\u0131na eri\u015fimde nas\u0131l zorlayacak, enerji ticaret g\u00fczerg\u00e2hlar\u0131nda sapmalar, fiyat enflasyonu bizi nas\u0131l etkileyecek?   \u0130\u015fte b\u00f6ylesi kritik bir d\u00f6n\u00fc\u015f\u00fcm-de\u011fi\u015fim \u00e7a\u011f\u0131n\u0131n e\u015fi\u011finde bizi bekleyen risk ve f\u0131rsatlar\u0131 d\u00fcnya enerji, yat\u0131r\u0131m ve jeopoliti\u011finde duayen bir isim olan i\u015fadam\u0131, diplomat, yazar, seyyah Mehmet \u00d6\u011f\u00fct\u00e7\u00fc\u2019n\u00fcn kaleminden okuyaca\u011f\u0131z. <\/p>\n","protected":false},"excerpt":{"rendered":"<p>\u201cENERJ\u0130 SAVA\u015eLARINDA BA\u015eARI \u0130\u00c7\u0130N H\u00dcK\u00dcMETE 38 TAVS\u0130YE\u201d Enerji, hayat\u0131m\u0131z\u0131n \u015fahdamar\u0131. Onsuz hi\u00e7bir \u015fey olmuyor. \u201cTemiz enerji mi g\u00fcvenli enerji mi?\u201d sorusu \u00e7\u0131k\u0131yor son y\u0131llarda kar\u015f\u0131m\u0131za s\u00fcrekli.<span class=\"excerpt-hellip\"> [\u2026]<\/span><\/p>\n","protected":false},"featured_media":0,"template":"","meta":{"_monsterinsights_skip_tracking":false,"_monsterinsights_sitenote_active":false,"_monsterinsights_sitenote_note":"","_monsterinsights_sitenote_category":0},"product_brand":[],"product_cat":[14841,13043],"product_tag":[],"class_list":{"0":"post-751848","1":"product","2":"type-product","3":"status-publish","5":"product_cat-arastirma-inceleme-kuram","6":"product_cat-ekonomi","7":"pa_cilt-ciltsiz","8":"pa_tur-kitap","9":"pa_yayinevi-destek-yayinlari","10":"pa_yazar-mehmet-ogutcu","12":"first","13":"instock","14":"sale","15":"shipping-taxable","16":"purchasable","17":"product-type-simple"},"_links":{"self":[{"href":"https:\/\/roveyayinevi.com.tr\/index.php\/wp-json\/wp\/v2\/product\/751848","targetHints":{"allow":["GET"]}}],"collection":[{"href":"https:\/\/roveyayinevi.com.tr\/index.php\/wp-json\/wp\/v2\/product"}],"about":[{"href":"https:\/\/roveyayinevi.com.tr\/index.php\/wp-json\/wp\/v2\/types\/product"}],"wp:attachment":[{"href":"https:\/\/roveyayinevi.com.tr\/index.php\/wp-json\/wp\/v2\/media?parent=751848"}],"wp:term":[{"taxonomy":"product_brand","embeddable":true,"href":"https:\/\/roveyayinevi.com.tr\/index.php\/wp-json\/wp\/v2\/product_brand?post=751848"},{"taxonomy":"product_cat","embeddable":true,"href":"https:\/\/roveyayinevi.com.tr\/index.php\/wp-json\/wp\/v2\/product_cat?post=751848"},{"taxonomy":"product_tag","embeddable":true,"href":"https:\/\/roveyayinevi.com.tr\/index.php\/wp-json\/wp\/v2\/product_tag?post=751848"}],"curies":[{"name":"wp","href":"https:\/\/api.w.org\/{rel}","templated":true}]}}