{"id":751846,"date":"2025-08-28T05:00:31","date_gmt":"2025-08-28T02:00:31","guid":{"rendered":"https:\/\/roveyayinevi.com.tr\/index.php\/urun\/ayi-kaplan-ejderha-ciltli\/"},"modified":"2026-04-16T03:05:27","modified_gmt":"2026-04-16T00:05:27","slug":"ayi-kaplan-ejderha-ciltli","status":"publish","type":"product","link":"https:\/\/roveyayinevi.com.tr\/index.php\/urun\/ayi-kaplan-ejderha-ciltli\/","title":{"rendered":"Ay\u0131 Kaplan Ejderha (Ciltli)"},"content":{"rendered":"<p>\u0130flas\u0131n e\u015fi\u011findeki terziye, bir g\u00fcn bir adam gelir ve smokin sipari\u015f eder. Adam terziye bir teslim tarihi verir, smokini o g\u00fcn adresine getirmesini ister. Me\u011fer terzinin haz\u0131rlad\u0131\u011f\u0131 smokin, adam\u0131n kendi cenazesi i\u00e7inmi\u015f. Terzi \u00e7ok \u015fa\u015f\u0131r\u0131r. \u00dcstelik o g\u00fcn, \u00f6len m\u00fc\u015fterisinin vasiyeti \u00fczerine kendisine \u00fc\u00e7 kafes kald\u0131\u011f\u0131n\u0131 \u00f6\u011frenir. Kafeslerde ne mi vard\u0131r? Ay\u0131, kaplan ve ejderha&#8230; *** G\u00fc\u00e7l\u00fc bir sevgi, bilin\u00e7le ortaya konmu\u015f keskin bir eylem ve tarafs\u0131z bir g\u00f6zlem&#8230; Bu \u00fc\u00e7\u00fc, do\u011farken yan\u0131m\u0131zda getirdi\u011fimiz ancak ya\u015fam yolculu\u011fumuz boyunca beslemeyi \u00e7o\u011fu zaman ihmal etti\u011fimiz kabiliyetlerimizdir. \u00dc\u00e7 \u00f6zel hayvan\u0131n e\u015fsiz g\u00fc\u00e7lerini ta\u015f\u0131mak ve geli\u015ftirmek \u00fczere geliriz d\u00fcnyaya. Ay\u0131, kaplan ve ejderha&#8230; Sevgide ay\u0131n\u0131n g\u00fcc\u00fcn\u00fc, eylemde kaplan\u0131n zek\u00e2s\u0131n\u0131 ve g\u00f6zlemde bir ejderhan\u0131n tarafs\u0131zl\u0131\u011f\u0131n\u0131 besledi\u011fimizde, hayat kazanmak zorunda oldu\u011fumuz bir yar\u0131\u015ftan, korkusuzca ve huzurla deneyimledi\u011fimiz bir arma\u011fana d\u00f6n\u00fc\u015f\u00fcr. <\/p>\n","protected":false},"excerpt":{"rendered":"<p>\u0130flas\u0131n e\u015fi\u011findeki terziye, bir g\u00fcn bir adam gelir ve smokin sipari\u015f eder. Adam terziye bir teslim tarihi verir, smokini o g\u00fcn adresine getirmesini ister. Me\u011fer terzinin<span class=\"excerpt-hellip\"> [\u2026]<\/span><\/p>\n","protected":false},"featured_media":0,"template":"","meta":{"_monsterinsights_skip_tracking":false,"_monsterinsights_sitenote_active":false,"_monsterinsights_sitenote_note":"","_monsterinsights_sitenote_category":0},"product_brand":[],"product_cat":[12291,12711],"product_tag":[],"class_list":{"0":"post-751846","1":"product","2":"type-product","3":"status-publish","5":"product_cat-edebiyat","6":"product_cat-roman-oyku","7":"pa_cilt-ciltli","8":"pa_tur-kitap","9":"pa_yayinevi-athica-yayinlari","10":"pa_yazar-andres-pascual-ecequiel-barricart","12":"first","13":"instock","14":"sale","15":"shipping-taxable","16":"purchasable","17":"product-type-simple"},"_links":{"self":[{"href":"https:\/\/roveyayinevi.com.tr\/index.php\/wp-json\/wp\/v2\/product\/751846","targetHints":{"allow":["GET"]}}],"collection":[{"href":"https:\/\/roveyayinevi.com.tr\/index.php\/wp-json\/wp\/v2\/product"}],"about":[{"href":"https:\/\/roveyayinevi.com.tr\/index.php\/wp-json\/wp\/v2\/types\/product"}],"wp:attachment":[{"href":"https:\/\/roveyayinevi.com.tr\/index.php\/wp-json\/wp\/v2\/media?parent=751846"}],"wp:term":[{"taxonomy":"product_brand","embeddable":true,"href":"https:\/\/roveyayinevi.com.tr\/index.php\/wp-json\/wp\/v2\/product_brand?post=751846"},{"taxonomy":"product_cat","embeddable":true,"href":"https:\/\/roveyayinevi.com.tr\/index.php\/wp-json\/wp\/v2\/product_cat?post=751846"},{"taxonomy":"product_tag","embeddable":true,"href":"https:\/\/roveyayinevi.com.tr\/index.php\/wp-json\/wp\/v2\/product_tag?post=751846"}],"curies":[{"name":"wp","href":"https:\/\/api.w.org\/{rel}","templated":true}]}}