{"id":751845,"date":"2025-08-28T05:00:30","date_gmt":"2025-08-28T02:00:30","guid":{"rendered":"https:\/\/roveyayinevi.com.tr\/index.php\/urun\/kuresel-hipnoz\/"},"modified":"2026-04-16T03:05:27","modified_gmt":"2026-04-16T00:05:27","slug":"kuresel-hipnoz","status":"publish","type":"product","link":"https:\/\/roveyayinevi.com.tr\/index.php\/urun\/kuresel-hipnoz\/","title":{"rendered":"K\u00fcresel Hipnoz"},"content":{"rendered":"<p>Vir\u00fcs\u00fc kimler neden \u00fcretti? Corona vir\u00fcs biyolojik bir silah m\u0131yd\u0131? Corona vir\u00fcs\u00fc Pentagon\u2019a kim neden pazarlad\u0131? ABD, \u00c7in\u2019deki biyolojik silah \u00e7al\u0131\u015fmalar\u0131n\u0131 nas\u0131l fonlad\u0131? Corona vir\u00fcs\u00fc \u00e7\u00f6zmek i\u00e7in \u00e7al\u0131\u015fan bilim insanlar\u0131 neden \u00f6ld\u00fcr\u00fcld\u00fc? A\u015f\u0131ya direnen devlet ba\u015fkanlar\u0131 nas\u0131l ortadan kald\u0131r\u0131ld\u0131? A\u015f\u0131y\u0131 ger\u00e7ekten U\u011fur \u015eahin ve \u00d6zlem T\u00fcreci mi buldu? Biontech\u2019in perde arkas\u0131nda kimler var? mRNA a\u015f\u0131lar\u0131yla nas\u0131l bir deney yap\u0131ld\u0131? A\u015f\u0131lar vir\u00fcsten \u00f6nce mi \u00fcretildi? Corona vir\u00fcsle nas\u0131l bir vurgun yapt\u0131lar? D\u00fcnya Sa\u011fl\u0131k \u00d6rg\u00fct\u00fc\u2019n\u00fc kim y\u00f6netiyor? \u00c7in\u2019deki \u201cbay\u0131lma\u201d g\u00f6r\u00fcnt\u00fcleri asl\u0131nda neydi? B\u00fcy\u00fck S\u0131f\u0131rlama\u2019n\u0131n ger\u00e7ek mimar\u0131 kimdi? D\u00fcnya Ekonomik Forumu tarikat m\u0131? D\u00fcnya Ekonomik Forumu\u2019nun yeti\u015ftirdi\u011fi liderler kimler? ABD D\u0131\u015fi\u015fleri Bakanl\u0131\u011f\u0131\u2019n\u0131n gizli bilgi notunda vir\u00fcs i\u00e7in ne deniyor? CIA vir\u00fcs i\u00e7in neden kesin rapor yazamad\u0131?   Elinizdeki bu kitap, k\u00fcresel bir \u00e7ete taraf\u0131ndan tasarlan\u0131p insanl\u0131\u011f\u0131n ba\u015f\u0131na bela edilen Corona vir\u00fcs\u00fcn perde arkas\u0131n\u0131 ve k\u00fcresel oligar\u015finin kirli ili\u015fiklerini belgeleriyle de\u015fifre ediyor. <\/p>\n","protected":false},"excerpt":{"rendered":"<p>Vir\u00fcs\u00fc kimler neden \u00fcretti? Corona vir\u00fcs biyolojik bir silah m\u0131yd\u0131? Corona vir\u00fcs\u00fc Pentagon\u2019a kim neden pazarlad\u0131? ABD, \u00c7in\u2019deki biyolojik silah \u00e7al\u0131\u015fmalar\u0131n\u0131 nas\u0131l fonlad\u0131? Corona vir\u00fcs\u00fc \u00e7\u00f6zmek<span class=\"excerpt-hellip\"> [\u2026]<\/span><\/p>\n","protected":false},"featured_media":0,"template":"","meta":{"_monsterinsights_skip_tracking":false,"_monsterinsights_sitenote_active":false,"_monsterinsights_sitenote_note":"","_monsterinsights_sitenote_category":0},"product_brand":[],"product_cat":[52477],"product_tag":[],"class_list":{"0":"post-751845","1":"product","2":"type-product","3":"status-publish","5":"product_cat-arastirma","6":"pa_cilt-ciltsiz","7":"pa_tur-kitap","8":"pa_yayinevi-destek-yayinlari","9":"pa_yazar-murat-akan","11":"first","12":"instock","13":"sale","14":"shipping-taxable","15":"purchasable","16":"product-type-simple"},"_links":{"self":[{"href":"https:\/\/roveyayinevi.com.tr\/index.php\/wp-json\/wp\/v2\/product\/751845","targetHints":{"allow":["GET"]}}],"collection":[{"href":"https:\/\/roveyayinevi.com.tr\/index.php\/wp-json\/wp\/v2\/product"}],"about":[{"href":"https:\/\/roveyayinevi.com.tr\/index.php\/wp-json\/wp\/v2\/types\/product"}],"wp:attachment":[{"href":"https:\/\/roveyayinevi.com.tr\/index.php\/wp-json\/wp\/v2\/media?parent=751845"}],"wp:term":[{"taxonomy":"product_brand","embeddable":true,"href":"https:\/\/roveyayinevi.com.tr\/index.php\/wp-json\/wp\/v2\/product_brand?post=751845"},{"taxonomy":"product_cat","embeddable":true,"href":"https:\/\/roveyayinevi.com.tr\/index.php\/wp-json\/wp\/v2\/product_cat?post=751845"},{"taxonomy":"product_tag","embeddable":true,"href":"https:\/\/roveyayinevi.com.tr\/index.php\/wp-json\/wp\/v2\/product_tag?post=751845"}],"curies":[{"name":"wp","href":"https:\/\/api.w.org\/{rel}","templated":true}]}}