{"id":751840,"date":"2025-08-28T05:00:23","date_gmt":"2025-08-28T02:00:23","guid":{"rendered":"https:\/\/roveyayinevi.com.tr\/index.php\/urun\/bilmecelerle-bulmacalarla-kentini-kesfet-bodrum\/"},"modified":"2026-04-16T03:05:27","modified_gmt":"2026-04-16T00:05:27","slug":"bilmecelerle-bulmacalarla-kentini-kesfet-bodrum","status":"publish","type":"product","link":"https:\/\/roveyayinevi.com.tr\/index.php\/urun\/bilmecelerle-bulmacalarla-kentini-kesfet-bodrum\/","title":{"rendered":"Bilmecelerle, Bulmacalarla Kentini Ke\u015ffet: Bodrum"},"content":{"rendered":"<p>D\u00fcnyan\u0131n yedi harikas\u0131ndan birinin Bodrum\u2019da oldu\u011funu biliyor musun?   Bodrum\u2019un m\u00fczeleri ve \u00f6ren yerlerinin nerede oldu\u011funu biliyor musun, hangilerini gezdin?   Bodrum\u2019un denizlerindeki canl\u0131lar\u0131n isimlerini biliyor musun?   Bodrum\u2019un otlar\u0131n\u0131 sayabilir misin?   Bodrum mandalinas\u0131ndan neler yap\u0131ld\u0131\u011f\u0131n\u0131 s\u00f6yleyebilir misin?   Bir zamanlar un \u00f6\u011f\u00fct\u00fclen yel de\u011firmenlerinin \u00f6yk\u00fcs\u00fcn\u00fc biliyor musun?   Bodrum\u2019un me\u015fhur teknesi gulet hakk\u0131nda ne biliyorsun?   Halikarnas Bal\u0131k\u00e7\u0131s\u0131 olarak bilinen Cevat \u015eakir Kabaa\u011fa\u00e7l\u0131\u2019n\u0131n Bodrum\u2019a kazand\u0131rd\u0131\u011f\u0131 a\u011fa\u00e7lar\u0131 biliyor musun?   Bodrum\u2019un birbirinden g\u00fczel koylar\u0131n\u0131 sayabilir misin?   \u0130\u015fte elindeki bu kitap hem bu sorular\u0131 yan\u0131tl\u0131yor hem de bilmece ve bulmacalarla e\u011flendiriyor.   Keyifli okumalar, iyi e\u011flenceler\u2026 <\/p>\n","protected":false},"excerpt":{"rendered":"<p>D\u00fcnyan\u0131n yedi harikas\u0131ndan birinin Bodrum\u2019da oldu\u011funu biliyor musun? Bodrum\u2019un m\u00fczeleri ve \u00f6ren yerlerinin nerede oldu\u011funu biliyor musun, hangilerini gezdin? Bodrum\u2019un denizlerindeki canl\u0131lar\u0131n isimlerini biliyor musun? Bodrum\u2019un<span class=\"excerpt-hellip\"> [\u2026]<\/span><\/p>\n","protected":false},"featured_media":0,"template":"","meta":{"_monsterinsights_skip_tracking":false,"_monsterinsights_sitenote_active":false,"_monsterinsights_sitenote_note":"","_monsterinsights_sitenote_category":0},"product_brand":[],"product_cat":[12492,12274],"product_tag":[],"class_list":{"0":"post-751840","1":"product","2":"type-product","3":"status-publish","5":"product_cat-bilmece-bulmaca","6":"product_cat-cocuk-ve-genclik-kitaplari","7":"pa_cilt-ciltsiz","8":"pa_tur-kitap","9":"pa_yayinevi-literatur-yayinevi","10":"pa_yazar-turgut-yasalar","12":"first","13":"instock","14":"sale","15":"shipping-taxable","16":"purchasable","17":"product-type-simple"},"_links":{"self":[{"href":"https:\/\/roveyayinevi.com.tr\/index.php\/wp-json\/wp\/v2\/product\/751840","targetHints":{"allow":["GET"]}}],"collection":[{"href":"https:\/\/roveyayinevi.com.tr\/index.php\/wp-json\/wp\/v2\/product"}],"about":[{"href":"https:\/\/roveyayinevi.com.tr\/index.php\/wp-json\/wp\/v2\/types\/product"}],"wp:attachment":[{"href":"https:\/\/roveyayinevi.com.tr\/index.php\/wp-json\/wp\/v2\/media?parent=751840"}],"wp:term":[{"taxonomy":"product_brand","embeddable":true,"href":"https:\/\/roveyayinevi.com.tr\/index.php\/wp-json\/wp\/v2\/product_brand?post=751840"},{"taxonomy":"product_cat","embeddable":true,"href":"https:\/\/roveyayinevi.com.tr\/index.php\/wp-json\/wp\/v2\/product_cat?post=751840"},{"taxonomy":"product_tag","embeddable":true,"href":"https:\/\/roveyayinevi.com.tr\/index.php\/wp-json\/wp\/v2\/product_tag?post=751840"}],"curies":[{"name":"wp","href":"https:\/\/api.w.org\/{rel}","templated":true}]}}