{"id":751839,"date":"2025-08-28T05:00:21","date_gmt":"2025-08-28T02:00:21","guid":{"rendered":"https:\/\/roveyayinevi.com.tr\/index.php\/urun\/kul-mevsimi\/"},"modified":"2026-04-16T03:05:27","modified_gmt":"2026-04-16T00:05:27","slug":"kul-mevsimi","status":"publish","type":"product","link":"https:\/\/roveyayinevi.com.tr\/index.php\/urun\/kul-mevsimi\/","title":{"rendered":"K\u00fcl Mevsimi"},"content":{"rendered":"<p>K\u00fcl Mevsimi, alg\u0131lar\u0131 alt\u00fcst olmu\u015f, ger\u00e7ekli\u011fi ve t\u00fcm do\u011fal g\u00fczellikleri yitip gitmi\u015f modern d\u00fcnyam\u0131zda toplumun son umudu olan bal rengi bir k\u0131z\u0131 anlat\u0131yor:Ad\u0131 H\u00fcz\u00fcn. K\u00fcllerinden do\u011fmaya \u00e7al\u0131\u015fan bu hik\u00e2yede ona \u00f6mr\u00fc boyunca sevgiye hi\u00e7 rastlamam\u0131\u015f, de\u011fersizlik kaderi olmu\u015f bir adam e\u015flik ediyor:Ad\u0131 Cezmi.Bilinenin \u00f6tesine uzanan, insan olman\u0131n k\u00f6klerini sorgulayan ve modern kusurlar\u0131m\u0131z\u0131 b\u00fcy\u00fcl\u00fc ger\u00e7ek\u00e7i bir anlat\u0131mla ele\u015ftiren K\u00fcl Mevsimi, alevler i\u00e7inde kalm\u0131\u015f bir toplumun yeni bir umuda yolculu\u011fu\u2026Onca dikenine ra\u011fmen g\u00fclleri \u00f6z\u00fcnden koparan sen,hangi mevsimin g\u00fcl\u00fcs\u00fcn?Her \u015fey yan\u0131p yok oldu\u011funda ak\u0131llarda art\u0131k tek bir soru kal\u0131r:Sen neyin k\u00fcl\u00fcs\u00fcn?Fatih Onayd\u0131n, toplumun en sert ger\u00e7ekliklerini bile masal tad\u0131nda anlat\u0131rken, bizleri ya\u015fad\u0131\u011f\u0131m\u0131z zaman\u0131n aynas\u0131na bakmaya davet ediyor&#8230; <\/p>\n","protected":false},"excerpt":{"rendered":"<p>K\u00fcl Mevsimi, alg\u0131lar\u0131 alt\u00fcst olmu\u015f, ger\u00e7ekli\u011fi ve t\u00fcm do\u011fal g\u00fczellikleri yitip gitmi\u015f modern d\u00fcnyam\u0131zda toplumun son umudu olan bal rengi bir k\u0131z\u0131 anlat\u0131yor:Ad\u0131 H\u00fcz\u00fcn. K\u00fcllerinden do\u011fmaya<span class=\"excerpt-hellip\"> [\u2026]<\/span><\/p>\n","protected":false},"featured_media":0,"template":"","meta":{"_monsterinsights_skip_tracking":false,"_monsterinsights_sitenote_active":false,"_monsterinsights_sitenote_note":"","_monsterinsights_sitenote_category":0},"product_brand":[],"product_cat":[12291,12711],"product_tag":[],"class_list":{"0":"post-751839","1":"product","2":"type-product","3":"status-publish","5":"product_cat-edebiyat","6":"product_cat-roman-oyku","7":"pa_cilt-ciltsiz","8":"pa_tur-kitap","9":"pa_yayinevi-nemesis-kitap","10":"pa_yazar-fatih-onaydin","12":"first","13":"instock","14":"sale","15":"shipping-taxable","16":"purchasable","17":"product-type-simple"},"_links":{"self":[{"href":"https:\/\/roveyayinevi.com.tr\/index.php\/wp-json\/wp\/v2\/product\/751839","targetHints":{"allow":["GET"]}}],"collection":[{"href":"https:\/\/roveyayinevi.com.tr\/index.php\/wp-json\/wp\/v2\/product"}],"about":[{"href":"https:\/\/roveyayinevi.com.tr\/index.php\/wp-json\/wp\/v2\/types\/product"}],"wp:attachment":[{"href":"https:\/\/roveyayinevi.com.tr\/index.php\/wp-json\/wp\/v2\/media?parent=751839"}],"wp:term":[{"taxonomy":"product_brand","embeddable":true,"href":"https:\/\/roveyayinevi.com.tr\/index.php\/wp-json\/wp\/v2\/product_brand?post=751839"},{"taxonomy":"product_cat","embeddable":true,"href":"https:\/\/roveyayinevi.com.tr\/index.php\/wp-json\/wp\/v2\/product_cat?post=751839"},{"taxonomy":"product_tag","embeddable":true,"href":"https:\/\/roveyayinevi.com.tr\/index.php\/wp-json\/wp\/v2\/product_tag?post=751839"}],"curies":[{"name":"wp","href":"https:\/\/api.w.org\/{rel}","templated":true}]}}