{"id":751838,"date":"2025-08-28T05:00:19","date_gmt":"2025-08-28T02:00:19","guid":{"rendered":"https:\/\/roveyayinevi.com.tr\/index.php\/urun\/enayinin-portfoyu\/"},"modified":"2026-04-16T03:05:27","modified_gmt":"2026-04-16T00:05:27","slug":"enayinin-portfoyu","status":"publish","type":"product","link":"https:\/\/roveyayinevi.com.tr\/index.php\/urun\/enayinin-portfoyu\/","title":{"rendered":"Enayinin Portf\u00f6y\u00fc"},"content":{"rendered":"<p>Bat\u0131 Yar\u0131k\u00fcre yaln\u0131z ABD\u2019den olu\u015fuyormu\u015f (&#8230;) gibi yazd\u0131\u011f\u0131m i\u00e7in \u00f6z\u00fcr dilerim. Yarat\u0131c\u0131 yazarl\u0131k derslerinde \u00f6\u011fretilen ilk kural \u015fudur; bence de iyi kurald\u0131r: Bildi\u011finizi yaz\u0131n.Kurt Vonnegut, Enayinin Portf\u00f6y\u00fc\u2019nde bildi\u011fini yaz\u0131yor. K\u0131sa, alayc\u0131 ve karanl\u0131k bu alt\u0131 k\u0131sa kurgu \u00f6yk\u00fc ile bir kurgud\u0131\u015f\u0131 makale, Vonnegut\u2019un hicvini ve hayat\u0131n m\u00fcstehcen anlams\u0131zl\u0131\u011f\u0131n\u0131 kusursuz bir \u015fekilde tan\u0131ml\u0131yor. En iyi romanlar\u0131nda oldu\u011fu gibi bu kitapta da Vonnegut, bizleri insan ruhunun en karanl\u0131k k\u00f6\u015felerine g\u00f6t\u00fcr\u00fcyor; ince zek\u00e2s\u0131 ve mizah\u0131yla daha muhte\u015fem varl\u0131klar olma potansiyelimizi hat\u0131rlat\u0131yor.  <\/p>\n","protected":false},"excerpt":{"rendered":"<p>Bat\u0131 Yar\u0131k\u00fcre yaln\u0131z ABD\u2019den olu\u015fuyormu\u015f (&#8230;) gibi yazd\u0131\u011f\u0131m i\u00e7in \u00f6z\u00fcr dilerim. Yarat\u0131c\u0131 yazarl\u0131k derslerinde \u00f6\u011fretilen ilk kural \u015fudur; bence de iyi kurald\u0131r: Bildi\u011finizi yaz\u0131n.Kurt Vonnegut, Enayinin<span class=\"excerpt-hellip\"> [\u2026]<\/span><\/p>\n","protected":false},"featured_media":0,"template":"","meta":{"_monsterinsights_skip_tracking":false,"_monsterinsights_sitenote_active":false,"_monsterinsights_sitenote_note":"","_monsterinsights_sitenote_category":0},"product_brand":[],"product_cat":[12291,12711],"product_tag":[],"class_list":{"0":"post-751838","1":"product","2":"type-product","3":"status-publish","5":"product_cat-edebiyat","6":"product_cat-roman-oyku","7":"pa_cilt-ciltsiz","8":"pa_tur-kitap","9":"pa_yayinevi-nora-kitap","10":"pa_yazar-kurt-vonnegut","12":"first","13":"instock","14":"sale","15":"shipping-taxable","16":"purchasable","17":"product-type-simple"},"_links":{"self":[{"href":"https:\/\/roveyayinevi.com.tr\/index.php\/wp-json\/wp\/v2\/product\/751838","targetHints":{"allow":["GET"]}}],"collection":[{"href":"https:\/\/roveyayinevi.com.tr\/index.php\/wp-json\/wp\/v2\/product"}],"about":[{"href":"https:\/\/roveyayinevi.com.tr\/index.php\/wp-json\/wp\/v2\/types\/product"}],"wp:attachment":[{"href":"https:\/\/roveyayinevi.com.tr\/index.php\/wp-json\/wp\/v2\/media?parent=751838"}],"wp:term":[{"taxonomy":"product_brand","embeddable":true,"href":"https:\/\/roveyayinevi.com.tr\/index.php\/wp-json\/wp\/v2\/product_brand?post=751838"},{"taxonomy":"product_cat","embeddable":true,"href":"https:\/\/roveyayinevi.com.tr\/index.php\/wp-json\/wp\/v2\/product_cat?post=751838"},{"taxonomy":"product_tag","embeddable":true,"href":"https:\/\/roveyayinevi.com.tr\/index.php\/wp-json\/wp\/v2\/product_tag?post=751838"}],"curies":[{"name":"wp","href":"https:\/\/api.w.org\/{rel}","templated":true}]}}