{"id":751835,"date":"2025-08-28T05:00:15","date_gmt":"2025-08-28T02:00:15","guid":{"rendered":"https:\/\/roveyayinevi.com.tr\/index.php\/urun\/dusunme-ve-yazma-atolyesi\/"},"modified":"2026-04-16T03:05:26","modified_gmt":"2026-04-16T00:05:26","slug":"dusunme-ve-yazma-atolyesi","status":"publish","type":"product","link":"https:\/\/roveyayinevi.com.tr\/index.php\/urun\/dusunme-ve-yazma-atolyesi\/","title":{"rendered":"D\u00fc\u015f\u00fcnme ve Yazma At\u00f6lyesi"},"content":{"rendered":"<p>Yarat\u0131c\u0131l\u0131k, g\u00fcnl\u00fck ya\u015famdan bilimsel \u00e7al\u0131\u015fmalara kadar uzanan geni\u015f bir alan\u0131 i\u00e7ine alan bir yetenektir. Yarat\u0131c\u0131l\u0131k i\u00e7in \u00f6nce hayal etmek gerekir. D\u00fc\u015f\u00fcnme At\u00f6lyesi kitab\u0131nda \u00f6zg\u00fcrce hayal edip yazman\u0131z ve \u00e7izmeniz i\u00e7in bir dolu yarat\u0131c\u0131 etkinlik al\u0131\u015ft\u0131rmas\u0131 bulacaks\u0131n\u0131z. D\u00fc\u015fleyin, d\u00fc\u015f\u00fcn\u00fcn ve tasarlay\u0131n. Kendinizi kendinizce ifade edece\u011finiz \u00e7ok\u00e7a eser \u00fcretin! <\/p>\n","protected":false},"excerpt":{"rendered":"<p>Yarat\u0131c\u0131l\u0131k, g\u00fcnl\u00fck ya\u015famdan bilimsel \u00e7al\u0131\u015fmalara kadar uzanan geni\u015f bir alan\u0131 i\u00e7ine alan bir yetenektir. Yarat\u0131c\u0131l\u0131k i\u00e7in \u00f6nce hayal etmek gerekir. D\u00fc\u015f\u00fcnme At\u00f6lyesi kitab\u0131nda \u00f6zg\u00fcrce hayal edip<span class=\"excerpt-hellip\"> [\u2026]<\/span><\/p>\n","protected":false},"featured_media":0,"template":"","meta":{"_monsterinsights_skip_tracking":false,"_monsterinsights_sitenote_active":false,"_monsterinsights_sitenote_note":"","_monsterinsights_sitenote_category":0},"product_brand":[],"product_cat":[12274,15842],"product_tag":[],"class_list":{"0":"post-751835","1":"product","2":"type-product","3":"status-publish","5":"product_cat-cocuk-ve-genclik-kitaplari","6":"product_cat-egitici-kitaplar","7":"pa_cilt-ciltsiz","8":"pa_tur-kitap","9":"pa_yayinevi-dogan-cocuk","10":"pa_yazar-deniz-burcak","12":"first","13":"instock","14":"sale","15":"shipping-taxable","16":"purchasable","17":"product-type-simple"},"_links":{"self":[{"href":"https:\/\/roveyayinevi.com.tr\/index.php\/wp-json\/wp\/v2\/product\/751835","targetHints":{"allow":["GET"]}}],"collection":[{"href":"https:\/\/roveyayinevi.com.tr\/index.php\/wp-json\/wp\/v2\/product"}],"about":[{"href":"https:\/\/roveyayinevi.com.tr\/index.php\/wp-json\/wp\/v2\/types\/product"}],"wp:attachment":[{"href":"https:\/\/roveyayinevi.com.tr\/index.php\/wp-json\/wp\/v2\/media?parent=751835"}],"wp:term":[{"taxonomy":"product_brand","embeddable":true,"href":"https:\/\/roveyayinevi.com.tr\/index.php\/wp-json\/wp\/v2\/product_brand?post=751835"},{"taxonomy":"product_cat","embeddable":true,"href":"https:\/\/roveyayinevi.com.tr\/index.php\/wp-json\/wp\/v2\/product_cat?post=751835"},{"taxonomy":"product_tag","embeddable":true,"href":"https:\/\/roveyayinevi.com.tr\/index.php\/wp-json\/wp\/v2\/product_tag?post=751835"}],"curies":[{"name":"wp","href":"https:\/\/api.w.org\/{rel}","templated":true}]}}