{"id":751834,"date":"2025-08-28T05:00:14","date_gmt":"2025-08-28T02:00:14","guid":{"rendered":"https:\/\/roveyayinevi.com.tr\/index.php\/urun\/kaynak\/"},"modified":"2026-04-11T14:20:29","modified_gmt":"2026-04-11T11:20:29","slug":"kaynak","status":"publish","type":"product","link":"https:\/\/roveyayinevi.com.tr\/index.php\/urun\/kaynak\/","title":{"rendered":"Kaynak"},"content":{"rendered":"<p>\u201cDr. Tara Swart\u2019un yazd\u0131\u011f\u0131 Kaynak kitab\u0131, evrensel ger\u00e7ekleri bilimin titizli\u011fiyle bulu\u015fturuyor ve \u00c7ekim Yasas\u0131\u2019n\u0131 ikna edici bir bi\u00e7imde a\u00e7\u0131kl\u0131yor.\u201d Dr. Deepak Chopra   D\u00fcnyada ilk kez MIT \u00f6\u011fretim \u00fcyesi bir sinirbilimci, insan\u0131n kendini ke\u015ffetmesi i\u00e7in etkili bir ara\u00e7 olan \u00c7ekim Yasas\u0131\u2019n\u0131 destekleyen bilimi a\u00e7\u0131kl\u0131yor.   Bir\u00e7ok ki\u015fisel geli\u015fim kitab\u0131 \u00c7ekim Yasas\u0131 do\u011frultusunda zihnimizi yeniden \u015fekillendirerek kaderimizi de\u011fi\u015ftirebilece\u011fimizi s\u00f6yler. Milyonlarca insan, g\u00f6rselle\u015ftirme ve d\u0131\u015favurum sistemlerini kullanarak sa\u011fl\u0131k, ba\u015far\u0131, a\u015fk, arkada\u015fl\u0131k ve zenginlik elde ettiler. Fakat \u00c7ekim Yasas\u0131 ger\u00e7ekten i\u015fe yar\u0131yor mu? Daha da \u00f6nemlisi, hayat\u0131m\u0131z\u0131 tamamen de\u011fi\u015ftirebilecek bu d\u00fc\u015f\u00fcnce sistemi herkes i\u00e7in ge\u00e7erli olabilir mi?   MIT \u00f6\u011fretim \u00fcyesi, psikiyatrist ve sinirbilimci Dr. Tara Swart sinirbilim ve davran\u0131\u015fsal psikolojideki son geli\u015fmelerden yararlanarak, kendimizi s\u0131n\u0131rlad\u0131\u011f\u0131m\u0131z davran\u0131\u015flar\u0131m\u0131zdan kurtulabilece\u011fimizi ve ger\u00e7ek ki\u015fili\u011fimize ula\u015fabilece\u011fimizi g\u00f6steriyor. <\/p>\n","protected":false},"excerpt":{"rendered":"<p>\u201cDr. Tara Swart\u2019un yazd\u0131\u011f\u0131 Kaynak kitab\u0131, evrensel ger\u00e7ekleri bilimin titizli\u011fiyle bulu\u015fturuyor ve \u00c7ekim Yasas\u0131\u2019n\u0131 ikna edici bir bi\u00e7imde a\u00e7\u0131kl\u0131yor.\u201d Dr. Deepak Chopra D\u00fcnyada ilk kez MIT<span class=\"excerpt-hellip\"> [\u2026]<\/span><\/p>\n","protected":false},"featured_media":0,"template":"","meta":{"_monsterinsights_skip_tracking":false,"_monsterinsights_sitenote_active":false,"_monsterinsights_sitenote_note":"","_monsterinsights_sitenote_category":0},"product_brand":[],"product_cat":[12364,12376],"product_tag":[],"class_list":{"0":"post-751834","1":"product","2":"type-product","3":"status-publish","5":"product_cat-genel-konular","6":"product_cat-kisisel-gelisim","7":"pa_cilt-ciltsiz","8":"pa_tur-kitap","9":"pa_yayinevi-dogan-novus","10":"pa_yazar-tara-swart","12":"first","13":"instock","14":"sale","15":"shipping-taxable","16":"purchasable","17":"product-type-simple"},"_links":{"self":[{"href":"https:\/\/roveyayinevi.com.tr\/index.php\/wp-json\/wp\/v2\/product\/751834","targetHints":{"allow":["GET"]}}],"collection":[{"href":"https:\/\/roveyayinevi.com.tr\/index.php\/wp-json\/wp\/v2\/product"}],"about":[{"href":"https:\/\/roveyayinevi.com.tr\/index.php\/wp-json\/wp\/v2\/types\/product"}],"wp:attachment":[{"href":"https:\/\/roveyayinevi.com.tr\/index.php\/wp-json\/wp\/v2\/media?parent=751834"}],"wp:term":[{"taxonomy":"product_brand","embeddable":true,"href":"https:\/\/roveyayinevi.com.tr\/index.php\/wp-json\/wp\/v2\/product_brand?post=751834"},{"taxonomy":"product_cat","embeddable":true,"href":"https:\/\/roveyayinevi.com.tr\/index.php\/wp-json\/wp\/v2\/product_cat?post=751834"},{"taxonomy":"product_tag","embeddable":true,"href":"https:\/\/roveyayinevi.com.tr\/index.php\/wp-json\/wp\/v2\/product_tag?post=751834"}],"curies":[{"name":"wp","href":"https:\/\/api.w.org\/{rel}","templated":true}]}}