{"id":751833,"date":"2025-08-28T05:00:12","date_gmt":"2025-08-28T02:00:12","guid":{"rendered":"https:\/\/roveyayinevi.com.tr\/index.php\/urun\/guven-en-degerli-servet\/"},"modified":"2026-04-16T03:05:26","modified_gmt":"2026-04-16T00:05:26","slug":"guven-en-degerli-servet","status":"publish","type":"product","link":"https:\/\/roveyayinevi.com.tr\/index.php\/urun\/guven-en-degerli-servet\/","title":{"rendered":"G\u00fcven En De\u011ferli Servet"},"content":{"rendered":"<p>\u201cEvet; en de\u011ferli servet, g\u00fcven kazanmak. Bu \u2018Bana g\u00fcvenin\u2019 demekle olmaz. G\u00fcven, zamanla olu\u015fur; insan\u0131n ismiyle b\u00fct\u00fcnle\u015fir. G\u00fcveninizin sars\u0131lmas\u0131na yol a\u00e7t\u0131\u011f\u0131n\u0131z an, isminize ihanet etmi\u015f olursunuz. Oysa, buna hi\u00e7 kimsenin hakk\u0131 yok. Peki, g\u00fcven nas\u0131l sars\u0131l\u0131r? \u00d6nce; verilen s\u00f6zden vazge\u00e7erek. Sonra; bir \u00fcr\u00fcn im\u00e2l ediyorsan\u0131z, kaliteyi d\u00fc\u015f\u00fcrerek&#8230; Mutlu ve huzurlu ya\u015famak istiyorsan\u0131z, size duyulan g\u00fcveni, daima g\u00f6z\u00fcn\u00fcz gibi koruman\u0131z gerekir.\u201d -As\u0131m Kibar <\/p>\n","protected":false},"excerpt":{"rendered":"<p>\u201cEvet; en de\u011ferli servet, g\u00fcven kazanmak. Bu \u2018Bana g\u00fcvenin\u2019 demekle olmaz. G\u00fcven, zamanla olu\u015fur; insan\u0131n ismiyle b\u00fct\u00fcnle\u015fir. G\u00fcveninizin sars\u0131lmas\u0131na yol a\u00e7t\u0131\u011f\u0131n\u0131z an, isminize ihanet etmi\u015f olursunuz.<span class=\"excerpt-hellip\"> [\u2026]<\/span><\/p>\n","protected":false},"featured_media":0,"template":"","meta":{"_monsterinsights_skip_tracking":false,"_monsterinsights_sitenote_active":false,"_monsterinsights_sitenote_note":"","_monsterinsights_sitenote_category":0},"product_brand":[],"product_cat":[14009,12291],"product_tag":[],"class_list":{"0":"post-751833","1":"product","2":"type-product","3":"status-publish","5":"product_cat-biyografi-otobiyografi-edebiyat","6":"product_cat-edebiyat","7":"pa_cilt-ciltsiz","8":"pa_tur-kitap","9":"pa_yayinevi-dogan-kitap","10":"pa_yazar-asim-kibar","12":"first","13":"instock","14":"sale","15":"shipping-taxable","16":"purchasable","17":"product-type-simple"},"_links":{"self":[{"href":"https:\/\/roveyayinevi.com.tr\/index.php\/wp-json\/wp\/v2\/product\/751833","targetHints":{"allow":["GET"]}}],"collection":[{"href":"https:\/\/roveyayinevi.com.tr\/index.php\/wp-json\/wp\/v2\/product"}],"about":[{"href":"https:\/\/roveyayinevi.com.tr\/index.php\/wp-json\/wp\/v2\/types\/product"}],"wp:attachment":[{"href":"https:\/\/roveyayinevi.com.tr\/index.php\/wp-json\/wp\/v2\/media?parent=751833"}],"wp:term":[{"taxonomy":"product_brand","embeddable":true,"href":"https:\/\/roveyayinevi.com.tr\/index.php\/wp-json\/wp\/v2\/product_brand?post=751833"},{"taxonomy":"product_cat","embeddable":true,"href":"https:\/\/roveyayinevi.com.tr\/index.php\/wp-json\/wp\/v2\/product_cat?post=751833"},{"taxonomy":"product_tag","embeddable":true,"href":"https:\/\/roveyayinevi.com.tr\/index.php\/wp-json\/wp\/v2\/product_tag?post=751833"}],"curies":[{"name":"wp","href":"https:\/\/api.w.org\/{rel}","templated":true}]}}