{"id":751826,"date":"2025-08-28T04:59:31","date_gmt":"2025-08-28T01:59:31","guid":{"rendered":"https:\/\/roveyayinevi.com.tr\/index.php\/urun\/2000lerden-sonraki-populer-turk-romanciliginin-aracsal-goruntusu\/"},"modified":"2026-04-16T03:05:26","modified_gmt":"2026-04-16T00:05:26","slug":"2000lerden-sonraki-populer-turk-romanciliginin-aracsal-goruntusu","status":"publish","type":"product","link":"https:\/\/roveyayinevi.com.tr\/index.php\/urun\/2000lerden-sonraki-populer-turk-romanciliginin-aracsal-goruntusu\/","title":{"rendered":"2000&#8217;lerden Sonraki Pop\u00fcler T\u00fcrk Romanc\u0131l\u0131\u011f\u0131n\u0131n &#8220;Ara\u00e7sal&#8221; G\u00f6r\u00fcnt\u00fcs\u00fc"},"content":{"rendered":"<p>\u0130\u00e7indekiler     B\u0130R\u0130NC\u0130 B\u00d6L\u00dcM 2000\u2019LERDEN SONRA POP\u00dcLER T\u00dcRK ROMANLARININ \u201cARA\u00c7SAL\u201d G\u00d6R\u00dcNT\u00dcS\u00dc 1. Pop\u00fcler K\u00fclt\u00fcr ve \u0130\u015flevselli\u011fi 2. Pop\u00fcler K\u00fclt\u00fcr\u00fcn Ara\u00e7salla\u015fmas\u0131 3. Pop\u00fcler K\u00fclt\u00fcr, Edebiyat ve Roman 4. 2000\u2019lere Kadar Pop\u00fcler T\u00fcrk Romanc\u0131l\u0131\u011f\u0131 5. 2000\u2019lerden Sonraki Pop\u00fcler T\u00fcrk Romanc\u0131l\u0131\u011f\u0131   \u0130K\u0130NC\u0130 B\u00d6L\u00dcM 2000\u2019LERDEN SONRA POP\u00dcLER T\u00dcRK ROMANLARININ \u201cARA\u00c7SAL\u201d G\u00d6R\u00dcNT\u00dcS\u00dc 1. Pop\u00fcler Siyasi Romanlar 1.1. \u015eu \u00c7\u0131lg\u0131n T\u00fcrkler\u2019in Ara\u00e7sal G\u00f6r\u00fcnt\u00fcs\u00fc 2. Pop\u00fcler Din\u00ee Romanlar 2.1. A\u015fk\u0131n G\u00f6zya\u015flar\u0131 Tebrizli \u015eems\u2019in Ara\u00e7sal G\u00f6r\u00fcnt\u00fcs\u00fc 3. Pop\u00fcler Polisiye Romanlar 3.1. Bab-\u0131 Esrar\u2019\u0131n Ara\u00e7sal G\u00f6r\u00fcnt\u00fcs\u00fc 4. Pop\u00fcler A\u015fk Romanlar\u0131 4.1. A\u015fk\u2019\u0131n Ara\u00e7sal G\u00f6r\u00fcnt\u00fcs\u00fc   5. Pop\u00fcler Tarih\u00ee Romanlar 5.1. Bozk\u0131r\u0131n S\u0131rr\u0131 T\u00fcrk Peygamber\u2019in Ara\u00e7sal G\u00f6r\u00fcnt\u00fcs\u00fc 6. Akademisyen Romanc\u0131lar 6.1. Babil\u2019de \u00d6l\u00fcm \u0130stanbul\u2019da A\u015fk\u2019\u0131n Ara\u00e7sal G\u00f6r\u00fcnt\u00fcs\u00fc 7. Pop\u00fcler Kad\u0131n Romanlar\u0131 7.1. \u0130ki Gen\u00e7 K\u0131z\u0131n Roman\u2019\u0131n\u0131n Ara\u00e7sal G\u00f6r\u00fcnt\u00fcs\u00fc 8. Pop\u00fcler Sava\u015f Romanlar\u0131     8.1. Metal F\u0131rt\u0131na\u2019n\u0131n Ara\u00e7sal G\u00f6r\u00fcnt\u00fcs\u00fc<\/p>\n","protected":false},"excerpt":{"rendered":"<p>\u0130\u00e7indekiler B\u0130R\u0130NC\u0130 B\u00d6L\u00dcM 2000\u2019LERDEN SONRA POP\u00dcLER T\u00dcRK ROMANLARININ \u201cARA\u00c7SAL\u201d G\u00d6R\u00dcNT\u00dcS\u00dc 1. Pop\u00fcler K\u00fclt\u00fcr ve \u0130\u015flevselli\u011fi 2. Pop\u00fcler K\u00fclt\u00fcr\u00fcn Ara\u00e7salla\u015fmas\u0131 3. Pop\u00fcler K\u00fclt\u00fcr, Edebiyat ve Roman 4.<span class=\"excerpt-hellip\"> [\u2026]<\/span><\/p>\n","protected":false},"featured_media":0,"template":"","meta":{"_monsterinsights_skip_tracking":false,"_monsterinsights_sitenote_active":false,"_monsterinsights_sitenote_note":"","_monsterinsights_sitenote_category":0},"product_brand":[],"product_cat":[12573,12566],"product_tag":[],"class_list":{"0":"post-751826","1":"product","2":"type-product","3":"status-publish","5":"product_cat-akademik-kitaplar","6":"product_cat-egitim","7":"pa_cilt-ciltsiz","8":"pa_tur-kitap","9":"pa_yayinevi-gazi-kitabevi","10":"pa_yazar-elif-sayar","12":"first","13":"instock","14":"sale","15":"shipping-taxable","16":"purchasable","17":"product-type-simple"},"_links":{"self":[{"href":"https:\/\/roveyayinevi.com.tr\/index.php\/wp-json\/wp\/v2\/product\/751826","targetHints":{"allow":["GET"]}}],"collection":[{"href":"https:\/\/roveyayinevi.com.tr\/index.php\/wp-json\/wp\/v2\/product"}],"about":[{"href":"https:\/\/roveyayinevi.com.tr\/index.php\/wp-json\/wp\/v2\/types\/product"}],"wp:attachment":[{"href":"https:\/\/roveyayinevi.com.tr\/index.php\/wp-json\/wp\/v2\/media?parent=751826"}],"wp:term":[{"taxonomy":"product_brand","embeddable":true,"href":"https:\/\/roveyayinevi.com.tr\/index.php\/wp-json\/wp\/v2\/product_brand?post=751826"},{"taxonomy":"product_cat","embeddable":true,"href":"https:\/\/roveyayinevi.com.tr\/index.php\/wp-json\/wp\/v2\/product_cat?post=751826"},{"taxonomy":"product_tag","embeddable":true,"href":"https:\/\/roveyayinevi.com.tr\/index.php\/wp-json\/wp\/v2\/product_tag?post=751826"}],"curies":[{"name":"wp","href":"https:\/\/api.w.org\/{rel}","templated":true}]}}