{"id":751825,"date":"2025-08-28T04:59:30","date_gmt":"2025-08-28T01:59:30","guid":{"rendered":"https:\/\/roveyayinevi.com.tr\/index.php\/urun\/temasli-ve-temassiz-sporcularin-denge-reaksiyon-zamani-ve-coklu-zeka-becerilerinin-incelenmesi\/"},"modified":"2026-04-16T03:05:26","modified_gmt":"2026-04-16T00:05:26","slug":"temasli-ve-temassiz-sporcularin-denge-reaksiyon-zamani-ve-coklu-zeka-becerilerinin-incelenmesi","status":"publish","type":"product","link":"https:\/\/roveyayinevi.com.tr\/index.php\/urun\/temasli-ve-temassiz-sporcularin-denge-reaksiyon-zamani-ve-coklu-zeka-becerilerinin-incelenmesi\/","title":{"rendered":"Temasl\u0131 ve Temass\u0131z Sporcular\u0131n Denge, Reaksiyon Zaman\u0131 ve \u00c7oklu Zeka Becerilerinin \u0130ncelenmesi"},"content":{"rendered":"<p>\u0130\u00e7indekiler     1. G\u0130R\u0130\u015e 2. GENEL B\u0130LG\u0130LER 2.1. M\u00fccadele Sporu ve Temass\u0131z Spor 2.1.1. Spor kat\u0131l\u0131m\u0131n\u0131n geli\u015fimsel modeli (DMSP) 2.2. Denge 2.2.1. Proprioseptif sistem 2.2.2. Viz\u00fcel sistem 2.2.3. Vestib\u00fcler sistem 2.2.4. Denge \u00e7e\u015fitleri ve \u00f6l\u00e7\u00fcm metodlar\u0131 2.3. Reaksiyon Zaman\u0131 2.4. Zeka 2.5. M\u00fccadele Sporu ve Temass\u0131z Sporda Denge, Reaksiyon Zaman\u0131 ve Zeka Ara\u015ft\u0131rmalar\u0131 Literat\u00fcr \u0130nceleme 3. Y\u00d6NTEM 3.1. Ara\u015ft\u0131rman\u0131n Kapsam\u0131 3.2. Ara\u015ft\u0131rman\u0131n S\u0131n\u0131rl\u0131l\u0131klar\u0131 3.3. Ara\u015ft\u0131rman\u0131n Konusu 3.4. Ara\u015ft\u0131rman\u0131n Ama\u00e7 ve \u00d6nemi 3.5. Ara\u015ft\u0131rma Modeli 3.6. \u00c7al\u0131\u015fma Grubu 3.7. Veri Toplama Ara\u00e7 ve Teknikleri 3.7.1. Bilgisayarl\u0131 dinamik post\u00fcrografi (BDP) 3.7.2. Flamingo 3.7.3. Y denge testi 3.7.4. Reaksiyon zaman\u0131 \u00f6l\u00e7\u00fcm\u00fc 3.7.5. \u00c7oklu zeka \u00f6l\u00e7e\u011fi 3.8. Verilerin Analizi 4. BULGULAR 5. TARTI\u015eMA 5.1. Statik ve Dinamik Denge 5.2. Denge, Reaksiyon Zaman\u0131 ve Zeka 6. SONU\u00c7 VE \u00d6NER\u0130LER KAYNAKLAR <\/p>\n","protected":false},"excerpt":{"rendered":"<p>\u0130\u00e7indekiler 1. G\u0130R\u0130\u015e 2. GENEL B\u0130LG\u0130LER 2.1. M\u00fccadele Sporu ve Temass\u0131z Spor 2.1.1. Spor kat\u0131l\u0131m\u0131n\u0131n geli\u015fimsel modeli (DMSP) 2.2. Denge 2.2.1. Proprioseptif sistem 2.2.2. Viz\u00fcel sistem<span class=\"excerpt-hellip\"> [\u2026]<\/span><\/p>\n","protected":false},"featured_media":0,"template":"","meta":{"_monsterinsights_skip_tracking":false,"_monsterinsights_sitenote_active":false,"_monsterinsights_sitenote_note":"","_monsterinsights_sitenote_category":0},"product_brand":[],"product_cat":[15563,15564],"product_tag":[],"class_list":{"0":"post-751825","1":"product","2":"type-product","3":"status-publish","5":"product_cat-hobi","6":"product_cat-spor","7":"pa_cilt-ciltsiz","8":"pa_tur-kitap","9":"pa_yayinevi-gazi-kitabevi","10":"pa_yazar-fatma-tokat","12":"first","13":"instock","14":"sale","15":"shipping-taxable","16":"purchasable","17":"product-type-simple"},"_links":{"self":[{"href":"https:\/\/roveyayinevi.com.tr\/index.php\/wp-json\/wp\/v2\/product\/751825","targetHints":{"allow":["GET"]}}],"collection":[{"href":"https:\/\/roveyayinevi.com.tr\/index.php\/wp-json\/wp\/v2\/product"}],"about":[{"href":"https:\/\/roveyayinevi.com.tr\/index.php\/wp-json\/wp\/v2\/types\/product"}],"wp:attachment":[{"href":"https:\/\/roveyayinevi.com.tr\/index.php\/wp-json\/wp\/v2\/media?parent=751825"}],"wp:term":[{"taxonomy":"product_brand","embeddable":true,"href":"https:\/\/roveyayinevi.com.tr\/index.php\/wp-json\/wp\/v2\/product_brand?post=751825"},{"taxonomy":"product_cat","embeddable":true,"href":"https:\/\/roveyayinevi.com.tr\/index.php\/wp-json\/wp\/v2\/product_cat?post=751825"},{"taxonomy":"product_tag","embeddable":true,"href":"https:\/\/roveyayinevi.com.tr\/index.php\/wp-json\/wp\/v2\/product_tag?post=751825"}],"curies":[{"name":"wp","href":"https:\/\/api.w.org\/{rel}","templated":true}]}}