{"id":751824,"date":"2025-08-28T04:59:28","date_gmt":"2025-08-28T01:59:28","guid":{"rendered":"https:\/\/roveyayinevi.com.tr\/index.php\/urun\/renksiz-cilt-1-somizli\/"},"modified":"2026-04-16T03:05:26","modified_gmt":"2026-04-16T00:05:26","slug":"renksiz-cilt-1-somizli","status":"publish","type":"product","link":"https:\/\/roveyayinevi.com.tr\/index.php\/urun\/renksiz-cilt-1-somizli\/","title":{"rendered":"Renksiz Cilt 1 (\u015e\u00f6mizli)"},"content":{"rendered":"<p>D\u00dcNYA B\u00dcY\u00dcK B\u0130R G\u00dcNE\u015e PATLAMASIYLA B\u00dcT\u00dcN RENKLER\u0130N\u0130 KAYBETT\u0130.   \u0130nsano\u011flu ba\u015fkala\u015f\u0131m ge\u00e7irip b\u00fcy\u00fck gerileme ya\u015fad\u0131. Eski d\u00fcnyay\u0131 geri kazanman\u0131n anahtar\u0131 ise renklerin g\u00fcc\u00fcnde ve bir k\u0131zda sakl\u0131d\u0131r. D\u00fcnyada kalan renk par\u00e7ac\u0131klar\u0131n\u0131n b\u00fcy\u00fck g\u00fc\u00e7 bar\u0131nd\u0131rd\u0131\u011f\u0131n\u0131 bilen ve bu alanda ara\u015ft\u0131rmalar yapan Avidia, &#8220;K\u0131z\u0131&#8221; korurken bir yandan da renklerin g\u00fcc\u00fcn\u00fc eline ge\u00e7irmeye \u00e7al\u0131\u015fan tarikata kafa tutuyor.<\/p>\n","protected":false},"excerpt":{"rendered":"<p>D\u00dcNYA B\u00dcY\u00dcK B\u0130R G\u00dcNE\u015e PATLAMASIYLA B\u00dcT\u00dcN RENKLER\u0130N\u0130 KAYBETT\u0130. \u0130nsano\u011flu ba\u015fkala\u015f\u0131m ge\u00e7irip b\u00fcy\u00fck gerileme ya\u015fad\u0131. Eski d\u00fcnyay\u0131 geri kazanman\u0131n anahtar\u0131 ise renklerin g\u00fcc\u00fcnde ve bir k\u0131zda sakl\u0131d\u0131r.<span class=\"excerpt-hellip\"> [\u2026]<\/span><\/p>\n","protected":false},"featured_media":0,"template":"","meta":{"_monsterinsights_skip_tracking":false,"_monsterinsights_sitenote_active":false,"_monsterinsights_sitenote_note":"","_monsterinsights_sitenote_category":0},"product_brand":[],"product_cat":[12416,12291],"product_tag":[],"class_list":{"0":"post-751824","1":"product","2":"type-product","3":"status-publish","5":"product_cat-cizgi-roman","6":"product_cat-edebiyat","7":"pa_cilt-ciltsiz","8":"pa_tur-kitap","9":"pa_yayinevi-kayip-kita-yayinlari","10":"pa_yazar-kent","12":"first","13":"instock","14":"sale","15":"shipping-taxable","16":"purchasable","17":"product-type-simple"},"_links":{"self":[{"href":"https:\/\/roveyayinevi.com.tr\/index.php\/wp-json\/wp\/v2\/product\/751824","targetHints":{"allow":["GET"]}}],"collection":[{"href":"https:\/\/roveyayinevi.com.tr\/index.php\/wp-json\/wp\/v2\/product"}],"about":[{"href":"https:\/\/roveyayinevi.com.tr\/index.php\/wp-json\/wp\/v2\/types\/product"}],"wp:attachment":[{"href":"https:\/\/roveyayinevi.com.tr\/index.php\/wp-json\/wp\/v2\/media?parent=751824"}],"wp:term":[{"taxonomy":"product_brand","embeddable":true,"href":"https:\/\/roveyayinevi.com.tr\/index.php\/wp-json\/wp\/v2\/product_brand?post=751824"},{"taxonomy":"product_cat","embeddable":true,"href":"https:\/\/roveyayinevi.com.tr\/index.php\/wp-json\/wp\/v2\/product_cat?post=751824"},{"taxonomy":"product_tag","embeddable":true,"href":"https:\/\/roveyayinevi.com.tr\/index.php\/wp-json\/wp\/v2\/product_tag?post=751824"}],"curies":[{"name":"wp","href":"https:\/\/api.w.org\/{rel}","templated":true}]}}