{"id":751823,"date":"2025-08-28T04:59:27","date_gmt":"2025-08-28T01:59:27","guid":{"rendered":"https:\/\/roveyayinevi.com.tr\/index.php\/urun\/erkeklikle-zehirlenmis-erkek\/"},"modified":"2026-04-16T03:05:26","modified_gmt":"2026-04-16T00:05:26","slug":"erkeklikle-zehirlenmis-erkek","status":"publish","type":"product","link":"https:\/\/roveyayinevi.com.tr\/index.php\/urun\/erkeklikle-zehirlenmis-erkek\/","title":{"rendered":"Erkeklik\u201dle Zehirlenmi\u015f Erkek"},"content":{"rendered":"<p>\u201cErkekli\u011fe dair sak\u0131ncal\u0131 fikirlerle bo\u011fu\u015fan bir d\u00fcnyada, \u201cErkeklik\u201dle Zehirlenmi\u015f Erkek aciliyetle ihtiya\u00e7 duydu\u011fumuz bir can simidi. Bilgelik, k\u0131r\u0131lganl\u0131k, g\u00fcven ve e\u011flenceyi ayn\u0131 anda i\u00e7inde bar\u0131nd\u0131ran bu eser bir\u00e7ok hayat\u0131 \u00f6zg\u00fcrle\u015ftirecek, say\u0131s\u0131z ili\u015fkiyi kurtaracak ve hepimizi daha y\u00fcksek seviyelere ta\u015f\u0131yacak.\u201d \u2014Glennon Doyle, New York Times bestseller yazar\u0131   Derdi \u201cerkeklik\u201d olan bu sayfalar\u0131n yazar\u0131 Justin Baldoni bir ara\u015ft\u0131rmac\u0131 ya da akademisyen de\u011fil. Ba\u015far\u0131l\u0131 bir oyunculuk kariyerine ve g\u00f6rece iyi bir hayata sahipken kendi erkekli\u011fiyle ve erkekli\u011finin imtiyazlar\u0131yla y\u00fczle\u015fmeye kalk\u0131\u015fm\u0131\u015f birisi. \u201cErkeklik\u201dle Zehirlenmi\u015f Erkek\u2019te yapmaya \u00e7al\u0131\u015ft\u0131\u011f\u0131 \u015fey de bu. Samimi bir \u00e7abayla girdi\u011fi ser\u00fcvenini anla\u015f\u0131l\u0131r bir dille okuyucuya aktar\u0131yor. Yine de elimizde baya\u011f\u0131 bir hat\u0131rat yok. Sistemli, insicaml\u0131 bir toksik mask\u00fclenlik reddiyesi var. G\u00fcn\u00fcm\u00fczde toksik mask\u00fclenlik azalm\u0131yor, aksine daha da biti kanlan\u0131yor. Redpill muhabbetleri, alfa\/sigma erkek literat\u00fcr\u00fc muhtelif internet kuytular\u0131na has anlam haritalar\u0131 de\u011fil art\u0131k. Haliyle, b\u00f6yle bir zamanda bu gibi kitaplara hi\u00e7 olmad\u0131\u011f\u0131 kadar \u00e7ok ihtiya\u00e7 var. \u201cErkeklik\u201dle Zehirlenmi\u015f Erkek, kendi erkekli\u011fiyle m\u00fccadele etme c\u00fcretini g\u00f6sterebilen erkeklerin kitapl\u0131klar\u0131nda kendine yer ar\u0131yor.<\/p>\n","protected":false},"excerpt":{"rendered":"<p>\u201cErkekli\u011fe dair sak\u0131ncal\u0131 fikirlerle bo\u011fu\u015fan bir d\u00fcnyada, \u201cErkeklik\u201dle Zehirlenmi\u015f Erkek aciliyetle ihtiya\u00e7 duydu\u011fumuz bir can simidi. Bilgelik, k\u0131r\u0131lganl\u0131k, g\u00fcven ve e\u011flenceyi ayn\u0131 anda i\u00e7inde bar\u0131nd\u0131ran bu<span class=\"excerpt-hellip\"> [\u2026]<\/span><\/p>\n","protected":false},"featured_media":0,"template":"","meta":{"_monsterinsights_skip_tracking":false,"_monsterinsights_sitenote_active":false,"_monsterinsights_sitenote_note":"","_monsterinsights_sitenote_category":0},"product_brand":[],"product_cat":[12357],"product_tag":[],"class_list":{"0":"post-751823","1":"product","2":"type-product","3":"status-publish","5":"product_cat-psikoloji","6":"pa_cilt-ciltsiz","7":"pa_tur-kitap","8":"pa_yayinevi-okuyan-us-yayin","9":"pa_yazar-justin-baldoni","11":"first","12":"instock","13":"sale","14":"shipping-taxable","15":"purchasable","16":"product-type-simple"},"_links":{"self":[{"href":"https:\/\/roveyayinevi.com.tr\/index.php\/wp-json\/wp\/v2\/product\/751823","targetHints":{"allow":["GET"]}}],"collection":[{"href":"https:\/\/roveyayinevi.com.tr\/index.php\/wp-json\/wp\/v2\/product"}],"about":[{"href":"https:\/\/roveyayinevi.com.tr\/index.php\/wp-json\/wp\/v2\/types\/product"}],"wp:attachment":[{"href":"https:\/\/roveyayinevi.com.tr\/index.php\/wp-json\/wp\/v2\/media?parent=751823"}],"wp:term":[{"taxonomy":"product_brand","embeddable":true,"href":"https:\/\/roveyayinevi.com.tr\/index.php\/wp-json\/wp\/v2\/product_brand?post=751823"},{"taxonomy":"product_cat","embeddable":true,"href":"https:\/\/roveyayinevi.com.tr\/index.php\/wp-json\/wp\/v2\/product_cat?post=751823"},{"taxonomy":"product_tag","embeddable":true,"href":"https:\/\/roveyayinevi.com.tr\/index.php\/wp-json\/wp\/v2\/product_tag?post=751823"}],"curies":[{"name":"wp","href":"https:\/\/api.w.org\/{rel}","templated":true}]}}